{"id":486,"date":"2020-09-30T01:23:58","date_gmt":"2020-09-30T01:23:58","guid":{"rendered":"https:\/\/www.inwings.net\/shinkai\/?page_id=486"},"modified":"2022-01-29T12:57:47","modified_gmt":"2022-01-29T12:57:47","slug":"food-and-beverage","status":"publish","type":"page","link":"https:\/\/www.shinkaifilter.com\/fr\/applications\/food-and-beverage\/","title":{"rendered":"Food and Beverage"},"content":{"rendered":"\t\t<div data-elementor-type=\"wp-page\" data-elementor-id=\"486\" class=\"elementor elementor-486\">\n\t\t\t\t\t\t<div class=\"elementor-inner\">\n\t\t\t\t<div class=\"elementor-section-wrap\">\n\t\t\t\t\t\t\t\t\t<section class=\"elementor-section elementor-top-section elementor-element elementor-element-2e5129c elementor-section-stretched elementor-section-boxed elementor-section-height-default elementor-section-height-default\" data-id=\"2e5129c\" data-element_type=\"section\" data-settings=\"{&quot;stretch_section&quot;:&quot;section-stretched&quot;,&quot;background_background&quot;:&quot;classic&quot;}\">\n\t\t\t\t\t\t<div class=\"elementor-container elementor-column-gap-default\">\n\t\t\t\t\t\t\t<div class=\"elementor-row\">\n\t\t\t\t\t<div class=\"elementor-column elementor-col-100 elementor-top-column elementor-element elementor-element-446bf75\" data-id=\"446bf75\" data-element_type=\"column\">\n\t\t\t<div class=\"elementor-column-wrap elementor-element-populated\">\n\t\t\t\t\t\t\t<div class=\"elementor-widget-wrap\">\n\t\t\t\t\t\t\t\t<\/div>\n\t\t\t\t\t<\/div>\n\t\t<\/div>\n\t\t\t\t\t\t\t\t<\/div>\n\t\t\t\t\t<\/div>\n\t\t<\/section>\n\t\t\t\t<section class=\"elementor-section elementor-top-section elementor-element elementor-element-8e2f679 elementor-section-boxed elementor-section-height-default elementor-section-height-default\" data-id=\"8e2f679\" data-element_type=\"section\">\n\t\t\t\t\t\t<div class=\"elementor-container elementor-column-gap-default\">\n\t\t\t\t\t\t\t<div class=\"elementor-row\">\n\t\t\t\t\t<div class=\"elementor-column elementor-col-50 elementor-top-column elementor-element elementor-element-ace0d06\" data-id=\"ace0d06\" data-element_type=\"column\">\n\t\t\t<div class=\"elementor-column-wrap elementor-element-populated\">\n\t\t\t\t\t\t\t<div class=\"elementor-widget-wrap\">\n\t\t\t\t\t\t<div class=\"elementor-element elementor-element-486480d elementor-widget elementor-widget-heading\" data-id=\"486480d\" data-element_type=\"widget\" data-widget_type=\"heading.default\">\n\t\t\t\t<div class=\"elementor-widget-container\">\n\t\t\t<h1 class=\"elementor-heading-title elementor-size-default\">Nourriture et boisson\n<\/h1>\t\t<\/div>\n\t\t\t\t<\/div>\n\t\t\t\t<div class=\"elementor-element elementor-element-d415e86 elementor-widget elementor-widget-text-editor\" data-id=\"d415e86\" data-element_type=\"widget\" data-widget_type=\"text-editor.default\">\n\t\t\t\t<div class=\"elementor-widget-container\">\n\t\t\t\t\t\t\t\t<div class=\"elementor-text-editor elementor-clearfix\">\n\t\t\t\t<p>L&#8217;\u00e9l\u00e9ment filtrant en poudre de m\u00e9tal fritt\u00e9 utilis\u00e9 dans le projet de production d&#8217;aliments et de boissons peut r\u00e9pondre aux exigences d&#8217;hygi\u00e8ne de qualit\u00e9 alimentaire et le mat\u00e9riau ne se d\u00e9croche pas, il peut donc \u00eatre utilis\u00e9 en toute s\u00e9curit\u00e9.<\/p>\n<p><img class=\"alignnone size-full wp-image-1495\" style=\"color: inherit; font-family: inherit; font-size: 1rem;\" src=\"https:\/\/www.shinkaifilter.com\/wp-content\/uploads\/2020\/10\/Food-and-Beverage-10.20.jpg\" alt=\"\" width=\"791\" height=\"565\" srcset=\"https:\/\/www.shinkaifilter.com\/fr\/wp-content\/uploads\/2020\/10\/Food-and-Beverage-10.20.jpg 791w, https:\/\/www.shinkaifilter.com\/fr\/wp-content\/uploads\/2020\/10\/Food-and-Beverage-10.20-300x214.jpg 300w, https:\/\/www.shinkaifilter.com\/fr\/wp-content\/uploads\/2020\/10\/Food-and-Beverage-10.20-768x549.jpg 768w\" sizes=\"(max-width: 791px) 100vw, 791px\" \/><\/p>\n<p>Avec l&#8217;am\u00e9lioration du niveau de vie des gens, des aliments et des boissons de haute qualit\u00e9 sont progressivement devenus une vision, et la technologie de s\u00e9paration devient de plus en plus importante dans l&#8217;industrie agroalimentaire. Dans l&#8217;ing\u00e9nierie de la production d&#8217;aliments et de boissons, un grand nombre de mat\u00e9riaux poreux m\u00e9talliques Shinkai peuvent \u00eatre utilis\u00e9s pour la filtration et la purification.<\/p>\n<p><strong>Des produits<\/strong><br>\u25cf Filtre \u00e0 membrane en m\u00e9tal fritt\u00e9<br>\u25cf Filtre de produit<br>\u25cf Filtre \u00e0 flux crois\u00e9<br>\u25cf Filtre \u00e0 gaz chaud<br>\u25cf \u00c9l\u00e9ment XKP-AX en poudre m\u00e9tallique fritt\u00e9e<br>\u25cf \u00c9l\u00e9ment XKP-TIS ultrafin en m\u00e9tal fritt\u00e9&#8221;<\/p>\n<p><strong>Propri\u00e9t\u00e9s<\/strong><br>\u25cf Bonne pr\u00e9cision de filtrage (0,1 \u00b5m \u00e0 10 \u00b5m)<br>\u25cf Conforme aux m\u00e9thodes de validation GMP<br>\u25cf R\u00e9sistance thermique suffisante jusqu&#8217;\u00e0 900\u2103<br>\u25cf Stabilit\u00e9 de forme, composants \u00e0 haute r\u00e9sistance (r\u00e9sistance \u00e0 la pression suffisante jusqu&#8217;\u00e0 50 bars)<br>\u25cf Haute r\u00e9sistance \u00e0 la corrosion<br>\u25cf Perm\u00e9abilit\u00e9 et r\u00e9tention de particules d\u00e9finies<br>\u25cf Bonnes performances de lavage \u00e0 contre-courant&#8221;<\/p>\n<p><strong>Applications<\/strong><br>\u25cf Filtration d&#8217;eau potable<br>\n\u25cf Filtration \u00e0 la vapeur<br>\n\u25cf Filtration floqu\u00e9e<br>\n\u25cf Barbotage de bio-fermentation&#8221;<\/p>\t\t\t\t\t<\/div>\n\t\t\t\t\t\t<\/div>\n\t\t\t\t<\/div>\n\t\t\t\t\t\t<\/div>\n\t\t\t\t\t<\/div>\n\t\t<\/div>\n\t\t\t\t<div class=\"elementor-column elementor-col-50 elementor-top-column elementor-element elementor-element-0ed6d92\" data-id=\"0ed6d92\" data-element_type=\"column\">\n\t\t\t<div class=\"elementor-column-wrap elementor-element-populated\">\n\t\t\t\t\t\t\t<div class=\"elementor-widget-wrap\">\n\t\t\t\t\t\t<div class=\"elementor-element elementor-element-18257b8 elementor-widget elementor-widget-ppm-menu\" data-id=\"18257b8\" data-element_type=\"widget\" data-widget_type=\"ppm-menu.default\">\n\t\t\t\t<div class=\"elementor-widget-container\">\n\t\t\t<div class=\"special-nav\">\n            <h3 class=\"special-nav-menu-title\">Applications<\/h3>\n            <div class=\"menu-applications-menu-container\"><ul id=\"menu-applications-menu\" class=\"menu\"><li id=\"menu-item-503\" class=\"menu-item menu-item-type-post_type menu-item-object-page menu-item-503\"><a href=\"https:\/\/www.shinkaifilter.com\/fr\/applications\/fine-chemical\/\">Chimie fine<\/a><\/li>\n<li id=\"menu-item-502\" class=\"menu-item menu-item-type-post_type menu-item-object-page menu-item-502\"><a href=\"https:\/\/www.shinkaifilter.com\/fr\/applications\/petrochemical\/\">P\u00e9trochimique<\/a><\/li>\n<li id=\"menu-item-501\" class=\"menu-item menu-item-type-post_type menu-item-object-page menu-item-501\"><a href=\"https:\/\/www.shinkaifilter.com\/fr\/applications\/aerospace-defense\/\">A\u00e9rospatial et D\u00e9fense<\/a><\/li>\n<li id=\"menu-item-500\" class=\"menu-item menu-item-type-post_type menu-item-object-page menu-item-500\"><a href=\"https:\/\/www.shinkaifilter.com\/fr\/applications\/instrument\/\">Instrument<\/a><\/li>\n<li id=\"menu-item-499\" class=\"menu-item menu-item-type-post_type menu-item-object-page menu-item-499\"><a href=\"https:\/\/www.shinkaifilter.com\/fr\/applications\/silicon\/\">Silicium<\/a><\/li>\n<li id=\"menu-item-498\" class=\"menu-item menu-item-type-post_type menu-item-object-page menu-item-498\"><a href=\"https:\/\/www.shinkaifilter.com\/fr\/applications\/coal-chemical\/\">Charbon Chimique<\/a><\/li>\n<li id=\"menu-item-497\" class=\"menu-item menu-item-type-post_type menu-item-object-page menu-item-497\"><a href=\"https:\/\/www.shinkaifilter.com\/fr\/applications\/lithium-battery-new-energy\/\">Batterie au lithium Nouvelle \u00e9nergie<\/a><\/li>\n<li id=\"menu-item-496\" class=\"menu-item menu-item-type-post_type menu-item-object-page menu-item-496\"><a href=\"https:\/\/www.shinkaifilter.com\/fr\/applications\/food-and-beverage\/\">Nourriture et boisson<\/a><\/li>\n<\/ul><\/div>\n        <\/div>\t\t<\/div>\n\t\t\t\t<\/div>\n\t\t\t\t\t\t<\/div>\n\t\t\t\t\t<\/div>\n\t\t<\/div>\n\t\t\t\t\t\t\t\t<\/div>\n\t\t\t\t\t<\/div>\n\t\t<\/section>\n\t\t\t\t<section class=\"elementor-section elementor-top-section elementor-element elementor-element-5869aa2 elementor-section-boxed elementor-section-height-default elementor-section-height-default\" data-id=\"5869aa2\" data-element_type=\"section\">\n\t\t\t\t\t\t<div class=\"elementor-container elementor-column-gap-default\">\n\t\t\t\t\t\t\t<div class=\"elementor-row\">\n\t\t\t\t\t<div class=\"elementor-column elementor-col-100 elementor-top-column elementor-element elementor-element-0a72e1b\" data-id=\"0a72e1b\" data-element_type=\"column\">\n\t\t\t<div class=\"elementor-column-wrap elementor-element-populated\">\n\t\t\t\t\t\t\t<div class=\"elementor-widget-wrap\">\n\t\t\t\t\t\t<div class=\"elementor-element elementor-element-449e882 elementor-widget elementor-widget-gallery\" data-id=\"449e882\" data-element_type=\"widget\" data-settings=\"{&quot;columns&quot;:3,&quot;lazyload&quot;:&quot;yes&quot;,&quot;gallery_layout&quot;:&quot;grid&quot;,&quot;columns_tablet&quot;:2,&quot;columns_mobile&quot;:1,&quot;gap&quot;:{&quot;unit&quot;:&quot;px&quot;,&quot;size&quot;:10,&quot;sizes&quot;:[]},&quot;gap_tablet&quot;:{&quot;unit&quot;:&quot;px&quot;,&quot;size&quot;:10,&quot;sizes&quot;:[]},&quot;gap_mobile&quot;:{&quot;unit&quot;:&quot;px&quot;,&quot;size&quot;:10,&quot;sizes&quot;:[]},&quot;link_to&quot;:&quot;file&quot;,&quot;aspect_ratio&quot;:&quot;3:2&quot;,&quot;overlay_background&quot;:&quot;yes&quot;,&quot;content_hover_animation&quot;:&quot;fade-in&quot;}\" data-widget_type=\"gallery.default\">\n\t\t\t\t<div class=\"elementor-widget-container\">\n\t\t\t\t\t<div class=\"elementor-gallery__container\">\n\t\t\t\t\t\t\t<a class=\"e-gallery-item elementor-gallery-item elementor-animated-content\" href=\"https:\/\/www.shinkaifilter.com\/fr\/wp-content\/uploads\/2020\/10\/Food-and-Beverage-1.jpg\" data-elementor-open-lightbox=\"yes\" data-elementor-lightbox-slideshow=\"all-449e882\" data-elementor-lightbox-title=\"Food and Beverage Sparger\" e-action-hash=\"#elementor-action%3Aaction%3Dlightbox%26settings%3DeyJpZCI6MTAwMSwidXJsIjoiaHR0cHM6XC9cL3d3dy5zaGlua2FpZmlsdGVyLmNvbVwvZnJcL3dwLWNvbnRlbnRcL3VwbG9hZHNcLzIwMjBcLzEwXC9Gb29kLWFuZC1CZXZlcmFnZS0xLmpwZyIsInNsaWRlc2hvdyI6ImFsbC00NDllODgyIn0%3D\">\n\t\t\t\t\t<div class=\"e-gallery-image elementor-gallery-item__image\" data-thumbnail=\"https:\/\/www.shinkaifilter.com\/fr\/wp-content\/uploads\/2020\/10\/Food-and-Beverage-1.jpg\" data-width=\"640\" data-height=\"428\" alt=\"Food and Beverage\" ><\/div>\n\t\t\t\t\t\t\t\t\t\t<div class=\"elementor-gallery-item__overlay\"><\/div>\n\t\t\t\t\t\t\t\t\t\t\t\t\t\t<\/a>\n\t\t\t\t\t\t\t<a class=\"e-gallery-item elementor-gallery-item elementor-animated-content\" href=\"https:\/\/www.shinkaifilter.com\/fr\/wp-content\/uploads\/2020\/10\/Sparger-Shinkai-\u66ff\u6362.jpg\" data-elementor-open-lightbox=\"yes\" data-elementor-lightbox-slideshow=\"all-449e882\" data-elementor-lightbox-title=\"Sparger-Shinkai\" e-action-hash=\"#elementor-action%3Aaction%3Dlightbox%26settings%3DeyJpZCI6MTM1OSwidXJsIjoiaHR0cHM6XC9cL3d3dy5zaGlua2FpZmlsdGVyLmNvbVwvZnJcL3dwLWNvbnRlbnRcL3VwbG9hZHNcLzIwMjBcLzEwXC9TcGFyZ2VyLVNoaW5rYWktXHU2NmZmXHU2MzYyLmpwZyIsInNsaWRlc2hvdyI6ImFsbC00NDllODgyIn0%3D\">\n\t\t\t\t\t<div class=\"e-gallery-image elementor-gallery-item__image\" data-thumbnail=\"https:\/\/www.shinkaifilter.com\/fr\/wp-content\/uploads\/2020\/10\/Sparger-Shinkai-\u66ff\u6362.jpg\" data-width=\"1000\" data-height=\"714\" alt=\"Sparger-Shinkai\" ><\/div>\n\t\t\t\t\t\t\t\t\t\t<div class=\"elementor-gallery-item__overlay\"><\/div>\n\t\t\t\t\t\t\t\t\t\t\t\t\t\t<\/a>\n\t\t\t\t\t\t\t<a class=\"e-gallery-item elementor-gallery-item elementor-animated-content\" href=\"https:\/\/www.shinkaifilter.com\/fr\/wp-content\/uploads\/2021\/11\/Sparger-Tubes-BSP-Closed-bottom-e1637029281337.jpg\" data-elementor-open-lightbox=\"yes\" data-elementor-lightbox-slideshow=\"all-449e882\" data-elementor-lightbox-title=\"Sparger Tubes-BSP-Closed bottom\" e-action-hash=\"#elementor-action%3Aaction%3Dlightbox%26settings%3DeyJpZCI6MjEzNiwidXJsIjoiaHR0cHM6XC9cL3d3dy5zaGlua2FpZmlsdGVyLmNvbVwvZnJcL3dwLWNvbnRlbnRcL3VwbG9hZHNcLzIwMjFcLzExXC9TcGFyZ2VyLVR1YmVzLUJTUC1DbG9zZWQtYm90dG9tLWUxNjM3MDI5MjgxMzM3LmpwZyIsInNsaWRlc2hvdyI6ImFsbC00NDllODgyIn0%3D\">\n\t\t\t\t\t<div class=\"e-gallery-image elementor-gallery-item__image\" data-thumbnail=\"https:\/\/www.shinkaifilter.com\/fr\/wp-content\/uploads\/2021\/11\/Sparger-Tubes-BSP-Closed-bottom-e1637029281337.jpg\" data-width=\"867\" data-height=\"1062\" alt=\"Gas Sparger\" ><\/div>\n\t\t\t\t\t\t\t\t\t\t<div class=\"elementor-gallery-item__overlay\"><\/div>\n\t\t\t\t\t\t\t\t\t\t\t\t\t\t<\/a>\n\t\t\t\t\t\t\t<a class=\"e-gallery-item elementor-gallery-item elementor-animated-content\" href=\"https:\/\/www.shinkaifilter.com\/fr\/wp-content\/uploads\/2021\/11\/Sintered-Metal-Sparger-1.jpg\" data-elementor-open-lightbox=\"yes\" data-elementor-lightbox-slideshow=\"all-449e882\" data-elementor-lightbox-title=\"Sintered Metal Sparger-1\" e-action-hash=\"#elementor-action%3Aaction%3Dlightbox%26settings%3DeyJpZCI6MjEzNSwidXJsIjoiaHR0cHM6XC9cL3d3dy5zaGlua2FpZmlsdGVyLmNvbVwvZnJcL3dwLWNvbnRlbnRcL3VwbG9hZHNcLzIwMjFcLzExXC9TaW50ZXJlZC1NZXRhbC1TcGFyZ2VyLTEuanBnIiwic2xpZGVzaG93IjoiYWxsLTQ0OWU4ODIifQ%3D%3D\">\n\t\t\t\t\t<div class=\"e-gallery-image elementor-gallery-item__image\" data-thumbnail=\"https:\/\/www.shinkaifilter.com\/fr\/wp-content\/uploads\/2021\/11\/Sintered-Metal-Sparger-1.jpg\" data-width=\"800\" data-height=\"450\" alt=\"Sintered Metal Sparger diffuser\" ><\/div>\n\t\t\t\t\t\t\t\t\t\t<div class=\"elementor-gallery-item__overlay\"><\/div>\n\t\t\t\t\t\t\t\t\t\t\t\t\t\t<\/a>\n\t\t\t\t\t\t\t<a class=\"e-gallery-item elementor-gallery-item elementor-animated-content\" href=\"https:\/\/www.shinkaifilter.com\/fr\/wp-content\/uploads\/2021\/11\/Saprger-1.jpg\" data-elementor-open-lightbox=\"yes\" data-elementor-lightbox-slideshow=\"all-449e882\" data-elementor-lightbox-title=\"Round Saprger\" e-action-hash=\"#elementor-action%3Aaction%3Dlightbox%26settings%3DeyJpZCI6MjEzNCwidXJsIjoiaHR0cHM6XC9cL3d3dy5zaGlua2FpZmlsdGVyLmNvbVwvZnJcL3dwLWNvbnRlbnRcL3VwbG9hZHNcLzIwMjFcLzExXC9TYXByZ2VyLTEuanBnIiwic2xpZGVzaG93IjoiYWxsLTQ0OWU4ODIifQ%3D%3D\">\n\t\t\t\t\t<div class=\"e-gallery-image elementor-gallery-item__image\" data-thumbnail=\"https:\/\/www.shinkaifilter.com\/fr\/wp-content\/uploads\/2021\/11\/Saprger-1.jpg\" data-width=\"1921\" data-height=\"1080\" alt=\"Round Sparger for bioreactor\" ><\/div>\n\t\t\t\t\t\t\t\t\t\t<div class=\"elementor-gallery-item__overlay\"><\/div>\n\t\t\t\t\t\t\t\t\t\t\t\t\t\t<\/a>\n\t\t\t\t\t\t\t<a class=\"e-gallery-item elementor-gallery-item elementor-animated-content\" href=\"https:\/\/www.shinkaifilter.com\/fr\/wp-content\/uploads\/2021\/01\/FJ200-1.jpg\" data-elementor-open-lightbox=\"yes\" data-elementor-lightbox-slideshow=\"all-449e882\" data-elementor-lightbox-title=\"FJ200 Starch Filter\" e-action-hash=\"#elementor-action%3Aaction%3Dlightbox%26settings%3DeyJpZCI6MTgzOCwidXJsIjoiaHR0cHM6XC9cL3d3dy5zaGlua2FpZmlsdGVyLmNvbVwvZnJcL3dwLWNvbnRlbnRcL3VwbG9hZHNcLzIwMjFcLzAxXC9GSjIwMC0xLmpwZyIsInNsaWRlc2hvdyI6ImFsbC00NDllODgyIn0%3D\">\n\t\t\t\t\t<div class=\"e-gallery-image elementor-gallery-item__image\" data-thumbnail=\"https:\/\/www.shinkaifilter.com\/fr\/wp-content\/uploads\/2021\/01\/FJ200-1.jpg\" data-width=\"1500\" data-height=\"1125\" alt=\"Modified starch filter\" ><\/div>\n\t\t\t\t\t\t\t\t\t\t<div class=\"elementor-gallery-item__overlay\"><\/div>\n\t\t\t\t\t\t\t\t\t\t\t\t\t\t<\/a>\n\t\t\t\t\t<\/div>\n\t\t\t<\/div>\n\t\t\t\t<\/div>\n\t\t\t\t\t\t<\/div>\n\t\t\t\t\t<\/div>\n\t\t<\/div>\n\t\t\t\t\t\t\t\t<\/div>\n\t\t\t\t\t<\/div>\n\t\t<\/section>\n\t\t\t\t\t\t\t\t\t<\/div>\n\t\t\t<\/div>\n\t\t\t\t\t<\/div>\n\t\t","protected":false},"excerpt":{"rendered":"<p>Nourriture et boisson L&#8217;\u00e9l\u00e9ment filtrant en poudre de m\u00e9tal fritt\u00e9 utilis\u00e9 dans le projet de production d&#8217;aliments et de boissons peut r\u00e9pondre aux exigences d&#8217;hygi\u00e8ne de qualit\u00e9 alimentaire et le mat\u00e9riau ne se d\u00e9croche pas, il peut donc \u00eatre utilis\u00e9 en toute s\u00e9curit\u00e9. Avec l&#8217;am\u00e9lioration du niveau de vie des gens, des aliments et des [&hellip;]<\/p>\n","protected":false},"author":1,"featured_media":0,"parent":20,"menu_order":0,"comment_status":"closed","ping_status":"closed","template":"elementor_header_footer","meta":[],"yoast_head":"<!-- This site is optimized with the Yoast SEO plugin v18.6 - https:\/\/yoast.com\/wordpress\/plugins\/seo\/ -->\n<title>Food and Beverage Application, Sintered Metal Powder Filter | SHINKAI<\/title>\n<meta name=\"description\" content=\"The sintered metal powder filter element used in the food and beverage production project can meet the food-grade hygiene requirements.\" \/>\n<meta name=\"robots\" content=\"index, follow, max-snippet:-1, max-image-preview:large, max-video-preview:-1\" \/>\n<link rel=\"canonical\" href=\"https:\/\/www.shinkaifilter.com\/fr\/applications\/food-and-beverage\/\" \/>\n<meta property=\"og:locale\" content=\"en_US\" \/>\n<meta property=\"og:type\" content=\"article\" \/>\n<meta property=\"og:title\" content=\"Food and Beverage Application, Sintered Metal Powder Filter | SHINKAI\" \/>\n<meta property=\"og:description\" content=\"The sintered metal powder filter element used in the food and beverage production project can meet the food-grade hygiene requirements.\" \/>\n<meta property=\"og:url\" content=\"https:\/\/www.shinkaifilter.com\/fr\/applications\/food-and-beverage\/\" \/>\n<meta property=\"og:site_name\" content=\"SHINKAI\" \/>\n<meta property=\"article:modified_time\" content=\"2022-01-29T12:57:47+00:00\" \/>\n<meta property=\"og:image\" content=\"https:\/\/www.shinkaifilter.com\/wp-content\/uploads\/2020\/10\/Food-and-Beverage-10.20.jpg\" \/>\n<meta name=\"twitter:card\" content=\"summary_large_image\" \/>\n<meta name=\"twitter:label1\" content=\"Est. reading time\" \/>\n\t<meta name=\"twitter:data1\" content=\"2 minutes\" \/>\n<script type=\"application\/ld+json\" class=\"yoast-schema-graph\">{\"@context\":\"https:\/\/schema.org\",\"@graph\":[{\"@type\":\"WebSite\",\"@id\":\"https:\/\/www.shinkaifilter.com\/fr\/#website\",\"url\":\"https:\/\/www.shinkaifilter.com\/fr\/\",\"name\":\"SHINKAI\",\"description\":\"Hot Gas Filtration, Gas Solid Separation Systems | Shinkai\",\"potentialAction\":[{\"@type\":\"SearchAction\",\"target\":{\"@type\":\"EntryPoint\",\"urlTemplate\":\"https:\/\/www.shinkaifilter.com\/fr\/?s={search_term_string}\"},\"query-input\":\"required name=search_term_string\"}],\"inLanguage\":\"en-US\"},{\"@type\":\"ImageObject\",\"@id\":\"https:\/\/www.shinkaifilter.com\/fr\/applications\/food-and-beverage\/#primaryimage\",\"inLanguage\":\"en-US\",\"url\":\"https:\/\/www.shinkaifilter.com\/wp-content\/uploads\/2020\/10\/Food-and-Beverage-10.20.jpg\",\"contentUrl\":\"https:\/\/www.shinkaifilter.com\/wp-content\/uploads\/2020\/10\/Food-and-Beverage-10.20.jpg\"},{\"@type\":\"WebPage\",\"@id\":\"https:\/\/www.shinkaifilter.com\/fr\/applications\/food-and-beverage\/#webpage\",\"url\":\"https:\/\/www.shinkaifilter.com\/fr\/applications\/food-and-beverage\/\",\"name\":\"Food and Beverage Application, Sintered Metal Powder Filter | SHINKAI\",\"isPartOf\":{\"@id\":\"https:\/\/www.shinkaifilter.com\/fr\/#website\"},\"primaryImageOfPage\":{\"@id\":\"https:\/\/www.shinkaifilter.com\/fr\/applications\/food-and-beverage\/#primaryimage\"},\"datePublished\":\"2020-09-30T01:23:58+00:00\",\"dateModified\":\"2022-01-29T12:57:47+00:00\",\"description\":\"The sintered metal powder filter element used in the food and beverage production project can meet the food-grade hygiene requirements.\",\"breadcrumb\":{\"@id\":\"https:\/\/www.shinkaifilter.com\/fr\/applications\/food-and-beverage\/#breadcrumb\"},\"inLanguage\":\"en-US\",\"potentialAction\":[{\"@type\":\"ReadAction\",\"target\":[\"https:\/\/www.shinkaifilter.com\/fr\/applications\/food-and-beverage\/\"]}]},{\"@type\":\"BreadcrumbList\",\"@id\":\"https:\/\/www.shinkaifilter.com\/fr\/applications\/food-and-beverage\/#breadcrumb\",\"itemListElement\":[{\"@type\":\"ListItem\",\"position\":1,\"name\":\"Home\",\"item\":\"https:\/\/www.shinkaifilter.com\/fr\/\"},{\"@type\":\"ListItem\",\"position\":2,\"name\":\"Applications\",\"item\":\"https:\/\/www.shinkaifilter.com\/fr\/applications\/\"},{\"@type\":\"ListItem\",\"position\":3,\"name\":\"Food and Beverage\"}]}]}<\/script>\n<!-- \/ Yoast SEO plugin. -->","yoast_head_json":{"title":"Food and Beverage Application, Sintered Metal Powder Filter | SHINKAI","description":"The sintered metal powder filter element used in the food and beverage production project can meet the food-grade hygiene requirements.","robots":{"index":"index","follow":"follow","max-snippet":"max-snippet:-1","max-image-preview":"max-image-preview:large","max-video-preview":"max-video-preview:-1"},"canonical":"https:\/\/www.shinkaifilter.com\/fr\/applications\/food-and-beverage\/","og_locale":"en_US","og_type":"article","og_title":"Food and Beverage Application, Sintered Metal Powder Filter | SHINKAI","og_description":"The sintered metal powder filter element used in the food and beverage production project can meet the food-grade hygiene requirements.","og_url":"https:\/\/www.shinkaifilter.com\/fr\/applications\/food-and-beverage\/","og_site_name":"SHINKAI","article_modified_time":"2022-01-29T12:57:47+00:00","og_image":[{"url":"https:\/\/www.shinkaifilter.com\/wp-content\/uploads\/2020\/10\/Food-and-Beverage-10.20.jpg"}],"twitter_card":"summary_large_image","twitter_misc":{"Est. reading time":"2 minutes"},"schema":{"@context":"https:\/\/schema.org","@graph":[{"@type":"WebSite","@id":"https:\/\/www.shinkaifilter.com\/fr\/#website","url":"https:\/\/www.shinkaifilter.com\/fr\/","name":"SHINKAI","description":"Hot Gas Filtration, Gas Solid Separation Systems | Shinkai","potentialAction":[{"@type":"SearchAction","target":{"@type":"EntryPoint","urlTemplate":"https:\/\/www.shinkaifilter.com\/fr\/?s={search_term_string}"},"query-input":"required name=search_term_string"}],"inLanguage":"en-US"},{"@type":"ImageObject","@id":"https:\/\/www.shinkaifilter.com\/fr\/applications\/food-and-beverage\/#primaryimage","inLanguage":"en-US","url":"https:\/\/www.shinkaifilter.com\/wp-content\/uploads\/2020\/10\/Food-and-Beverage-10.20.jpg","contentUrl":"https:\/\/www.shinkaifilter.com\/wp-content\/uploads\/2020\/10\/Food-and-Beverage-10.20.jpg"},{"@type":"WebPage","@id":"https:\/\/www.shinkaifilter.com\/fr\/applications\/food-and-beverage\/#webpage","url":"https:\/\/www.shinkaifilter.com\/fr\/applications\/food-and-beverage\/","name":"Food and Beverage Application, Sintered Metal Powder Filter | SHINKAI","isPartOf":{"@id":"https:\/\/www.shinkaifilter.com\/fr\/#website"},"primaryImageOfPage":{"@id":"https:\/\/www.shinkaifilter.com\/fr\/applications\/food-and-beverage\/#primaryimage"},"datePublished":"2020-09-30T01:23:58+00:00","dateModified":"2022-01-29T12:57:47+00:00","description":"The sintered metal powder filter element used in the food and beverage production project can meet the food-grade hygiene requirements.","breadcrumb":{"@id":"https:\/\/www.shinkaifilter.com\/fr\/applications\/food-and-beverage\/#breadcrumb"},"inLanguage":"en-US","potentialAction":[{"@type":"ReadAction","target":["https:\/\/www.shinkaifilter.com\/fr\/applications\/food-and-beverage\/"]}]},{"@type":"BreadcrumbList","@id":"https:\/\/www.shinkaifilter.com\/fr\/applications\/food-and-beverage\/#breadcrumb","itemListElement":[{"@type":"ListItem","position":1,"name":"Home","item":"https:\/\/www.shinkaifilter.com\/fr\/"},{"@type":"ListItem","position":2,"name":"Applications","item":"https:\/\/www.shinkaifilter.com\/fr\/applications\/"},{"@type":"ListItem","position":3,"name":"Food and Beverage"}]}]}},"_links":{"self":[{"href":"https:\/\/www.shinkaifilter.com\/fr\/wp-json\/wp\/v2\/pages\/486"}],"collection":[{"href":"https:\/\/www.shinkaifilter.com\/fr\/wp-json\/wp\/v2\/pages"}],"about":[{"href":"https:\/\/www.shinkaifilter.com\/fr\/wp-json\/wp\/v2\/types\/page"}],"author":[{"embeddable":true,"href":"https:\/\/www.shinkaifilter.com\/fr\/wp-json\/wp\/v2\/users\/1"}],"replies":[{"embeddable":true,"href":"https:\/\/www.shinkaifilter.com\/fr\/wp-json\/wp\/v2\/comments?post=486"}],"version-history":[{"count":28,"href":"https:\/\/www.shinkaifilter.com\/fr\/wp-json\/wp\/v2\/pages\/486\/revisions"}],"predecessor-version":[{"id":2308,"href":"https:\/\/www.shinkaifilter.com\/fr\/wp-json\/wp\/v2\/pages\/486\/revisions\/2308"}],"up":[{"embeddable":true,"href":"https:\/\/www.shinkaifilter.com\/fr\/wp-json\/wp\/v2\/pages\/20"}],"wp:attachment":[{"href":"https:\/\/www.shinkaifilter.com\/fr\/wp-json\/wp\/v2\/media?parent=486"}],"curies":[{"name":"wp","href":"https:\/\/api.w.org\/{rel}","templated":true}]}}