{"id":484,"date":"2020-09-30T01:23:39","date_gmt":"2020-09-30T01:23:39","guid":{"rendered":"https:\/\/www.inwings.net\/shinkai\/?page_id=484"},"modified":"2022-01-29T12:52:20","modified_gmt":"2022-01-29T12:52:20","slug":"lithium-battery-new-energy","status":"publish","type":"page","link":"https:\/\/www.shinkaifilter.com\/fr\/applications\/lithium-battery-new-energy\/","title":{"rendered":"Lithium Battery New Energy"},"content":{"rendered":"\t\t<div data-elementor-type=\"wp-page\" data-elementor-id=\"484\" class=\"elementor elementor-484\">\n\t\t\t\t\t\t<div class=\"elementor-inner\">\n\t\t\t\t<div class=\"elementor-section-wrap\">\n\t\t\t\t\t\t\t\t\t<section class=\"elementor-section elementor-top-section elementor-element elementor-element-f3a9a7e elementor-section-stretched elementor-section-boxed elementor-section-height-default elementor-section-height-default\" data-id=\"f3a9a7e\" data-element_type=\"section\" data-settings=\"{&quot;stretch_section&quot;:&quot;section-stretched&quot;,&quot;background_background&quot;:&quot;classic&quot;}\">\n\t\t\t\t\t\t<div class=\"elementor-container elementor-column-gap-default\">\n\t\t\t\t\t\t\t<div class=\"elementor-row\">\n\t\t\t\t\t<div class=\"elementor-column elementor-col-100 elementor-top-column elementor-element elementor-element-b387c4d\" data-id=\"b387c4d\" data-element_type=\"column\">\n\t\t\t<div class=\"elementor-column-wrap elementor-element-populated\">\n\t\t\t\t\t\t\t<div class=\"elementor-widget-wrap\">\n\t\t\t\t\t\t\t\t<\/div>\n\t\t\t\t\t<\/div>\n\t\t<\/div>\n\t\t\t\t\t\t\t\t<\/div>\n\t\t\t\t\t<\/div>\n\t\t<\/section>\n\t\t\t\t<section class=\"elementor-section elementor-top-section elementor-element elementor-element-faa0e3a elementor-section-boxed elementor-section-height-default elementor-section-height-default\" data-id=\"faa0e3a\" data-element_type=\"section\">\n\t\t\t\t\t\t<div class=\"elementor-container elementor-column-gap-default\">\n\t\t\t\t\t\t\t<div class=\"elementor-row\">\n\t\t\t\t\t<div class=\"elementor-column elementor-col-50 elementor-top-column elementor-element elementor-element-4599bea\" data-id=\"4599bea\" data-element_type=\"column\">\n\t\t\t<div class=\"elementor-column-wrap elementor-element-populated\">\n\t\t\t\t\t\t\t<div class=\"elementor-widget-wrap\">\n\t\t\t\t\t\t<div class=\"elementor-element elementor-element-b730661 elementor-widget elementor-widget-heading\" data-id=\"b730661\" data-element_type=\"widget\" data-widget_type=\"heading.default\">\n\t\t\t\t<div class=\"elementor-widget-container\">\n\t\t\t<h1 class=\"elementor-heading-title elementor-size-default\">Batterie au lithium Nouvelle \u00e9nergie\n<\/h1>\t\t<\/div>\n\t\t\t\t<\/div>\n\t\t\t\t<div class=\"elementor-element elementor-element-7ecc1f1 elementor-widget elementor-widget-text-editor\" data-id=\"7ecc1f1\" data-element_type=\"widget\" data-widget_type=\"text-editor.default\">\n\t\t\t\t<div class=\"elementor-widget-container\">\n\t\t\t\t\t\t\t\t<div class=\"elementor-text-editor elementor-clearfix\">\n\t\t\t\t<p>Le filtre m\u00e9tallique asym\u00e9trique fritt\u00e9 Shinkai r\u00e9sout efficacement les probl\u00e8mes des filtres conventionnels qui ne peuvent pas r\u00e9pondre aux exigences de pr\u00e9cision et \u00e0 l&#8217;application continue du processus de production dans l&#8217;industrie des nouvelles \u00e9nergies des batteries au lithium.<\/p>\n<p><img class=\"alignnone size-full wp-image-1493\" src=\"https:\/\/www.shinkaifilter.com\/wp-content\/uploads\/2020\/10\/Lithium-Battery-New-Energy-10.20.jpg\" alt=\"\" width=\"600\" height=\"426\" srcset=\"https:\/\/www.shinkaifilter.com\/fr\/wp-content\/uploads\/2020\/10\/Lithium-Battery-New-Energy-10.20.jpg 600w, https:\/\/www.shinkaifilter.com\/fr\/wp-content\/uploads\/2020\/10\/Lithium-Battery-New-Energy-10.20-300x213.jpg 300w\" sizes=\"(max-width: 600px) 100vw, 600px\" \/><\/p>\n<p><span style=\"color: inherit; font-family: inherit; font-size: 1rem;\">&#8220;Avec la promotion vigoureuse par le pays de la nouvelle industrie \u00e9nerg\u00e9tique, la p\u00e9nurie d&#8217;\u00e9nergie en Chine et la pollution de l&#8217;environnement caus\u00e9es par les sources d&#8217;\u00e9nergie traditionnelles sont progressivement r\u00e9solues. Shinkai s&#8217;engage \u00e0 apporter sa propre contribution au d\u00e9veloppement de nouvelles \u00e9nergies.<\/span><\/p>\n<p>La puissance des v\u00e9hicules \u00e0 \u00e9nergie nouvelle provient des batteries lithium-ion. Les batteries lithium-ion utilisent g\u00e9n\u00e9ralement des oxydes m\u00e9talliques d&#8217;alliage de lithium comme mat\u00e9riaux de cathode, du graphite comme mat\u00e9riaux d&#8217;anode et des \u00e9lectrolytes non aqueux. Les \u00e9lectrolytes non aqueux sont les principaux mat\u00e9riaux des batteries au lithium. L&#8217;\u00e9lectrolyte de batterie au lithium est pr\u00e9par\u00e9 dans les conditions d&#8217;un solvant organique (tel que le carbonate de dim\u00e9thyle et le carbonate de di\u00e9thyle), un \u00e9lectrolyte (hexafluorophosphate de lithium) et un additif. Au cours du processus de pr\u00e9paration de l&#8217;\u00e9lectrolyte, une trace d&#8217;\u00e9lectrolyte forme des particules de fluorure de lithium. \u00c9tant donn\u00e9 que les particules de fluorure de lithium sont tr\u00e8s fines (0,1 \u00e0 0,22 m), les filtres conventionnels ne peuvent pas r\u00e9pondre aux exigences de pr\u00e9cision et ne peuvent pas r\u00e9pondre \u00e0 l&#8217;application continue du processus de production. Le filtre m\u00e9tallique asym\u00e9trique fritt\u00e9 Shinkai r\u00e9sout efficacement les probl\u00e8mes ci-dessus.&#8221;<\/p>\n<p><strong>Des produits<\/strong><br>\u25cf \u00c9l\u00e9ment XKP-AX en poudre m\u00e9tallique fritt\u00e9e<br>\u25cf \u00c9l\u00e9ment XKP-TIS ultrafin en m\u00e9tal fritt\u00e9<br>\u25cf Filtre de produit<br>\u25cf Filtre de lavage \u00e0 contre-courant automatique&#8221;<\/p>\n<p><strong>Propri\u00e9t\u00e9s<\/strong><br>\u25cf Bonne pr\u00e9cision de filtrage (0,1\u03bcm \u00e0 0,5\u03bcm)<br>\u25cf R\u00e9duire les risques de s\u00e9curit\u00e9 et de protection de l&#8217;environnement<br>\u25cf R\u00e9sistance thermique suffisante jusqu&#8217;\u00e0 900\u2103<br>\u25cf Stabilit\u00e9 de forme, composants \u00e0 haute r\u00e9sistance (r\u00e9sistance \u00e0 la pression suffisante jusqu&#8217;\u00e0 50 bars)<br>\u25cf Haute r\u00e9sistance \u00e0 la corrosion<br>\u25cf Perm\u00e9abilit\u00e9 et r\u00e9tention de particules d\u00e9finies<br>\u25cf Bonnes performances de lavage \u00e0 contre-courant&#8221;<\/p>\n<p><strong>Applications<\/strong><br>\u25cf \u00c9lectrolyte de batterie au lithium<br>\n\u25cf Hexafluorophosphate de lithium<br>\n\u25cf Carbonate de lithium<br>\n\u25cf Fluorure de lithium&#8221;<\/p>\t\t\t\t\t<\/div>\n\t\t\t\t\t\t<\/div>\n\t\t\t\t<\/div>\n\t\t\t\t\t\t<\/div>\n\t\t\t\t\t<\/div>\n\t\t<\/div>\n\t\t\t\t<div class=\"elementor-column elementor-col-50 elementor-top-column elementor-element elementor-element-c1ddfe1\" data-id=\"c1ddfe1\" data-element_type=\"column\">\n\t\t\t<div class=\"elementor-column-wrap elementor-element-populated\">\n\t\t\t\t\t\t\t<div class=\"elementor-widget-wrap\">\n\t\t\t\t\t\t<div class=\"elementor-element elementor-element-972bb05 elementor-widget elementor-widget-ppm-menu\" data-id=\"972bb05\" data-element_type=\"widget\" data-widget_type=\"ppm-menu.default\">\n\t\t\t\t<div class=\"elementor-widget-container\">\n\t\t\t<div class=\"special-nav\">\n            <h3 class=\"special-nav-menu-title\">Applications<\/h3>\n            <div class=\"menu-applications-menu-container\"><ul id=\"menu-applications-menu\" class=\"menu\"><li id=\"menu-item-503\" class=\"menu-item menu-item-type-post_type menu-item-object-page menu-item-503\"><a href=\"https:\/\/www.shinkaifilter.com\/fr\/applications\/fine-chemical\/\">Chimie fine<\/a><\/li>\n<li id=\"menu-item-502\" class=\"menu-item menu-item-type-post_type menu-item-object-page menu-item-502\"><a href=\"https:\/\/www.shinkaifilter.com\/fr\/applications\/petrochemical\/\">P\u00e9trochimique<\/a><\/li>\n<li id=\"menu-item-501\" class=\"menu-item menu-item-type-post_type menu-item-object-page menu-item-501\"><a href=\"https:\/\/www.shinkaifilter.com\/fr\/applications\/aerospace-defense\/\">A\u00e9rospatial et D\u00e9fense<\/a><\/li>\n<li id=\"menu-item-500\" class=\"menu-item menu-item-type-post_type menu-item-object-page menu-item-500\"><a href=\"https:\/\/www.shinkaifilter.com\/fr\/applications\/instrument\/\">Instrument<\/a><\/li>\n<li id=\"menu-item-499\" class=\"menu-item menu-item-type-post_type menu-item-object-page menu-item-499\"><a href=\"https:\/\/www.shinkaifilter.com\/fr\/applications\/silicon\/\">Silicium<\/a><\/li>\n<li id=\"menu-item-498\" class=\"menu-item menu-item-type-post_type menu-item-object-page menu-item-498\"><a href=\"https:\/\/www.shinkaifilter.com\/fr\/applications\/coal-chemical\/\">Charbon Chimique<\/a><\/li>\n<li id=\"menu-item-497\" class=\"menu-item menu-item-type-post_type menu-item-object-page menu-item-497\"><a href=\"https:\/\/www.shinkaifilter.com\/fr\/applications\/lithium-battery-new-energy\/\">Batterie au lithium Nouvelle \u00e9nergie<\/a><\/li>\n<li id=\"menu-item-496\" class=\"menu-item menu-item-type-post_type menu-item-object-page menu-item-496\"><a href=\"https:\/\/www.shinkaifilter.com\/fr\/applications\/food-and-beverage\/\">Nourriture et boisson<\/a><\/li>\n<\/ul><\/div>\n        <\/div>\t\t<\/div>\n\t\t\t\t<\/div>\n\t\t\t\t\t\t<\/div>\n\t\t\t\t\t<\/div>\n\t\t<\/div>\n\t\t\t\t\t\t\t\t<\/div>\n\t\t\t\t\t<\/div>\n\t\t<\/section>\n\t\t\t\t<section class=\"elementor-section elementor-top-section elementor-element elementor-element-91e3833 elementor-section-boxed elementor-section-height-default elementor-section-height-default\" data-id=\"91e3833\" data-element_type=\"section\">\n\t\t\t\t\t\t<div class=\"elementor-container elementor-column-gap-default\">\n\t\t\t\t\t\t\t<div class=\"elementor-row\">\n\t\t\t\t\t<div class=\"elementor-column elementor-col-100 elementor-top-column elementor-element elementor-element-ef028a2\" data-id=\"ef028a2\" data-element_type=\"column\">\n\t\t\t<div class=\"elementor-column-wrap elementor-element-populated\">\n\t\t\t\t\t\t\t<div class=\"elementor-widget-wrap\">\n\t\t\t\t\t\t<div class=\"elementor-element elementor-element-879ff9f elementor-widget elementor-widget-gallery\" data-id=\"879ff9f\" data-element_type=\"widget\" data-settings=\"{&quot;columns&quot;:3,&quot;lazyload&quot;:&quot;yes&quot;,&quot;gallery_layout&quot;:&quot;grid&quot;,&quot;columns_tablet&quot;:2,&quot;columns_mobile&quot;:1,&quot;gap&quot;:{&quot;unit&quot;:&quot;px&quot;,&quot;size&quot;:10,&quot;sizes&quot;:[]},&quot;gap_tablet&quot;:{&quot;unit&quot;:&quot;px&quot;,&quot;size&quot;:10,&quot;sizes&quot;:[]},&quot;gap_mobile&quot;:{&quot;unit&quot;:&quot;px&quot;,&quot;size&quot;:10,&quot;sizes&quot;:[]},&quot;link_to&quot;:&quot;file&quot;,&quot;aspect_ratio&quot;:&quot;3:2&quot;,&quot;overlay_background&quot;:&quot;yes&quot;,&quot;content_hover_animation&quot;:&quot;fade-in&quot;}\" data-widget_type=\"gallery.default\">\n\t\t\t\t<div class=\"elementor-widget-container\">\n\t\t\t\t\t<div class=\"elementor-gallery__container\">\n\t\t\t\t\t\t\t<a class=\"e-gallery-item elementor-gallery-item elementor-animated-content\" href=\"https:\/\/www.shinkaifilter.com\/fr\/wp-content\/uploads\/2020\/10\/Lithium-Battery-New-Energy-1.jpg\" data-elementor-open-lightbox=\"yes\" data-elementor-lightbox-slideshow=\"all-879ff9f\" data-elementor-lightbox-title=\"Lithium Battery New Energy-1\" e-action-hash=\"#elementor-action%3Aaction%3Dlightbox%26settings%3DeyJpZCI6OTk2LCJ1cmwiOiJodHRwczpcL1wvd3d3LnNoaW5rYWlmaWx0ZXIuY29tXC9mclwvd3AtY29udGVudFwvdXBsb2Fkc1wvMjAyMFwvMTBcL0xpdGhpdW0tQmF0dGVyeS1OZXctRW5lcmd5LTEuanBnIiwic2xpZGVzaG93IjoiYWxsLTg3OWZmOWYifQ%3D%3D\">\n\t\t\t\t\t<div class=\"e-gallery-image elementor-gallery-item__image\" data-thumbnail=\"https:\/\/www.shinkaifilter.com\/fr\/wp-content\/uploads\/2020\/10\/Lithium-Battery-New-Energy-1.jpg\" data-width=\"640\" data-height=\"428\" alt=\"Sintered Metal Filter Elements, Filtration System Solutions\" ><\/div>\n\t\t\t\t\t\t\t\t\t\t<div class=\"elementor-gallery-item__overlay\"><\/div>\n\t\t\t\t\t\t\t\t\t\t\t\t\t\t<\/a>\n\t\t\t\t\t\t\t<a class=\"e-gallery-item elementor-gallery-item elementor-animated-content\" href=\"https:\/\/www.shinkaifilter.com\/fr\/wp-content\/uploads\/2020\/10\/Lithium-Battery-New-Energy-2.jpg\" data-elementor-open-lightbox=\"yes\" data-elementor-lightbox-slideshow=\"all-879ff9f\" data-elementor-lightbox-title=\"Lithium Battery New Energy-2\" e-action-hash=\"#elementor-action%3Aaction%3Dlightbox%26settings%3DeyJpZCI6OTk3LCJ1cmwiOiJodHRwczpcL1wvd3d3LnNoaW5rYWlmaWx0ZXIuY29tXC9mclwvd3AtY29udGVudFwvdXBsb2Fkc1wvMjAyMFwvMTBcL0xpdGhpdW0tQmF0dGVyeS1OZXctRW5lcmd5LTIuanBnIiwic2xpZGVzaG93IjoiYWxsLTg3OWZmOWYifQ%3D%3D\">\n\t\t\t\t\t<div class=\"e-gallery-image elementor-gallery-item__image\" data-thumbnail=\"https:\/\/www.shinkaifilter.com\/fr\/wp-content\/uploads\/2020\/10\/Lithium-Battery-New-Energy-2.jpg\" data-width=\"640\" data-height=\"428\" alt=\"Sintered Metal Filter Elements, Filtration System Solutions\" ><\/div>\n\t\t\t\t\t\t\t\t\t\t<div class=\"elementor-gallery-item__overlay\"><\/div>\n\t\t\t\t\t\t\t\t\t\t\t\t\t\t<\/a>\n\t\t\t\t\t\t\t<a class=\"e-gallery-item elementor-gallery-item elementor-animated-content\" href=\"https:\/\/www.shinkaifilter.com\/fr\/wp-content\/uploads\/2020\/10\/Lithium-Battery-New-Energy-3.jpg\" data-elementor-open-lightbox=\"yes\" data-elementor-lightbox-slideshow=\"all-879ff9f\" data-elementor-lightbox-title=\"Lithium Battery New Energy-3\" e-action-hash=\"#elementor-action%3Aaction%3Dlightbox%26settings%3DeyJpZCI6OTk4LCJ1cmwiOiJodHRwczpcL1wvd3d3LnNoaW5rYWlmaWx0ZXIuY29tXC9mclwvd3AtY29udGVudFwvdXBsb2Fkc1wvMjAyMFwvMTBcL0xpdGhpdW0tQmF0dGVyeS1OZXctRW5lcmd5LTMuanBnIiwic2xpZGVzaG93IjoiYWxsLTg3OWZmOWYifQ%3D%3D\">\n\t\t\t\t\t<div class=\"e-gallery-image elementor-gallery-item__image\" data-thumbnail=\"https:\/\/www.shinkaifilter.com\/fr\/wp-content\/uploads\/2020\/10\/Lithium-Battery-New-Energy-3.jpg\" data-width=\"640\" data-height=\"428\" alt=\"Lithium Battery New Energy\" ><\/div>\n\t\t\t\t\t\t\t\t\t\t<div class=\"elementor-gallery-item__overlay\"><\/div>\n\t\t\t\t\t\t\t\t\t\t\t\t\t\t<\/a>\n\t\t\t\t\t<\/div>\n\t\t\t<\/div>\n\t\t\t\t<\/div>\n\t\t\t\t\t\t<\/div>\n\t\t\t\t\t<\/div>\n\t\t<\/div>\n\t\t\t\t\t\t\t\t<\/div>\n\t\t\t\t\t<\/div>\n\t\t<\/section>\n\t\t\t\t\t\t\t\t\t<\/div>\n\t\t\t<\/div>\n\t\t\t\t\t<\/div>\n\t\t","protected":false},"excerpt":{"rendered":"<p>Batterie au lithium Nouvelle \u00e9nergie Le filtre m\u00e9tallique asym\u00e9trique fritt\u00e9 Shinkai r\u00e9sout efficacement les probl\u00e8mes des filtres conventionnels qui ne peuvent pas r\u00e9pondre aux exigences de pr\u00e9cision et \u00e0 l&#8217;application continue du processus de production dans l&#8217;industrie des nouvelles \u00e9nergies des batteries au lithium. &#8220;Avec la promotion vigoureuse par le pays de la nouvelle industrie [&hellip;]<\/p>\n","protected":false},"author":1,"featured_media":0,"parent":20,"menu_order":0,"comment_status":"closed","ping_status":"closed","template":"elementor_header_footer","meta":[],"yoast_head":"<!-- This site is optimized with the Yoast SEO plugin v18.6 - https:\/\/yoast.com\/wordpress\/plugins\/seo\/ -->\n<title>Lithium Battery New Energy Industry, Sintered Metal Filter | SHINKAI<\/title>\n<meta name=\"description\" content=\"Shinkai sintered asymmetric metal filter effectively solves the problems of production process in the Lithium battery new energy industry.\" \/>\n<meta name=\"robots\" content=\"index, follow, max-snippet:-1, max-image-preview:large, max-video-preview:-1\" \/>\n<link rel=\"canonical\" href=\"https:\/\/www.shinkaifilter.com\/fr\/applications\/lithium-battery-new-energy\/\" \/>\n<meta property=\"og:locale\" content=\"en_US\" \/>\n<meta property=\"og:type\" content=\"article\" \/>\n<meta property=\"og:title\" content=\"Lithium Battery New Energy Industry, Sintered Metal Filter | SHINKAI\" \/>\n<meta property=\"og:description\" content=\"Shinkai sintered asymmetric metal filter effectively solves the problems of production process in the Lithium battery new energy industry.\" \/>\n<meta property=\"og:url\" content=\"https:\/\/www.shinkaifilter.com\/fr\/applications\/lithium-battery-new-energy\/\" \/>\n<meta property=\"og:site_name\" content=\"SHINKAI\" \/>\n<meta property=\"article:modified_time\" content=\"2022-01-29T12:52:20+00:00\" \/>\n<meta property=\"og:image\" content=\"https:\/\/www.shinkaifilter.com\/wp-content\/uploads\/2020\/10\/Lithium-Battery-New-Energy-10.20.jpg\" \/>\n<meta name=\"twitter:card\" content=\"summary_large_image\" \/>\n<meta name=\"twitter:label1\" content=\"Est. reading time\" \/>\n\t<meta name=\"twitter:data1\" content=\"2 minutes\" \/>\n<script type=\"application\/ld+json\" class=\"yoast-schema-graph\">{\"@context\":\"https:\/\/schema.org\",\"@graph\":[{\"@type\":\"WebSite\",\"@id\":\"https:\/\/www.shinkaifilter.com\/fr\/#website\",\"url\":\"https:\/\/www.shinkaifilter.com\/fr\/\",\"name\":\"SHINKAI\",\"description\":\"Hot Gas Filtration, Gas Solid Separation Systems | Shinkai\",\"potentialAction\":[{\"@type\":\"SearchAction\",\"target\":{\"@type\":\"EntryPoint\",\"urlTemplate\":\"https:\/\/www.shinkaifilter.com\/fr\/?s={search_term_string}\"},\"query-input\":\"required name=search_term_string\"}],\"inLanguage\":\"en-US\"},{\"@type\":\"ImageObject\",\"@id\":\"https:\/\/www.shinkaifilter.com\/fr\/applications\/lithium-battery-new-energy\/#primaryimage\",\"inLanguage\":\"en-US\",\"url\":\"https:\/\/www.shinkaifilter.com\/wp-content\/uploads\/2020\/10\/Lithium-Battery-New-Energy-10.20.jpg\",\"contentUrl\":\"https:\/\/www.shinkaifilter.com\/wp-content\/uploads\/2020\/10\/Lithium-Battery-New-Energy-10.20.jpg\"},{\"@type\":\"WebPage\",\"@id\":\"https:\/\/www.shinkaifilter.com\/fr\/applications\/lithium-battery-new-energy\/#webpage\",\"url\":\"https:\/\/www.shinkaifilter.com\/fr\/applications\/lithium-battery-new-energy\/\",\"name\":\"Lithium Battery New Energy Industry, Sintered Metal Filter | SHINKAI\",\"isPartOf\":{\"@id\":\"https:\/\/www.shinkaifilter.com\/fr\/#website\"},\"primaryImageOfPage\":{\"@id\":\"https:\/\/www.shinkaifilter.com\/fr\/applications\/lithium-battery-new-energy\/#primaryimage\"},\"datePublished\":\"2020-09-30T01:23:39+00:00\",\"dateModified\":\"2022-01-29T12:52:20+00:00\",\"description\":\"Shinkai sintered asymmetric metal filter effectively solves the problems of production process in the Lithium battery new energy industry.\",\"breadcrumb\":{\"@id\":\"https:\/\/www.shinkaifilter.com\/fr\/applications\/lithium-battery-new-energy\/#breadcrumb\"},\"inLanguage\":\"en-US\",\"potentialAction\":[{\"@type\":\"ReadAction\",\"target\":[\"https:\/\/www.shinkaifilter.com\/fr\/applications\/lithium-battery-new-energy\/\"]}]},{\"@type\":\"BreadcrumbList\",\"@id\":\"https:\/\/www.shinkaifilter.com\/fr\/applications\/lithium-battery-new-energy\/#breadcrumb\",\"itemListElement\":[{\"@type\":\"ListItem\",\"position\":1,\"name\":\"Home\",\"item\":\"https:\/\/www.shinkaifilter.com\/fr\/\"},{\"@type\":\"ListItem\",\"position\":2,\"name\":\"Applications\",\"item\":\"https:\/\/www.shinkaifilter.com\/fr\/applications\/\"},{\"@type\":\"ListItem\",\"position\":3,\"name\":\"Lithium Battery New Energy\"}]}]}<\/script>\n<!-- \/ Yoast SEO plugin. -->","yoast_head_json":{"title":"Lithium Battery New Energy Industry, Sintered Metal Filter | SHINKAI","description":"Shinkai sintered asymmetric metal filter effectively solves the problems of production process in the Lithium battery new energy industry.","robots":{"index":"index","follow":"follow","max-snippet":"max-snippet:-1","max-image-preview":"max-image-preview:large","max-video-preview":"max-video-preview:-1"},"canonical":"https:\/\/www.shinkaifilter.com\/fr\/applications\/lithium-battery-new-energy\/","og_locale":"en_US","og_type":"article","og_title":"Lithium Battery New Energy Industry, Sintered Metal Filter | SHINKAI","og_description":"Shinkai sintered asymmetric metal filter effectively solves the problems of production process in the Lithium battery new energy industry.","og_url":"https:\/\/www.shinkaifilter.com\/fr\/applications\/lithium-battery-new-energy\/","og_site_name":"SHINKAI","article_modified_time":"2022-01-29T12:52:20+00:00","og_image":[{"url":"https:\/\/www.shinkaifilter.com\/wp-content\/uploads\/2020\/10\/Lithium-Battery-New-Energy-10.20.jpg"}],"twitter_card":"summary_large_image","twitter_misc":{"Est. reading time":"2 minutes"},"schema":{"@context":"https:\/\/schema.org","@graph":[{"@type":"WebSite","@id":"https:\/\/www.shinkaifilter.com\/fr\/#website","url":"https:\/\/www.shinkaifilter.com\/fr\/","name":"SHINKAI","description":"Hot Gas Filtration, Gas Solid Separation Systems | Shinkai","potentialAction":[{"@type":"SearchAction","target":{"@type":"EntryPoint","urlTemplate":"https:\/\/www.shinkaifilter.com\/fr\/?s={search_term_string}"},"query-input":"required name=search_term_string"}],"inLanguage":"en-US"},{"@type":"ImageObject","@id":"https:\/\/www.shinkaifilter.com\/fr\/applications\/lithium-battery-new-energy\/#primaryimage","inLanguage":"en-US","url":"https:\/\/www.shinkaifilter.com\/wp-content\/uploads\/2020\/10\/Lithium-Battery-New-Energy-10.20.jpg","contentUrl":"https:\/\/www.shinkaifilter.com\/wp-content\/uploads\/2020\/10\/Lithium-Battery-New-Energy-10.20.jpg"},{"@type":"WebPage","@id":"https:\/\/www.shinkaifilter.com\/fr\/applications\/lithium-battery-new-energy\/#webpage","url":"https:\/\/www.shinkaifilter.com\/fr\/applications\/lithium-battery-new-energy\/","name":"Lithium Battery New Energy Industry, Sintered Metal Filter | SHINKAI","isPartOf":{"@id":"https:\/\/www.shinkaifilter.com\/fr\/#website"},"primaryImageOfPage":{"@id":"https:\/\/www.shinkaifilter.com\/fr\/applications\/lithium-battery-new-energy\/#primaryimage"},"datePublished":"2020-09-30T01:23:39+00:00","dateModified":"2022-01-29T12:52:20+00:00","description":"Shinkai sintered asymmetric metal filter effectively solves the problems of production process in the Lithium battery new energy industry.","breadcrumb":{"@id":"https:\/\/www.shinkaifilter.com\/fr\/applications\/lithium-battery-new-energy\/#breadcrumb"},"inLanguage":"en-US","potentialAction":[{"@type":"ReadAction","target":["https:\/\/www.shinkaifilter.com\/fr\/applications\/lithium-battery-new-energy\/"]}]},{"@type":"BreadcrumbList","@id":"https:\/\/www.shinkaifilter.com\/fr\/applications\/lithium-battery-new-energy\/#breadcrumb","itemListElement":[{"@type":"ListItem","position":1,"name":"Home","item":"https:\/\/www.shinkaifilter.com\/fr\/"},{"@type":"ListItem","position":2,"name":"Applications","item":"https:\/\/www.shinkaifilter.com\/fr\/applications\/"},{"@type":"ListItem","position":3,"name":"Lithium Battery New Energy"}]}]}},"_links":{"self":[{"href":"https:\/\/www.shinkaifilter.com\/fr\/wp-json\/wp\/v2\/pages\/484"}],"collection":[{"href":"https:\/\/www.shinkaifilter.com\/fr\/wp-json\/wp\/v2\/pages"}],"about":[{"href":"https:\/\/www.shinkaifilter.com\/fr\/wp-json\/wp\/v2\/types\/page"}],"author":[{"embeddable":true,"href":"https:\/\/www.shinkaifilter.com\/fr\/wp-json\/wp\/v2\/users\/1"}],"replies":[{"embeddable":true,"href":"https:\/\/www.shinkaifilter.com\/fr\/wp-json\/wp\/v2\/comments?post=484"}],"version-history":[{"count":17,"href":"https:\/\/www.shinkaifilter.com\/fr\/wp-json\/wp\/v2\/pages\/484\/revisions"}],"predecessor-version":[{"id":2304,"href":"https:\/\/www.shinkaifilter.com\/fr\/wp-json\/wp\/v2\/pages\/484\/revisions\/2304"}],"up":[{"embeddable":true,"href":"https:\/\/www.shinkaifilter.com\/fr\/wp-json\/wp\/v2\/pages\/20"}],"wp:attachment":[{"href":"https:\/\/www.shinkaifilter.com\/fr\/wp-json\/wp\/v2\/media?parent=484"}],"curies":[{"name":"wp","href":"https:\/\/api.w.org\/{rel}","templated":true}]}}