{"id":478,"date":"2020-09-30T01:22:39","date_gmt":"2020-09-30T01:22:39","guid":{"rendered":"https:\/\/www.inwings.net\/shinkai\/?page_id=478"},"modified":"2022-01-29T12:00:11","modified_gmt":"2022-01-29T12:00:11","slug":"instrument","status":"publish","type":"page","link":"https:\/\/www.shinkaifilter.com\/fr\/applications\/instrument\/","title":{"rendered":"Instrument"},"content":{"rendered":"\t\t<div data-elementor-type=\"wp-page\" data-elementor-id=\"478\" class=\"elementor elementor-478\">\n\t\t\t\t\t\t<div class=\"elementor-inner\">\n\t\t\t\t<div class=\"elementor-section-wrap\">\n\t\t\t\t\t\t\t\t\t<section class=\"elementor-section elementor-top-section elementor-element elementor-element-b0aac58 elementor-section-stretched elementor-section-boxed elementor-section-height-default elementor-section-height-default\" data-id=\"b0aac58\" data-element_type=\"section\" data-settings=\"{&quot;stretch_section&quot;:&quot;section-stretched&quot;,&quot;background_background&quot;:&quot;classic&quot;}\">\n\t\t\t\t\t\t<div class=\"elementor-container elementor-column-gap-default\">\n\t\t\t\t\t\t\t<div class=\"elementor-row\">\n\t\t\t\t\t<div class=\"elementor-column elementor-col-100 elementor-top-column elementor-element elementor-element-3cd7c33\" data-id=\"3cd7c33\" data-element_type=\"column\">\n\t\t\t<div class=\"elementor-column-wrap elementor-element-populated\">\n\t\t\t\t\t\t\t<div class=\"elementor-widget-wrap\">\n\t\t\t\t\t\t\t\t<\/div>\n\t\t\t\t\t<\/div>\n\t\t<\/div>\n\t\t\t\t\t\t\t\t<\/div>\n\t\t\t\t\t<\/div>\n\t\t<\/section>\n\t\t\t\t<section class=\"elementor-section elementor-top-section elementor-element elementor-element-aa4a849 elementor-section-boxed elementor-section-height-default elementor-section-height-default\" data-id=\"aa4a849\" data-element_type=\"section\">\n\t\t\t\t\t\t<div class=\"elementor-container elementor-column-gap-default\">\n\t\t\t\t\t\t\t<div class=\"elementor-row\">\n\t\t\t\t\t<div class=\"elementor-column elementor-col-50 elementor-top-column elementor-element elementor-element-b416da4\" data-id=\"b416da4\" data-element_type=\"column\">\n\t\t\t<div class=\"elementor-column-wrap elementor-element-populated\">\n\t\t\t\t\t\t\t<div class=\"elementor-widget-wrap\">\n\t\t\t\t\t\t<div class=\"elementor-element elementor-element-c43eadb elementor-widget elementor-widget-heading\" data-id=\"c43eadb\" data-element_type=\"widget\" data-widget_type=\"heading.default\">\n\t\t\t\t<div class=\"elementor-widget-container\">\n\t\t\t<h1 class=\"elementor-heading-title elementor-size-default\">Instrument\n<\/h1>\t\t<\/div>\n\t\t\t\t<\/div>\n\t\t\t\t<div class=\"elementor-element elementor-element-ee2db33 elementor-widget elementor-widget-text-editor\" data-id=\"ee2db33\" data-element_type=\"widget\" data-widget_type=\"text-editor.default\">\n\t\t\t\t<div class=\"elementor-widget-container\">\n\t\t\t\t\t\t\t\t<div class=\"elementor-text-editor elementor-clearfix\">\n\t\t\t\t<p>Du barrage au vaisseau spatial, des dispositifs m\u00e9dicaux aux instruments de test en laboratoire, les \u00e9l\u00e9ments poreux en m\u00e9tal fritt\u00e9 Shinkai sont largement utilis\u00e9s dans diverses industries.<\/p>\n<p><img class=\"alignnone size-full wp-image-1489\" src=\"https:\/\/www.shinkaifilter.com\/wp-content\/uploads\/2020\/10\/Instrument-10.20.jpg\" alt=\"\" width=\"399\" height=\"285\" srcset=\"https:\/\/www.shinkaifilter.com\/fr\/wp-content\/uploads\/2020\/10\/Instrument-10.20.jpg 399w, https:\/\/www.shinkaifilter.com\/fr\/wp-content\/uploads\/2020\/10\/Instrument-10.20-300x214.jpg 300w\" sizes=\"(max-width: 399px) 100vw, 399px\" \/><\/p>\n<p>&#8220;Lors des op\u00e9rations de soudage au gaz et de coupage au gaz, la trempe est in\u00e9vitable. Afin d&#8217;\u00e9viter que la flamme temp\u00e9r\u00e9e ne p\u00e9n\u00e8tre dans la canalisation d&#8217;ac\u00e9tyl\u00e8ne et la bouteille d&#8217;ac\u00e9tyl\u00e8ne, provoquant un accident catastrophique, un dispositif de s\u00e9curit\u00e9 pour emp\u00eacher le retour du gaz doit \u00eatre install\u00e9 sur la canalisation d&#8217;ac\u00e9tyl\u00e8ne qui est appel\u00e9 fusible de trempe. L&#8217;\u00e9l\u00e9ment filtrant poreux fritt\u00e9 agit comme un fusible de revenu pour une protection absolue.<\/p>\n<p>Le principe du silencieux \u00e0 petits trous est bas\u00e9 sur le spectre du bruit de jet. Si la surface totale du bec est maintenue constante, de nombreux petits trous sont alors utilis\u00e9s. Lorsque l&#8217;air circule \u00e0 travers le petit trou, le spectre du bruit de jet se d\u00e9place vers la haute fr\u00e9quence ou super. La haute fr\u00e9quence r\u00e9duit consid\u00e9rablement les composants audibles du spectre, r\u00e9duisant ainsi les interf\u00e9rences et les dommages caus\u00e9s aux personnes. Les filtres originaux en m\u00e9tal poreux fritt\u00e9 Shinkai peuvent remplir la m\u00eame fonction tandis que la perte de pression du silencieux reste dans les limites autoris\u00e9es.<\/p>\n<p>Pendant l&#8217;op\u00e9ration de soudage \u00e0 l&#8217;arc sous argon, si le d\u00e9bit d&#8217;argon du soudage \u00e0 l&#8217;arc est trop important, non seulement le gaz argon est gaspill\u00e9, mais \u00e9galement le flux turbulent du flux d&#8217;air protecteur peut se former et l&#8217;air est emp\u00eatr\u00e9 dans la zone de protection pour r\u00e9duire l&#8217;effet protecteur. Les originaux en m\u00e9tal poreux fritt\u00e9 Shinkai peuvent emp\u00eacher efficacement l&#8217;\u00e9coulement turbulent du gaz protecteur.&#8221;<\/p>\n<p><strong>Des produits<\/strong><br>\u25cf Filtre \u00e0 membrane m\u00e9tallique<br>\u25cf \u00c9l\u00e9ment XKP-AX en poudre m\u00e9tallique fritt\u00e9e<br>\u25cf \u00c9l\u00e9ment XKP-TIS ultrafin en m\u00e9tal fritt\u00e9&#8221;<\/p>\n<p><strong>Propri\u00e9t\u00e9s<\/strong><br>&#8220;<br>\u25cf Bonne pr\u00e9cision de filtrage (0,5\u03bcm \u00e0 200\u03bcm)<br>\u25cf Stabilit\u00e9 de forme, composants \u00e0 haute r\u00e9sistance (r\u00e9sistance \u00e0 la pression suffisante jusqu&#8217;\u00e0 50 bars)<br>\u25cf R\u00e9sistance thermique suffisante jusqu&#8217;\u00e0 900\u2103<br>\u25cf R\u00e9sistance \u00e0 la corrosion<br>\u25cf R\u00e9tention des particules et porosit\u00e9 \u00e9lev\u00e9e (15% ~ 90%)&#8221;<\/p>\n<p><strong>Applications<\/strong><br>\u25cf Protection contre les explosions et silencieux<br>\n\u25cf Barbotage<br>\n\u25cf Fluidisation<br>\n\u25cf Pare-flammes<br>\n\u25cf D\u00e9tection de fum\u00e9e Cems<br>\n\u25cf Filtre et insonorisant sur l&#8217;\u00e9quipement pneumatique&#8221;<\/p>\t\t\t\t\t<\/div>\n\t\t\t\t\t\t<\/div>\n\t\t\t\t<\/div>\n\t\t\t\t\t\t<\/div>\n\t\t\t\t\t<\/div>\n\t\t<\/div>\n\t\t\t\t<div class=\"elementor-column elementor-col-50 elementor-top-column elementor-element elementor-element-db9d53e\" data-id=\"db9d53e\" data-element_type=\"column\">\n\t\t\t<div class=\"elementor-column-wrap elementor-element-populated\">\n\t\t\t\t\t\t\t<div class=\"elementor-widget-wrap\">\n\t\t\t\t\t\t<div class=\"elementor-element elementor-element-7f5bf89 elementor-widget elementor-widget-ppm-menu\" data-id=\"7f5bf89\" data-element_type=\"widget\" data-widget_type=\"ppm-menu.default\">\n\t\t\t\t<div class=\"elementor-widget-container\">\n\t\t\t<div class=\"special-nav\">\n            <h3 class=\"special-nav-menu-title\">Applications<\/h3>\n            <div class=\"menu-applications-menu-container\"><ul id=\"menu-applications-menu\" class=\"menu\"><li id=\"menu-item-503\" class=\"menu-item menu-item-type-post_type menu-item-object-page menu-item-503\"><a href=\"https:\/\/www.shinkaifilter.com\/fr\/applications\/fine-chemical\/\">Chimie fine<\/a><\/li>\n<li id=\"menu-item-502\" class=\"menu-item menu-item-type-post_type menu-item-object-page menu-item-502\"><a href=\"https:\/\/www.shinkaifilter.com\/fr\/applications\/petrochemical\/\">P\u00e9trochimique<\/a><\/li>\n<li id=\"menu-item-501\" class=\"menu-item menu-item-type-post_type menu-item-object-page menu-item-501\"><a href=\"https:\/\/www.shinkaifilter.com\/fr\/applications\/aerospace-defense\/\">A\u00e9rospatial et D\u00e9fense<\/a><\/li>\n<li id=\"menu-item-500\" class=\"menu-item menu-item-type-post_type menu-item-object-page menu-item-500\"><a href=\"https:\/\/www.shinkaifilter.com\/fr\/applications\/instrument\/\">Instrument<\/a><\/li>\n<li id=\"menu-item-499\" class=\"menu-item menu-item-type-post_type menu-item-object-page menu-item-499\"><a href=\"https:\/\/www.shinkaifilter.com\/fr\/applications\/silicon\/\">Silicium<\/a><\/li>\n<li id=\"menu-item-498\" class=\"menu-item menu-item-type-post_type menu-item-object-page menu-item-498\"><a href=\"https:\/\/www.shinkaifilter.com\/fr\/applications\/coal-chemical\/\">Charbon Chimique<\/a><\/li>\n<li id=\"menu-item-497\" class=\"menu-item menu-item-type-post_type menu-item-object-page menu-item-497\"><a href=\"https:\/\/www.shinkaifilter.com\/fr\/applications\/lithium-battery-new-energy\/\">Batterie au lithium Nouvelle \u00e9nergie<\/a><\/li>\n<li id=\"menu-item-496\" class=\"menu-item menu-item-type-post_type menu-item-object-page menu-item-496\"><a href=\"https:\/\/www.shinkaifilter.com\/fr\/applications\/food-and-beverage\/\">Nourriture et boisson<\/a><\/li>\n<\/ul><\/div>\n        <\/div>\t\t<\/div>\n\t\t\t\t<\/div>\n\t\t\t\t\t\t<\/div>\n\t\t\t\t\t<\/div>\n\t\t<\/div>\n\t\t\t\t\t\t\t\t<\/div>\n\t\t\t\t\t<\/div>\n\t\t<\/section>\n\t\t\t\t<section class=\"elementor-section elementor-top-section elementor-element elementor-element-267eefd elementor-section-boxed elementor-section-height-default elementor-section-height-default\" data-id=\"267eefd\" data-element_type=\"section\">\n\t\t\t\t\t\t<div class=\"elementor-container elementor-column-gap-default\">\n\t\t\t\t\t\t\t<div class=\"elementor-row\">\n\t\t\t\t\t<div class=\"elementor-column elementor-col-100 elementor-top-column elementor-element elementor-element-e9a49a1\" data-id=\"e9a49a1\" data-element_type=\"column\">\n\t\t\t<div class=\"elementor-column-wrap elementor-element-populated\">\n\t\t\t\t\t\t\t<div class=\"elementor-widget-wrap\">\n\t\t\t\t\t\t<div class=\"elementor-element elementor-element-f71a34f elementor-widget elementor-widget-gallery\" data-id=\"f71a34f\" data-element_type=\"widget\" data-settings=\"{&quot;columns&quot;:2,&quot;lazyload&quot;:&quot;yes&quot;,&quot;gallery_layout&quot;:&quot;grid&quot;,&quot;columns_tablet&quot;:2,&quot;columns_mobile&quot;:1,&quot;gap&quot;:{&quot;unit&quot;:&quot;px&quot;,&quot;size&quot;:10,&quot;sizes&quot;:[]},&quot;gap_tablet&quot;:{&quot;unit&quot;:&quot;px&quot;,&quot;size&quot;:10,&quot;sizes&quot;:[]},&quot;gap_mobile&quot;:{&quot;unit&quot;:&quot;px&quot;,&quot;size&quot;:10,&quot;sizes&quot;:[]},&quot;link_to&quot;:&quot;file&quot;,&quot;aspect_ratio&quot;:&quot;3:2&quot;,&quot;overlay_background&quot;:&quot;yes&quot;,&quot;content_hover_animation&quot;:&quot;fade-in&quot;}\" data-widget_type=\"gallery.default\">\n\t\t\t\t<div class=\"elementor-widget-container\">\n\t\t\t\t\t<div class=\"elementor-gallery__container\">\n\t\t\t\t\t\t\t<a class=\"e-gallery-item elementor-gallery-item elementor-animated-content\" href=\"https:\/\/www.shinkaifilter.com\/fr\/wp-content\/uploads\/2020\/10\/Instrument-5.jpg\" data-elementor-open-lightbox=\"yes\" data-elementor-lightbox-slideshow=\"all-f71a34f\" data-elementor-lightbox-title=\"Instrument-5\" e-action-hash=\"#elementor-action%3Aaction%3Dlightbox%26settings%3DeyJpZCI6MTI5MiwidXJsIjoiaHR0cHM6XC9cL3d3dy5zaGlua2FpZmlsdGVyLmNvbVwvZnJcL3dwLWNvbnRlbnRcL3VwbG9hZHNcLzIwMjBcLzEwXC9JbnN0cnVtZW50LTUuanBnIiwic2xpZGVzaG93IjoiYWxsLWY3MWEzNGYifQ%3D%3D\">\n\t\t\t\t\t<div class=\"e-gallery-image elementor-gallery-item__image\" data-thumbnail=\"https:\/\/www.shinkaifilter.com\/fr\/wp-content\/uploads\/2020\/10\/Instrument-5.jpg\" data-width=\"917\" data-height=\"655\" alt=\"Instrument\" ><\/div>\n\t\t\t\t\t\t\t\t\t\t<div class=\"elementor-gallery-item__overlay\"><\/div>\n\t\t\t\t\t\t\t\t\t\t\t\t\t\t<\/a>\n\t\t\t\t\t\t\t<a class=\"e-gallery-item elementor-gallery-item elementor-animated-content\" href=\"https:\/\/www.shinkaifilter.com\/fr\/wp-content\/uploads\/2020\/10\/Instrument-3.jpg\" data-elementor-open-lightbox=\"yes\" data-elementor-lightbox-slideshow=\"all-f71a34f\" data-elementor-lightbox-title=\"Instrument-3\" e-action-hash=\"#elementor-action%3Aaction%3Dlightbox%26settings%3DeyJpZCI6OTgwLCJ1cmwiOiJodHRwczpcL1wvd3d3LnNoaW5rYWlmaWx0ZXIuY29tXC9mclwvd3AtY29udGVudFwvdXBsb2Fkc1wvMjAyMFwvMTBcL0luc3RydW1lbnQtMy5qcGciLCJzbGlkZXNob3ciOiJhbGwtZjcxYTM0ZiJ9\">\n\t\t\t\t\t<div class=\"e-gallery-image elementor-gallery-item__image\" data-thumbnail=\"https:\/\/www.shinkaifilter.com\/fr\/wp-content\/uploads\/2020\/10\/Instrument-3.jpg\" data-width=\"640\" data-height=\"428\" alt=\"Instrument\" ><\/div>\n\t\t\t\t\t\t\t\t\t\t<div class=\"elementor-gallery-item__overlay\"><\/div>\n\t\t\t\t\t\t\t\t\t\t\t\t\t\t<\/a>\n\t\t\t\t\t\t\t<a class=\"e-gallery-item elementor-gallery-item elementor-animated-content\" href=\"https:\/\/www.shinkaifilter.com\/fr\/wp-content\/uploads\/2020\/10\/Instrument-6-1.jpg\" data-elementor-open-lightbox=\"yes\" data-elementor-lightbox-slideshow=\"all-f71a34f\" data-elementor-lightbox-title=\"Instrument-6\" e-action-hash=\"#elementor-action%3Aaction%3Dlightbox%26settings%3DeyJpZCI6MTI5MywidXJsIjoiaHR0cHM6XC9cL3d3dy5zaGlua2FpZmlsdGVyLmNvbVwvZnJcL3dwLWNvbnRlbnRcL3VwbG9hZHNcLzIwMjBcLzEwXC9JbnN0cnVtZW50LTYtMS5qcGciLCJzbGlkZXNob3ciOiJhbGwtZjcxYTM0ZiJ9\">\n\t\t\t\t\t<div class=\"e-gallery-image elementor-gallery-item__image\" data-thumbnail=\"https:\/\/www.shinkaifilter.com\/fr\/wp-content\/uploads\/2020\/10\/Instrument-6-1.jpg\" data-width=\"754\" data-height=\"539\" alt=\"Instrument\" ><\/div>\n\t\t\t\t\t\t\t\t\t\t<div class=\"elementor-gallery-item__overlay\"><\/div>\n\t\t\t\t\t\t\t\t\t\t\t\t\t\t<\/a>\n\t\t\t\t\t\t\t<a class=\"e-gallery-item elementor-gallery-item elementor-animated-content\" href=\"https:\/\/www.shinkaifilter.com\/fr\/wp-content\/uploads\/2020\/10\/Instrument-4.jpg\" data-elementor-open-lightbox=\"yes\" data-elementor-lightbox-slideshow=\"all-f71a34f\" data-elementor-lightbox-title=\"Instrument-4\" e-action-hash=\"#elementor-action%3Aaction%3Dlightbox%26settings%3DeyJpZCI6OTgxLCJ1cmwiOiJodHRwczpcL1wvd3d3LnNoaW5rYWlmaWx0ZXIuY29tXC9mclwvd3AtY29udGVudFwvdXBsb2Fkc1wvMjAyMFwvMTBcL0luc3RydW1lbnQtNC5qcGciLCJzbGlkZXNob3ciOiJhbGwtZjcxYTM0ZiJ9\">\n\t\t\t\t\t<div class=\"e-gallery-image elementor-gallery-item__image\" data-thumbnail=\"https:\/\/www.shinkaifilter.com\/fr\/wp-content\/uploads\/2020\/10\/Instrument-4.jpg\" data-width=\"640\" data-height=\"428\" alt=\"Instrument\" ><\/div>\n\t\t\t\t\t\t\t\t\t\t<div class=\"elementor-gallery-item__overlay\"><\/div>\n\t\t\t\t\t\t\t\t\t\t\t\t\t\t<\/a>\n\t\t\t\t\t<\/div>\n\t\t\t<\/div>\n\t\t\t\t<\/div>\n\t\t\t\t\t\t<\/div>\n\t\t\t\t\t<\/div>\n\t\t<\/div>\n\t\t\t\t\t\t\t\t<\/div>\n\t\t\t\t\t<\/div>\n\t\t<\/section>\n\t\t\t\t\t\t\t\t\t<\/div>\n\t\t\t<\/div>\n\t\t\t\t\t<\/div>\n\t\t","protected":false},"excerpt":{"rendered":"<p>Instrument Du barrage au vaisseau spatial, des dispositifs m\u00e9dicaux aux instruments de test en laboratoire, les \u00e9l\u00e9ments poreux en m\u00e9tal fritt\u00e9 Shinkai sont largement utilis\u00e9s dans diverses industries. &#8220;Lors des op\u00e9rations de soudage au gaz et de coupage au gaz, la trempe est in\u00e9vitable. Afin d&#8217;\u00e9viter que la flamme temp\u00e9r\u00e9e ne p\u00e9n\u00e8tre dans la canalisation [&hellip;]<\/p>\n","protected":false},"author":1,"featured_media":0,"parent":20,"menu_order":0,"comment_status":"closed","ping_status":"closed","template":"elementor_header_footer","meta":[],"yoast_head":"<!-- This site is optimized with the Yoast SEO plugin v18.6 - https:\/\/yoast.com\/wordpress\/plugins\/seo\/ -->\n<title>Instrument Application, Sintered Metal Porous Elements | SHINKAI<\/title>\n<meta name=\"description\" content=\"From the dam to the spacecraft, from medical devices to testing instruments, Shinkai sinter metal porous elements are widely used.\" \/>\n<meta name=\"robots\" content=\"index, follow, max-snippet:-1, max-image-preview:large, max-video-preview:-1\" \/>\n<link rel=\"canonical\" href=\"https:\/\/www.shinkaifilter.com\/fr\/applications\/instrument\/\" \/>\n<meta property=\"og:locale\" content=\"en_US\" \/>\n<meta property=\"og:type\" content=\"article\" \/>\n<meta property=\"og:title\" content=\"Instrument Application, Sintered Metal Porous Elements | SHINKAI\" \/>\n<meta property=\"og:description\" content=\"From the dam to the spacecraft, from medical devices to testing instruments, Shinkai sinter metal porous elements are widely used.\" \/>\n<meta property=\"og:url\" content=\"https:\/\/www.shinkaifilter.com\/fr\/applications\/instrument\/\" \/>\n<meta property=\"og:site_name\" content=\"SHINKAI\" \/>\n<meta property=\"article:modified_time\" content=\"2022-01-29T12:00:11+00:00\" \/>\n<meta property=\"og:image\" content=\"https:\/\/www.shinkaifilter.com\/wp-content\/uploads\/2020\/10\/Instrument-10.20.jpg\" \/>\n<meta name=\"twitter:card\" content=\"summary_large_image\" \/>\n<meta name=\"twitter:label1\" content=\"Est. reading time\" \/>\n\t<meta name=\"twitter:data1\" content=\"2 minutes\" \/>\n<script type=\"application\/ld+json\" class=\"yoast-schema-graph\">{\"@context\":\"https:\/\/schema.org\",\"@graph\":[{\"@type\":\"WebSite\",\"@id\":\"https:\/\/www.shinkaifilter.com\/fr\/#website\",\"url\":\"https:\/\/www.shinkaifilter.com\/fr\/\",\"name\":\"SHINKAI\",\"description\":\"Hot Gas Filtration, Gas Solid Separation Systems | Shinkai\",\"potentialAction\":[{\"@type\":\"SearchAction\",\"target\":{\"@type\":\"EntryPoint\",\"urlTemplate\":\"https:\/\/www.shinkaifilter.com\/fr\/?s={search_term_string}\"},\"query-input\":\"required name=search_term_string\"}],\"inLanguage\":\"en-US\"},{\"@type\":\"ImageObject\",\"@id\":\"https:\/\/www.shinkaifilter.com\/fr\/applications\/instrument\/#primaryimage\",\"inLanguage\":\"en-US\",\"url\":\"https:\/\/www.shinkaifilter.com\/wp-content\/uploads\/2020\/10\/Instrument-10.20.jpg\",\"contentUrl\":\"https:\/\/www.shinkaifilter.com\/wp-content\/uploads\/2020\/10\/Instrument-10.20.jpg\"},{\"@type\":\"WebPage\",\"@id\":\"https:\/\/www.shinkaifilter.com\/fr\/applications\/instrument\/#webpage\",\"url\":\"https:\/\/www.shinkaifilter.com\/fr\/applications\/instrument\/\",\"name\":\"Instrument Application, Sintered Metal Porous Elements | SHINKAI\",\"isPartOf\":{\"@id\":\"https:\/\/www.shinkaifilter.com\/fr\/#website\"},\"primaryImageOfPage\":{\"@id\":\"https:\/\/www.shinkaifilter.com\/fr\/applications\/instrument\/#primaryimage\"},\"datePublished\":\"2020-09-30T01:22:39+00:00\",\"dateModified\":\"2022-01-29T12:00:11+00:00\",\"description\":\"From the dam to the spacecraft, from medical devices to testing instruments, Shinkai sinter metal porous elements are widely used.\",\"breadcrumb\":{\"@id\":\"https:\/\/www.shinkaifilter.com\/fr\/applications\/instrument\/#breadcrumb\"},\"inLanguage\":\"en-US\",\"potentialAction\":[{\"@type\":\"ReadAction\",\"target\":[\"https:\/\/www.shinkaifilter.com\/fr\/applications\/instrument\/\"]}]},{\"@type\":\"BreadcrumbList\",\"@id\":\"https:\/\/www.shinkaifilter.com\/fr\/applications\/instrument\/#breadcrumb\",\"itemListElement\":[{\"@type\":\"ListItem\",\"position\":1,\"name\":\"Home\",\"item\":\"https:\/\/www.shinkaifilter.com\/fr\/\"},{\"@type\":\"ListItem\",\"position\":2,\"name\":\"Applications\",\"item\":\"https:\/\/www.shinkaifilter.com\/fr\/applications\/\"},{\"@type\":\"ListItem\",\"position\":3,\"name\":\"Instrument\"}]}]}<\/script>\n<!-- \/ Yoast SEO plugin. -->","yoast_head_json":{"title":"Instrument Application, Sintered Metal Porous Elements | SHINKAI","description":"From the dam to the spacecraft, from medical devices to testing instruments, Shinkai sinter metal porous elements are widely used.","robots":{"index":"index","follow":"follow","max-snippet":"max-snippet:-1","max-image-preview":"max-image-preview:large","max-video-preview":"max-video-preview:-1"},"canonical":"https:\/\/www.shinkaifilter.com\/fr\/applications\/instrument\/","og_locale":"en_US","og_type":"article","og_title":"Instrument Application, Sintered Metal Porous Elements | SHINKAI","og_description":"From the dam to the spacecraft, from medical devices to testing instruments, Shinkai sinter metal porous elements are widely used.","og_url":"https:\/\/www.shinkaifilter.com\/fr\/applications\/instrument\/","og_site_name":"SHINKAI","article_modified_time":"2022-01-29T12:00:11+00:00","og_image":[{"url":"https:\/\/www.shinkaifilter.com\/wp-content\/uploads\/2020\/10\/Instrument-10.20.jpg"}],"twitter_card":"summary_large_image","twitter_misc":{"Est. reading time":"2 minutes"},"schema":{"@context":"https:\/\/schema.org","@graph":[{"@type":"WebSite","@id":"https:\/\/www.shinkaifilter.com\/fr\/#website","url":"https:\/\/www.shinkaifilter.com\/fr\/","name":"SHINKAI","description":"Hot Gas Filtration, Gas Solid Separation Systems | Shinkai","potentialAction":[{"@type":"SearchAction","target":{"@type":"EntryPoint","urlTemplate":"https:\/\/www.shinkaifilter.com\/fr\/?s={search_term_string}"},"query-input":"required name=search_term_string"}],"inLanguage":"en-US"},{"@type":"ImageObject","@id":"https:\/\/www.shinkaifilter.com\/fr\/applications\/instrument\/#primaryimage","inLanguage":"en-US","url":"https:\/\/www.shinkaifilter.com\/wp-content\/uploads\/2020\/10\/Instrument-10.20.jpg","contentUrl":"https:\/\/www.shinkaifilter.com\/wp-content\/uploads\/2020\/10\/Instrument-10.20.jpg"},{"@type":"WebPage","@id":"https:\/\/www.shinkaifilter.com\/fr\/applications\/instrument\/#webpage","url":"https:\/\/www.shinkaifilter.com\/fr\/applications\/instrument\/","name":"Instrument Application, Sintered Metal Porous Elements | SHINKAI","isPartOf":{"@id":"https:\/\/www.shinkaifilter.com\/fr\/#website"},"primaryImageOfPage":{"@id":"https:\/\/www.shinkaifilter.com\/fr\/applications\/instrument\/#primaryimage"},"datePublished":"2020-09-30T01:22:39+00:00","dateModified":"2022-01-29T12:00:11+00:00","description":"From the dam to the spacecraft, from medical devices to testing instruments, Shinkai sinter metal porous elements are widely used.","breadcrumb":{"@id":"https:\/\/www.shinkaifilter.com\/fr\/applications\/instrument\/#breadcrumb"},"inLanguage":"en-US","potentialAction":[{"@type":"ReadAction","target":["https:\/\/www.shinkaifilter.com\/fr\/applications\/instrument\/"]}]},{"@type":"BreadcrumbList","@id":"https:\/\/www.shinkaifilter.com\/fr\/applications\/instrument\/#breadcrumb","itemListElement":[{"@type":"ListItem","position":1,"name":"Home","item":"https:\/\/www.shinkaifilter.com\/fr\/"},{"@type":"ListItem","position":2,"name":"Applications","item":"https:\/\/www.shinkaifilter.com\/fr\/applications\/"},{"@type":"ListItem","position":3,"name":"Instrument"}]}]}},"_links":{"self":[{"href":"https:\/\/www.shinkaifilter.com\/fr\/wp-json\/wp\/v2\/pages\/478"}],"collection":[{"href":"https:\/\/www.shinkaifilter.com\/fr\/wp-json\/wp\/v2\/pages"}],"about":[{"href":"https:\/\/www.shinkaifilter.com\/fr\/wp-json\/wp\/v2\/types\/page"}],"author":[{"embeddable":true,"href":"https:\/\/www.shinkaifilter.com\/fr\/wp-json\/wp\/v2\/users\/1"}],"replies":[{"embeddable":true,"href":"https:\/\/www.shinkaifilter.com\/fr\/wp-json\/wp\/v2\/comments?post=478"}],"version-history":[{"count":21,"href":"https:\/\/www.shinkaifilter.com\/fr\/wp-json\/wp\/v2\/pages\/478\/revisions"}],"predecessor-version":[{"id":2289,"href":"https:\/\/www.shinkaifilter.com\/fr\/wp-json\/wp\/v2\/pages\/478\/revisions\/2289"}],"up":[{"embeddable":true,"href":"https:\/\/www.shinkaifilter.com\/fr\/wp-json\/wp\/v2\/pages\/20"}],"wp:attachment":[{"href":"https:\/\/www.shinkaifilter.com\/fr\/wp-json\/wp\/v2\/media?parent=478"}],"curies":[{"name":"wp","href":"https:\/\/api.w.org\/{rel}","templated":true}]}}