{"id":476,"date":"2020-09-30T01:22:20","date_gmt":"2020-09-30T01:22:20","guid":{"rendered":"https:\/\/www.inwings.net\/shinkai\/?page_id=476"},"modified":"2022-01-29T11:48:13","modified_gmt":"2022-01-29T11:48:13","slug":"aerospace-defense","status":"publish","type":"page","link":"https:\/\/www.shinkaifilter.com\/fr\/applications\/aerospace-defense\/","title":{"rendered":"Aerospace &#038; Defense"},"content":{"rendered":"\t\t<div data-elementor-type=\"wp-page\" data-elementor-id=\"476\" class=\"elementor elementor-476\">\n\t\t\t\t\t\t<div class=\"elementor-inner\">\n\t\t\t\t<div class=\"elementor-section-wrap\">\n\t\t\t\t\t\t\t\t\t<section class=\"elementor-section elementor-top-section elementor-element elementor-element-2d3635b elementor-section-stretched elementor-section-boxed elementor-section-height-default elementor-section-height-default\" data-id=\"2d3635b\" data-element_type=\"section\" data-settings=\"{&quot;stretch_section&quot;:&quot;section-stretched&quot;,&quot;background_background&quot;:&quot;classic&quot;}\">\n\t\t\t\t\t\t<div class=\"elementor-container elementor-column-gap-default\">\n\t\t\t\t\t\t\t<div class=\"elementor-row\">\n\t\t\t\t\t<div class=\"elementor-column elementor-col-100 elementor-top-column elementor-element elementor-element-6070e1f\" data-id=\"6070e1f\" data-element_type=\"column\">\n\t\t\t<div class=\"elementor-column-wrap elementor-element-populated\">\n\t\t\t\t\t\t\t<div class=\"elementor-widget-wrap\">\n\t\t\t\t\t\t\t\t<\/div>\n\t\t\t\t\t<\/div>\n\t\t<\/div>\n\t\t\t\t\t\t\t\t<\/div>\n\t\t\t\t\t<\/div>\n\t\t<\/section>\n\t\t\t\t<section class=\"elementor-section elementor-top-section elementor-element elementor-element-18ce08e elementor-section-boxed elementor-section-height-default elementor-section-height-default\" data-id=\"18ce08e\" data-element_type=\"section\">\n\t\t\t\t\t\t<div class=\"elementor-container elementor-column-gap-default\">\n\t\t\t\t\t\t\t<div class=\"elementor-row\">\n\t\t\t\t\t<div class=\"elementor-column elementor-col-50 elementor-top-column elementor-element elementor-element-ccc262a\" data-id=\"ccc262a\" data-element_type=\"column\">\n\t\t\t<div class=\"elementor-column-wrap elementor-element-populated\">\n\t\t\t\t\t\t\t<div class=\"elementor-widget-wrap\">\n\t\t\t\t\t\t<div class=\"elementor-element elementor-element-82ea8aa elementor-widget elementor-widget-heading\" data-id=\"82ea8aa\" data-element_type=\"widget\" data-widget_type=\"heading.default\">\n\t\t\t\t<div class=\"elementor-widget-container\">\n\t\t\t<h1 class=\"elementor-heading-title elementor-size-default\">A\u00e9rospatial et D\u00e9fense\n<\/h1>\t\t<\/div>\n\t\t\t\t<\/div>\n\t\t\t\t<div class=\"elementor-element elementor-element-291e08c elementor-widget elementor-widget-text-editor\" data-id=\"291e08c\" data-element_type=\"widget\" data-widget_type=\"text-editor.default\">\n\t\t\t\t<div class=\"elementor-widget-container\">\n\t\t\t\t\t\t\t\t<div class=\"elementor-text-editor elementor-clearfix\">\n\t\t\t\t<p>Pendant des d\u00e9cennies, Shinkai a fourni des \u00e9l\u00e9ments poreux en m\u00e9tal fritt\u00e9 et des syst\u00e8mes de filtration pour l&#8217;industrie a\u00e9rospatiale et de la d\u00e9fense.<\/p>\n<p><img src=\"https:\/\/www.shinkaifilter.com\/wp-content\/uploads\/2020\/10\/Aerospace-Defenses-10.21\u66ff\u6362-2.jpg\" alt=\"\" width=\"1000\" height=\"579\"><\/p>\n<p>Shinkai a fourni des mat\u00e9riaux poreux en m\u00e9tal fritt\u00e9 et des syst\u00e8mes de filtration pour l&#8217;industrie militaire, tels que l&#8217;\u00e9nergie nucl\u00e9aire, l&#8217;extraction de gaz chauds solides dans les \u00e9l\u00e9ments combustibles, le recyclage de la filtration de l&#8217;eau dans les centrales nucl\u00e9aires civiles. Nous sommes devenus un fournisseur coop\u00e9rant \u00e0 long terme du CNPE, du CSIC, du CNSA et de l&#8217;acad\u00e9mie chinoise des sciences.<\/p>\n<p><strong>Des produits<\/strong><br>\u25cf Filtre \u00e0 membrane en m\u00e9tal fritt\u00e9<br>\u25cf Filtre de produit<br>\u25cf Filtre \u00e0 flux crois\u00e9<br>\u25cf Filtre \u00e0 gaz chaud<br>\u25cf \u00c9l\u00e9ment XKP-AX en poudre m\u00e9tallique fritt\u00e9e<br>\u25cf \u00c9l\u00e9ment XKP-TIS ultrafin en m\u00e9tal fritt\u00e9&#8221;<\/p>\n<p><strong>Propri\u00e9t\u00e9s<\/strong><br>&#8220;Propri\u00e9t\u00e9s<br><\/p>\n<p>\u25cf Bonne pr\u00e9cision de filtrage (0,1\u03bcm \u00e0 10\u03bcm)<br>\u25cf R\u00e9duire les risques de s\u00e9curit\u00e9 et de protection de l&#8217;environnement<br>\u25cf R\u00e9sistance thermique suffisante jusqu&#8217;\u00e0 900\u2103<br>\u25cf Stabilit\u00e9 de forme, composants \u00e0 haute r\u00e9sistance (r\u00e9sistance \u00e0 la pression suffisante jusqu&#8217;\u00e0 50 bars)<br>\u25cf Haute r\u00e9sistance \u00e0 la corrosion<br>\u25cf Perm\u00e9abilit\u00e9 et r\u00e9tention de particules d\u00e9finies<br>\u25cf Bonnes performances de lavage \u00e0 contre-courant&#8221;<\/p>\n<p><strong>Applications<\/strong><br>\u25cf Filtration du gaz fluor<br>\n\u25cf Syst\u00e8me d&#8217;\u00e9limination des d\u00e9chets, filtration des eaux us\u00e9es<br>\n\u25cf Filtration polym\u00e8re<br>\n\u25cf S\u00e9paration \u00e0 haute temp\u00e9rature de l&#8217;hexafluorure d&#8217;uranium<br>\n\u25cf Filtration par m\u00e9tallurgie des poudres \u00e0 haute temp\u00e9rature<br>\n\u25cf Turbulence des gaz et purification de filtration,&#8221;<\/p>\t\t\t\t\t<\/div>\n\t\t\t\t\t\t<\/div>\n\t\t\t\t<\/div>\n\t\t\t\t\t\t<\/div>\n\t\t\t\t\t<\/div>\n\t\t<\/div>\n\t\t\t\t<div class=\"elementor-column elementor-col-50 elementor-top-column elementor-element elementor-element-0dc43f4\" data-id=\"0dc43f4\" data-element_type=\"column\">\n\t\t\t<div class=\"elementor-column-wrap elementor-element-populated\">\n\t\t\t\t\t\t\t<div class=\"elementor-widget-wrap\">\n\t\t\t\t\t\t<div class=\"elementor-element elementor-element-3efb763 elementor-widget elementor-widget-ppm-menu\" data-id=\"3efb763\" data-element_type=\"widget\" data-widget_type=\"ppm-menu.default\">\n\t\t\t\t<div class=\"elementor-widget-container\">\n\t\t\t<div class=\"special-nav\">\n            <h3 class=\"special-nav-menu-title\">Applications<\/h3>\n            <div class=\"menu-applications-menu-container\"><ul id=\"menu-applications-menu\" class=\"menu\"><li id=\"menu-item-503\" class=\"menu-item menu-item-type-post_type menu-item-object-page menu-item-503\"><a href=\"https:\/\/www.shinkaifilter.com\/fr\/applications\/fine-chemical\/\">Chimie fine<\/a><\/li>\n<li id=\"menu-item-502\" class=\"menu-item menu-item-type-post_type menu-item-object-page menu-item-502\"><a href=\"https:\/\/www.shinkaifilter.com\/fr\/applications\/petrochemical\/\">P\u00e9trochimique<\/a><\/li>\n<li id=\"menu-item-501\" class=\"menu-item menu-item-type-post_type menu-item-object-page menu-item-501\"><a href=\"https:\/\/www.shinkaifilter.com\/fr\/applications\/aerospace-defense\/\">A\u00e9rospatial et D\u00e9fense<\/a><\/li>\n<li id=\"menu-item-500\" class=\"menu-item menu-item-type-post_type menu-item-object-page menu-item-500\"><a href=\"https:\/\/www.shinkaifilter.com\/fr\/applications\/instrument\/\">Instrument<\/a><\/li>\n<li id=\"menu-item-499\" class=\"menu-item menu-item-type-post_type menu-item-object-page menu-item-499\"><a href=\"https:\/\/www.shinkaifilter.com\/fr\/applications\/silicon\/\">Silicium<\/a><\/li>\n<li id=\"menu-item-498\" class=\"menu-item menu-item-type-post_type menu-item-object-page menu-item-498\"><a href=\"https:\/\/www.shinkaifilter.com\/fr\/applications\/coal-chemical\/\">Charbon Chimique<\/a><\/li>\n<li id=\"menu-item-497\" class=\"menu-item menu-item-type-post_type menu-item-object-page menu-item-497\"><a href=\"https:\/\/www.shinkaifilter.com\/fr\/applications\/lithium-battery-new-energy\/\">Batterie au lithium Nouvelle \u00e9nergie<\/a><\/li>\n<li id=\"menu-item-496\" class=\"menu-item menu-item-type-post_type menu-item-object-page menu-item-496\"><a href=\"https:\/\/www.shinkaifilter.com\/fr\/applications\/food-and-beverage\/\">Nourriture et boisson<\/a><\/li>\n<\/ul><\/div>\n        <\/div>\t\t<\/div>\n\t\t\t\t<\/div>\n\t\t\t\t\t\t<\/div>\n\t\t\t\t\t<\/div>\n\t\t<\/div>\n\t\t\t\t\t\t\t\t<\/div>\n\t\t\t\t\t<\/div>\n\t\t<\/section>\n\t\t\t\t<section class=\"elementor-section elementor-top-section elementor-element elementor-element-d422437 elementor-section-boxed elementor-section-height-default elementor-section-height-default\" data-id=\"d422437\" data-element_type=\"section\">\n\t\t\t\t\t\t<div class=\"elementor-container elementor-column-gap-default\">\n\t\t\t\t\t\t\t<div class=\"elementor-row\">\n\t\t\t\t\t<div class=\"elementor-column elementor-col-100 elementor-top-column elementor-element elementor-element-f1fe17f\" data-id=\"f1fe17f\" data-element_type=\"column\">\n\t\t\t<div class=\"elementor-column-wrap elementor-element-populated\">\n\t\t\t\t\t\t\t<div class=\"elementor-widget-wrap\">\n\t\t\t\t\t\t<div class=\"elementor-element elementor-element-4719f4c elementor-widget elementor-widget-gallery\" data-id=\"4719f4c\" data-element_type=\"widget\" data-settings=\"{&quot;columns&quot;:2,&quot;lazyload&quot;:&quot;yes&quot;,&quot;gallery_layout&quot;:&quot;grid&quot;,&quot;columns_tablet&quot;:2,&quot;columns_mobile&quot;:1,&quot;gap&quot;:{&quot;unit&quot;:&quot;px&quot;,&quot;size&quot;:10,&quot;sizes&quot;:[]},&quot;gap_tablet&quot;:{&quot;unit&quot;:&quot;px&quot;,&quot;size&quot;:10,&quot;sizes&quot;:[]},&quot;gap_mobile&quot;:{&quot;unit&quot;:&quot;px&quot;,&quot;size&quot;:10,&quot;sizes&quot;:[]},&quot;link_to&quot;:&quot;file&quot;,&quot;aspect_ratio&quot;:&quot;3:2&quot;,&quot;overlay_background&quot;:&quot;yes&quot;,&quot;content_hover_animation&quot;:&quot;fade-in&quot;}\" data-widget_type=\"gallery.default\">\n\t\t\t\t<div class=\"elementor-widget-container\">\n\t\t\t\t\t<div class=\"elementor-gallery__container\">\n\t\t\t\t\t\t\t<a class=\"e-gallery-item elementor-gallery-item elementor-animated-content\" href=\"https:\/\/www.shinkaifilter.com\/fr\/wp-content\/uploads\/2020\/10\/Aerospace-Defenses-1-1.jpg\" data-elementor-open-lightbox=\"yes\" data-elementor-lightbox-slideshow=\"all-4719f4c\" data-elementor-lightbox-title=\"Aerospace &amp; Defenses-1\" e-action-hash=\"#elementor-action%3Aaction%3Dlightbox%26settings%3DeyJpZCI6OTc0LCJ1cmwiOiJodHRwczpcL1wvd3d3LnNoaW5rYWlmaWx0ZXIuY29tXC9mclwvd3AtY29udGVudFwvdXBsb2Fkc1wvMjAyMFwvMTBcL0Flcm9zcGFjZS1EZWZlbnNlcy0xLTEuanBnIiwic2xpZGVzaG93IjoiYWxsLTQ3MTlmNGMifQ%3D%3D\">\n\t\t\t\t\t<div class=\"e-gallery-image elementor-gallery-item__image\" data-thumbnail=\"https:\/\/www.shinkaifilter.com\/fr\/wp-content\/uploads\/2020\/10\/Aerospace-Defenses-1-1.jpg\" data-width=\"640\" data-height=\"428\" alt=\"Aerospace &amp; Defenses\" ><\/div>\n\t\t\t\t\t\t\t\t\t\t<div class=\"elementor-gallery-item__overlay\"><\/div>\n\t\t\t\t\t\t\t\t\t\t\t\t\t\t<\/a>\n\t\t\t\t\t\t\t<a class=\"e-gallery-item elementor-gallery-item elementor-animated-content\" href=\"https:\/\/www.shinkaifilter.com\/fr\/wp-content\/uploads\/2020\/10\/Aerospace-Defenses-2.jpg\" data-elementor-open-lightbox=\"yes\" data-elementor-lightbox-slideshow=\"all-4719f4c\" data-elementor-lightbox-title=\"Aerospace &amp; Defenses-2\" e-action-hash=\"#elementor-action%3Aaction%3Dlightbox%26settings%3DeyJpZCI6OTc1LCJ1cmwiOiJodHRwczpcL1wvd3d3LnNoaW5rYWlmaWx0ZXIuY29tXC9mclwvd3AtY29udGVudFwvdXBsb2Fkc1wvMjAyMFwvMTBcL0Flcm9zcGFjZS1EZWZlbnNlcy0yLmpwZyIsInNsaWRlc2hvdyI6ImFsbC00NzE5ZjRjIn0%3D\">\n\t\t\t\t\t<div class=\"e-gallery-image elementor-gallery-item__image\" data-thumbnail=\"https:\/\/www.shinkaifilter.com\/fr\/wp-content\/uploads\/2020\/10\/Aerospace-Defenses-2.jpg\" data-width=\"640\" data-height=\"428\" alt=\"Aerospace &amp; Defenses\" ><\/div>\n\t\t\t\t\t\t\t\t\t\t<div class=\"elementor-gallery-item__overlay\"><\/div>\n\t\t\t\t\t\t\t\t\t\t\t\t\t\t<\/a>\n\t\t\t\t\t<\/div>\n\t\t\t<\/div>\n\t\t\t\t<\/div>\n\t\t\t\t\t\t<\/div>\n\t\t\t\t\t<\/div>\n\t\t<\/div>\n\t\t\t\t\t\t\t\t<\/div>\n\t\t\t\t\t<\/div>\n\t\t<\/section>\n\t\t\t\t\t\t\t\t\t<\/div>\n\t\t\t<\/div>\n\t\t\t\t\t<\/div>\n\t\t","protected":false},"excerpt":{"rendered":"<p>A\u00e9rospatial et D\u00e9fense Pendant des d\u00e9cennies, Shinkai a fourni des \u00e9l\u00e9ments poreux en m\u00e9tal fritt\u00e9 et des syst\u00e8mes de filtration pour l&#8217;industrie a\u00e9rospatiale et de la d\u00e9fense. Shinkai a fourni des mat\u00e9riaux poreux en m\u00e9tal fritt\u00e9 et des syst\u00e8mes de filtration pour l&#8217;industrie militaire, tels que l&#8217;\u00e9nergie nucl\u00e9aire, l&#8217;extraction de gaz chauds solides dans les [&hellip;]<\/p>\n","protected":false},"author":1,"featured_media":0,"parent":20,"menu_order":0,"comment_status":"closed","ping_status":"closed","template":"elementor_header_footer","meta":[],"yoast_head":"<!-- This site is optimized with the Yoast SEO plugin v18.6 - https:\/\/yoast.com\/wordpress\/plugins\/seo\/ -->\n<title>Aerospace &amp; Defense, Sintered Metal Porous Elements | SHINKAI<\/title>\n<meta name=\"description\" content=\"For decades, Shinkai has provided sintered metal porous elements and filtration systems for the aerospace &amp; defenses industry.\" \/>\n<meta name=\"robots\" content=\"index, follow, max-snippet:-1, max-image-preview:large, max-video-preview:-1\" \/>\n<link rel=\"canonical\" href=\"https:\/\/www.shinkaifilter.com\/fr\/applications\/aerospace-defense\/\" \/>\n<meta property=\"og:locale\" content=\"en_US\" \/>\n<meta property=\"og:type\" content=\"article\" \/>\n<meta property=\"og:title\" content=\"Aerospace &amp; Defense, Sintered Metal Porous Elements | SHINKAI\" \/>\n<meta property=\"og:description\" content=\"For decades, Shinkai has provided sintered metal porous elements and filtration systems for the aerospace &amp; defenses industry.\" \/>\n<meta property=\"og:url\" content=\"https:\/\/www.shinkaifilter.com\/fr\/applications\/aerospace-defense\/\" \/>\n<meta property=\"og:site_name\" content=\"SHINKAI\" \/>\n<meta property=\"article:modified_time\" content=\"2022-01-29T11:48:13+00:00\" \/>\n<meta property=\"og:image\" content=\"https:\/\/www.shinkaifilter.com\/wp-content\/uploads\/2020\/10\/Aerospace-Defenses-10.21\u66ff\u6362-2.jpg\" \/>\n<meta name=\"twitter:card\" content=\"summary_large_image\" \/>\n<meta name=\"twitter:label1\" content=\"Est. reading time\" \/>\n\t<meta name=\"twitter:data1\" content=\"2 minutes\" \/>\n<script type=\"application\/ld+json\" class=\"yoast-schema-graph\">{\"@context\":\"https:\/\/schema.org\",\"@graph\":[{\"@type\":\"WebSite\",\"@id\":\"https:\/\/www.shinkaifilter.com\/fr\/#website\",\"url\":\"https:\/\/www.shinkaifilter.com\/fr\/\",\"name\":\"SHINKAI\",\"description\":\"Hot Gas Filtration, Gas Solid Separation Systems | Shinkai\",\"potentialAction\":[{\"@type\":\"SearchAction\",\"target\":{\"@type\":\"EntryPoint\",\"urlTemplate\":\"https:\/\/www.shinkaifilter.com\/fr\/?s={search_term_string}\"},\"query-input\":\"required name=search_term_string\"}],\"inLanguage\":\"en-US\"},{\"@type\":\"WebPage\",\"@id\":\"https:\/\/www.shinkaifilter.com\/fr\/applications\/aerospace-defense\/#webpage\",\"url\":\"https:\/\/www.shinkaifilter.com\/fr\/applications\/aerospace-defense\/\",\"name\":\"Aerospace & Defense, Sintered Metal Porous Elements | SHINKAI\",\"isPartOf\":{\"@id\":\"https:\/\/www.shinkaifilter.com\/fr\/#website\"},\"datePublished\":\"2020-09-30T01:22:20+00:00\",\"dateModified\":\"2022-01-29T11:48:13+00:00\",\"description\":\"For decades, Shinkai has provided sintered metal porous elements and filtration systems for the aerospace & defenses industry.\",\"breadcrumb\":{\"@id\":\"https:\/\/www.shinkaifilter.com\/fr\/applications\/aerospace-defense\/#breadcrumb\"},\"inLanguage\":\"en-US\",\"potentialAction\":[{\"@type\":\"ReadAction\",\"target\":[\"https:\/\/www.shinkaifilter.com\/fr\/applications\/aerospace-defense\/\"]}]},{\"@type\":\"BreadcrumbList\",\"@id\":\"https:\/\/www.shinkaifilter.com\/fr\/applications\/aerospace-defense\/#breadcrumb\",\"itemListElement\":[{\"@type\":\"ListItem\",\"position\":1,\"name\":\"Home\",\"item\":\"https:\/\/www.shinkaifilter.com\/fr\/\"},{\"@type\":\"ListItem\",\"position\":2,\"name\":\"Applications\",\"item\":\"https:\/\/www.shinkaifilter.com\/fr\/applications\/\"},{\"@type\":\"ListItem\",\"position\":3,\"name\":\"Aerospace &#038; Defense\"}]}]}<\/script>\n<!-- \/ Yoast SEO plugin. -->","yoast_head_json":{"title":"Aerospace & Defense, Sintered Metal Porous Elements | SHINKAI","description":"For decades, Shinkai has provided sintered metal porous elements and filtration systems for the aerospace & defenses industry.","robots":{"index":"index","follow":"follow","max-snippet":"max-snippet:-1","max-image-preview":"max-image-preview:large","max-video-preview":"max-video-preview:-1"},"canonical":"https:\/\/www.shinkaifilter.com\/fr\/applications\/aerospace-defense\/","og_locale":"en_US","og_type":"article","og_title":"Aerospace & Defense, Sintered Metal Porous Elements | SHINKAI","og_description":"For decades, Shinkai has provided sintered metal porous elements and filtration systems for the aerospace & defenses industry.","og_url":"https:\/\/www.shinkaifilter.com\/fr\/applications\/aerospace-defense\/","og_site_name":"SHINKAI","article_modified_time":"2022-01-29T11:48:13+00:00","og_image":[{"url":"https:\/\/www.shinkaifilter.com\/wp-content\/uploads\/2020\/10\/Aerospace-Defenses-10.21\u66ff\u6362-2.jpg"}],"twitter_card":"summary_large_image","twitter_misc":{"Est. reading time":"2 minutes"},"schema":{"@context":"https:\/\/schema.org","@graph":[{"@type":"WebSite","@id":"https:\/\/www.shinkaifilter.com\/fr\/#website","url":"https:\/\/www.shinkaifilter.com\/fr\/","name":"SHINKAI","description":"Hot Gas Filtration, Gas Solid Separation Systems | Shinkai","potentialAction":[{"@type":"SearchAction","target":{"@type":"EntryPoint","urlTemplate":"https:\/\/www.shinkaifilter.com\/fr\/?s={search_term_string}"},"query-input":"required name=search_term_string"}],"inLanguage":"en-US"},{"@type":"WebPage","@id":"https:\/\/www.shinkaifilter.com\/fr\/applications\/aerospace-defense\/#webpage","url":"https:\/\/www.shinkaifilter.com\/fr\/applications\/aerospace-defense\/","name":"Aerospace & Defense, Sintered Metal Porous Elements | SHINKAI","isPartOf":{"@id":"https:\/\/www.shinkaifilter.com\/fr\/#website"},"datePublished":"2020-09-30T01:22:20+00:00","dateModified":"2022-01-29T11:48:13+00:00","description":"For decades, Shinkai has provided sintered metal porous elements and filtration systems for the aerospace & defenses industry.","breadcrumb":{"@id":"https:\/\/www.shinkaifilter.com\/fr\/applications\/aerospace-defense\/#breadcrumb"},"inLanguage":"en-US","potentialAction":[{"@type":"ReadAction","target":["https:\/\/www.shinkaifilter.com\/fr\/applications\/aerospace-defense\/"]}]},{"@type":"BreadcrumbList","@id":"https:\/\/www.shinkaifilter.com\/fr\/applications\/aerospace-defense\/#breadcrumb","itemListElement":[{"@type":"ListItem","position":1,"name":"Home","item":"https:\/\/www.shinkaifilter.com\/fr\/"},{"@type":"ListItem","position":2,"name":"Applications","item":"https:\/\/www.shinkaifilter.com\/fr\/applications\/"},{"@type":"ListItem","position":3,"name":"Aerospace &#038; Defense"}]}]}},"_links":{"self":[{"href":"https:\/\/www.shinkaifilter.com\/fr\/wp-json\/wp\/v2\/pages\/476"}],"collection":[{"href":"https:\/\/www.shinkaifilter.com\/fr\/wp-json\/wp\/v2\/pages"}],"about":[{"href":"https:\/\/www.shinkaifilter.com\/fr\/wp-json\/wp\/v2\/types\/page"}],"author":[{"embeddable":true,"href":"https:\/\/www.shinkaifilter.com\/fr\/wp-json\/wp\/v2\/users\/1"}],"replies":[{"embeddable":true,"href":"https:\/\/www.shinkaifilter.com\/fr\/wp-json\/wp\/v2\/comments?post=476"}],"version-history":[{"count":26,"href":"https:\/\/www.shinkaifilter.com\/fr\/wp-json\/wp\/v2\/pages\/476\/revisions"}],"predecessor-version":[{"id":2285,"href":"https:\/\/www.shinkaifilter.com\/fr\/wp-json\/wp\/v2\/pages\/476\/revisions\/2285"}],"up":[{"embeddable":true,"href":"https:\/\/www.shinkaifilter.com\/fr\/wp-json\/wp\/v2\/pages\/20"}],"wp:attachment":[{"href":"https:\/\/www.shinkaifilter.com\/fr\/wp-json\/wp\/v2\/media?parent=476"}],"curies":[{"name":"wp","href":"https:\/\/api.w.org\/{rel}","templated":true}]}}