{"id":474,"date":"2020-09-30T01:22:03","date_gmt":"2020-09-30T01:22:03","guid":{"rendered":"https:\/\/www.inwings.net\/shinkai\/?page_id=474"},"modified":"2022-01-29T11:40:20","modified_gmt":"2022-01-29T11:40:20","slug":"petrochemical","status":"publish","type":"page","link":"https:\/\/www.shinkaifilter.com\/fr\/applications\/petrochemical\/","title":{"rendered":"Petrochemical"},"content":{"rendered":"\t\t<div data-elementor-type=\"wp-page\" data-elementor-id=\"474\" class=\"elementor elementor-474\">\n\t\t\t\t\t\t<div class=\"elementor-inner\">\n\t\t\t\t<div class=\"elementor-section-wrap\">\n\t\t\t\t\t\t\t\t\t<section class=\"elementor-section elementor-top-section elementor-element elementor-element-4b50961 elementor-section-stretched elementor-section-boxed elementor-section-height-default elementor-section-height-default\" data-id=\"4b50961\" data-element_type=\"section\" data-settings=\"{&quot;stretch_section&quot;:&quot;section-stretched&quot;,&quot;background_background&quot;:&quot;classic&quot;}\">\n\t\t\t\t\t\t<div class=\"elementor-container elementor-column-gap-default\">\n\t\t\t\t\t\t\t<div class=\"elementor-row\">\n\t\t\t\t\t<div class=\"elementor-column elementor-col-100 elementor-top-column elementor-element elementor-element-c404570\" data-id=\"c404570\" data-element_type=\"column\">\n\t\t\t<div class=\"elementor-column-wrap elementor-element-populated\">\n\t\t\t\t\t\t\t<div class=\"elementor-widget-wrap\">\n\t\t\t\t\t\t\t\t<\/div>\n\t\t\t\t\t<\/div>\n\t\t<\/div>\n\t\t\t\t\t\t\t\t<\/div>\n\t\t\t\t\t<\/div>\n\t\t<\/section>\n\t\t\t\t<section class=\"elementor-section elementor-top-section elementor-element elementor-element-679e5bf elementor-section-boxed elementor-section-height-default elementor-section-height-default\" data-id=\"679e5bf\" data-element_type=\"section\">\n\t\t\t\t\t\t<div class=\"elementor-container elementor-column-gap-default\">\n\t\t\t\t\t\t\t<div class=\"elementor-row\">\n\t\t\t\t\t<div class=\"elementor-column elementor-col-50 elementor-top-column elementor-element elementor-element-bc9410e\" data-id=\"bc9410e\" data-element_type=\"column\">\n\t\t\t<div class=\"elementor-column-wrap elementor-element-populated\">\n\t\t\t\t\t\t\t<div class=\"elementor-widget-wrap\">\n\t\t\t\t\t\t<div class=\"elementor-element elementor-element-dd9d260 elementor-widget elementor-widget-heading\" data-id=\"dd9d260\" data-element_type=\"widget\" data-widget_type=\"heading.default\">\n\t\t\t\t<div class=\"elementor-widget-container\">\n\t\t\t<h1 class=\"elementor-heading-title elementor-size-default\">P\u00e9trochimique\n<\/h1>\t\t<\/div>\n\t\t\t\t<\/div>\n\t\t\t\t<div class=\"elementor-element elementor-element-53f2306 elementor-widget elementor-widget-text-editor\" data-id=\"53f2306\" data-element_type=\"widget\" data-widget_type=\"text-editor.default\">\n\t\t\t\t<div class=\"elementor-widget-container\">\n\t\t\t\t\t\t\t\t<div class=\"elementor-text-editor elementor-clearfix\">\n\t\t\t\t<p>Shinkai fournit aux clients de l&#8217;industrie p\u00e9trochimique des solutions efficaces et des syst\u00e8mes pratiques de filtration de m\u00e9tal fritt\u00e9.<\/p><p><img class=\"alignnone size-full wp-image-1485\" style=\"color: inherit; font-family: inherit; font-size: 1rem;\" src=\"https:\/\/www.shinkaifilter.com\/wp-content\/uploads\/2020\/10\/Petrochemical-10.202.jpg\" alt=\"\" width=\"1282\" height=\"915\" srcset=\"https:\/\/www.shinkaifilter.com\/fr\/wp-content\/uploads\/2020\/10\/Petrochemical-10.202.jpg 1282w, https:\/\/www.shinkaifilter.com\/fr\/wp-content\/uploads\/2020\/10\/Petrochemical-10.202-300x214.jpg 300w, https:\/\/www.shinkaifilter.com\/fr\/wp-content\/uploads\/2020\/10\/Petrochemical-10.202-1024x731.jpg 1024w, https:\/\/www.shinkaifilter.com\/fr\/wp-content\/uploads\/2020\/10\/Petrochemical-10.202-768x548.jpg 768w\" sizes=\"(max-width: 1282px) 100vw, 1282px\" \/><\/p><p>L&#8217;industrie p\u00e9trochimique comprend l&#8217;exploration p\u00e9troli\u00e8re, l&#8217;extraction et le raffinage du p\u00e9trole brut et le traitement des produits p\u00e9troliers et des produits p\u00e9trochimiques utilisant le p\u00e9trole et le gaz naturel comme mati\u00e8res premi\u00e8res. Shinkai fournit aux clients de l&#8217;industrie p\u00e9trochimique des solutions efficaces et des syst\u00e8mes pratiques de filtration de m\u00e9tal fritt\u00e9. Sous la pr\u00e9misse d&#8217;une compr\u00e9hension compl\u00e8te du processus de production et de l&#8217;environnement de travail, Shinkai r\u00e9pondra autant que possible \u00e0 vos exigences de filtration et de s\u00e9paration gr\u00e2ce \u00e0 un processus professionnel personnalis\u00e9. Dans le m\u00eame temps, nous fournissons un excellent support technique pour r\u00e9soudre tous les probl\u00e8mes que vous rencontrez lors de l&#8217;utilisation.<\/p><p><strong>Propri\u00e9t\u00e9s<\/strong><br \/>\u25cf Bonne pr\u00e9cision de filtrage (0,1\u03bcm \u00e0 10\u03bcm)<br \/>\u25cf R\u00e9duire les risques de s\u00e9curit\u00e9 et de protection de l&#8217;environnement<br \/>\u25cf Stabilit\u00e9 de forme, composants \u00e0 haute r\u00e9sistance (r\u00e9sistance \u00e0 la pression suffisante jusqu&#8217;\u00e0 50 bars)<br \/>\u25cf R\u00e9sistance \u00e0 la corrosion<br \/>\u25cf Perm\u00e9abilit\u00e9 et r\u00e9tention de particules d\u00e9finies<br \/>\u25cf Bonne performance de lavage \u00e0 contre-courant, les \u00e9l\u00e9ments filtrants peuvent \u00eatre utilis\u00e9s jusqu&#8217;\u00e0 10 ans sans remplacement fr\u00e9quent.&#8221;<\/p>\t\t\t\t\t<\/div>\n\t\t\t\t\t\t<\/div>\n\t\t\t\t<\/div>\n\t\t\t\t<section class=\"elementor-section elementor-inner-section elementor-element elementor-element-69230bb elementor-section-boxed elementor-section-height-default elementor-section-height-default\" data-id=\"69230bb\" data-element_type=\"section\">\n\t\t\t\t\t\t<div class=\"elementor-container elementor-column-gap-default\">\n\t\t\t\t\t\t\t<div class=\"elementor-row\">\n\t\t\t\t\t<div class=\"elementor-column elementor-col-50 elementor-inner-column elementor-element elementor-element-29738a2\" data-id=\"29738a2\" data-element_type=\"column\">\n\t\t\t<div class=\"elementor-column-wrap elementor-element-populated\">\n\t\t\t\t\t\t\t<div class=\"elementor-widget-wrap\">\n\t\t\t\t\t\t<div class=\"elementor-element elementor-element-f6467fe elementor-widget elementor-widget-text-editor\" data-id=\"f6467fe\" data-element_type=\"widget\" data-widget_type=\"text-editor.default\">\n\t\t\t\t<div class=\"elementor-widget-container\">\n\t\t\t\t\t\t\t\t<div class=\"elementor-text-editor elementor-clearfix\">\n\t\t\t\t<p><strong>Des produits<br \/><\/strong><br \/>\u25cf \u00c9l\u00e9ments filtrants en m\u00e9tal fritt\u00e9<br \/>\u25cf Filtre catalyseur<br \/>\u25cf Filtre de produit<br \/>\u25cf Filtre de lavage \u00e0 contre-courant automatique<br \/>\u25cf Filtre \u00e0 flux crois\u00e9<br \/>\u25cf Filtre \u00e0 gaz chaud&#8221;<\/p>\t\t\t\t\t<\/div>\n\t\t\t\t\t\t<\/div>\n\t\t\t\t<\/div>\n\t\t\t\t\t\t<\/div>\n\t\t\t\t\t<\/div>\n\t\t<\/div>\n\t\t\t\t<div class=\"elementor-column elementor-col-50 elementor-inner-column elementor-element elementor-element-2ae7f0d\" data-id=\"2ae7f0d\" data-element_type=\"column\">\n\t\t\t<div class=\"elementor-column-wrap elementor-element-populated\">\n\t\t\t\t\t\t\t<div class=\"elementor-widget-wrap\">\n\t\t\t\t\t\t<div class=\"elementor-element elementor-element-25e32ff elementor-widget elementor-widget-text-editor\" data-id=\"25e32ff\" data-element_type=\"widget\" data-widget_type=\"text-editor.default\">\n\t\t\t\t<div class=\"elementor-widget-container\">\n\t\t\t\t\t\t\t\t<div class=\"elementor-text-editor elementor-clearfix\">\n\t\t\t\t<p><strong>Applications<\/strong><\/p>\n<p>\u25cf Syst\u00e8me de filtration de catalyseur<br>\n\u25cf Syst\u00e8me de filtration des gaz chauds<br>\n\u25cf Syst\u00e8me de filtration de s\u00e9curit\u00e9 du produit<br>\n\u25cf Syst\u00e8me de filtration de purification de produit&#8221;<\/p>\t\t\t\t\t<\/div>\n\t\t\t\t\t\t<\/div>\n\t\t\t\t<\/div>\n\t\t\t\t\t\t<\/div>\n\t\t\t\t\t<\/div>\n\t\t<\/div>\n\t\t\t\t\t\t\t\t<\/div>\n\t\t\t\t\t<\/div>\n\t\t<\/section>\n\t\t\t\t\t\t<\/div>\n\t\t\t\t\t<\/div>\n\t\t<\/div>\n\t\t\t\t<div class=\"elementor-column elementor-col-50 elementor-top-column elementor-element elementor-element-1c0a732\" data-id=\"1c0a732\" data-element_type=\"column\">\n\t\t\t<div class=\"elementor-column-wrap elementor-element-populated\">\n\t\t\t\t\t\t\t<div class=\"elementor-widget-wrap\">\n\t\t\t\t\t\t<div class=\"elementor-element elementor-element-4895d00 elementor-widget elementor-widget-ppm-menu\" data-id=\"4895d00\" data-element_type=\"widget\" data-widget_type=\"ppm-menu.default\">\n\t\t\t\t<div class=\"elementor-widget-container\">\n\t\t\t<div class=\"special-nav\">\n            <h3 class=\"special-nav-menu-title\">Applications<\/h3>\n            <div class=\"menu-applications-menu-container\"><ul id=\"menu-applications-menu\" class=\"menu\"><li id=\"menu-item-503\" class=\"menu-item menu-item-type-post_type menu-item-object-page menu-item-503\"><a href=\"https:\/\/www.shinkaifilter.com\/fr\/applications\/fine-chemical\/\">Chimie fine<\/a><\/li>\n<li id=\"menu-item-502\" class=\"menu-item menu-item-type-post_type menu-item-object-page menu-item-502\"><a href=\"https:\/\/www.shinkaifilter.com\/fr\/applications\/petrochemical\/\">P\u00e9trochimique<\/a><\/li>\n<li id=\"menu-item-501\" class=\"menu-item menu-item-type-post_type menu-item-object-page menu-item-501\"><a href=\"https:\/\/www.shinkaifilter.com\/fr\/applications\/aerospace-defense\/\">A\u00e9rospatial et D\u00e9fense<\/a><\/li>\n<li id=\"menu-item-500\" class=\"menu-item menu-item-type-post_type menu-item-object-page menu-item-500\"><a href=\"https:\/\/www.shinkaifilter.com\/fr\/applications\/instrument\/\">Instrument<\/a><\/li>\n<li id=\"menu-item-499\" class=\"menu-item menu-item-type-post_type menu-item-object-page menu-item-499\"><a href=\"https:\/\/www.shinkaifilter.com\/fr\/applications\/silicon\/\">Silicium<\/a><\/li>\n<li id=\"menu-item-498\" class=\"menu-item menu-item-type-post_type menu-item-object-page menu-item-498\"><a href=\"https:\/\/www.shinkaifilter.com\/fr\/applications\/coal-chemical\/\">Charbon Chimique<\/a><\/li>\n<li id=\"menu-item-497\" class=\"menu-item menu-item-type-post_type menu-item-object-page menu-item-497\"><a href=\"https:\/\/www.shinkaifilter.com\/fr\/applications\/lithium-battery-new-energy\/\">Batterie au lithium Nouvelle \u00e9nergie<\/a><\/li>\n<li id=\"menu-item-496\" class=\"menu-item menu-item-type-post_type menu-item-object-page menu-item-496\"><a href=\"https:\/\/www.shinkaifilter.com\/fr\/applications\/food-and-beverage\/\">Nourriture et boisson<\/a><\/li>\n<\/ul><\/div>\n        <\/div>\t\t<\/div>\n\t\t\t\t<\/div>\n\t\t\t\t\t\t<\/div>\n\t\t\t\t\t<\/div>\n\t\t<\/div>\n\t\t\t\t\t\t\t\t<\/div>\n\t\t\t\t\t<\/div>\n\t\t<\/section>\n\t\t\t\t<section class=\"elementor-section elementor-top-section elementor-element elementor-element-13d314a elementor-section-boxed elementor-section-height-default elementor-section-height-default\" data-id=\"13d314a\" data-element_type=\"section\">\n\t\t\t\t\t\t<div class=\"elementor-container elementor-column-gap-default\">\n\t\t\t\t\t\t\t<div class=\"elementor-row\">\n\t\t\t\t\t<div class=\"elementor-column elementor-col-100 elementor-top-column elementor-element elementor-element-0f50731\" data-id=\"0f50731\" data-element_type=\"column\">\n\t\t\t<div class=\"elementor-column-wrap elementor-element-populated\">\n\t\t\t\t\t\t\t<div class=\"elementor-widget-wrap\">\n\t\t\t\t\t\t<div class=\"elementor-element elementor-element-27e4267 elementor-widget elementor-widget-gallery\" data-id=\"27e4267\" data-element_type=\"widget\" data-settings=\"{&quot;columns&quot;:3,&quot;lazyload&quot;:&quot;yes&quot;,&quot;gallery_layout&quot;:&quot;grid&quot;,&quot;columns_tablet&quot;:2,&quot;columns_mobile&quot;:1,&quot;gap&quot;:{&quot;unit&quot;:&quot;px&quot;,&quot;size&quot;:10,&quot;sizes&quot;:[]},&quot;gap_tablet&quot;:{&quot;unit&quot;:&quot;px&quot;,&quot;size&quot;:10,&quot;sizes&quot;:[]},&quot;gap_mobile&quot;:{&quot;unit&quot;:&quot;px&quot;,&quot;size&quot;:10,&quot;sizes&quot;:[]},&quot;link_to&quot;:&quot;file&quot;,&quot;aspect_ratio&quot;:&quot;3:2&quot;,&quot;overlay_background&quot;:&quot;yes&quot;,&quot;content_hover_animation&quot;:&quot;fade-in&quot;}\" data-widget_type=\"gallery.default\">\n\t\t\t\t<div class=\"elementor-widget-container\">\n\t\t\t\t\t<div class=\"elementor-gallery__container\">\n\t\t\t\t\t\t\t<a class=\"e-gallery-item elementor-gallery-item elementor-animated-content\" href=\"https:\/\/www.shinkaifilter.com\/fr\/wp-content\/uploads\/2020\/10\/Petrochemical-1-3-1.jpg\" data-elementor-open-lightbox=\"yes\" data-elementor-lightbox-slideshow=\"all-27e4267\" data-elementor-lightbox-title=\"Petrochemical-1 - 3\" e-action-hash=\"#elementor-action%3Aaction%3Dlightbox%26settings%3DeyJpZCI6MTIzOSwidXJsIjoiaHR0cHM6XC9cL3d3dy5zaGlua2FpZmlsdGVyLmNvbVwvZnJcL3dwLWNvbnRlbnRcL3VwbG9hZHNcLzIwMjBcLzEwXC9QZXRyb2NoZW1pY2FsLTEtMy0xLmpwZyIsInNsaWRlc2hvdyI6ImFsbC0yN2U0MjY3In0%3D\">\n\t\t\t\t\t<div class=\"e-gallery-image elementor-gallery-item__image\" data-thumbnail=\"https:\/\/www.shinkaifilter.com\/fr\/wp-content\/uploads\/2020\/10\/Petrochemical-1-3-1.jpg\" data-width=\"640\" data-height=\"428\" alt=\"Petrochemical\" ><\/div>\n\t\t\t\t\t\t\t\t\t\t<div class=\"elementor-gallery-item__overlay\"><\/div>\n\t\t\t\t\t\t\t\t\t\t\t\t\t\t<\/a>\n\t\t\t\t\t\t\t<a class=\"e-gallery-item elementor-gallery-item elementor-animated-content\" href=\"https:\/\/www.shinkaifilter.com\/fr\/wp-content\/uploads\/2020\/11\/11-24-4.jpg\" data-elementor-open-lightbox=\"yes\" data-elementor-lightbox-slideshow=\"all-27e4267\" data-elementor-lightbox-title=\"11-24-4\" e-action-hash=\"#elementor-action%3Aaction%3Dlightbox%26settings%3DeyJpZCI6MTgwMywidXJsIjoiaHR0cHM6XC9cL3d3dy5zaGlua2FpZmlsdGVyLmNvbVwvZnJcL3dwLWNvbnRlbnRcL3VwbG9hZHNcLzIwMjBcLzExXC8xMS0yNC00LmpwZyIsInNsaWRlc2hvdyI6ImFsbC0yN2U0MjY3In0%3D\">\n\t\t\t\t\t<div class=\"e-gallery-image elementor-gallery-item__image\" data-thumbnail=\"https:\/\/www.shinkaifilter.com\/fr\/wp-content\/uploads\/2020\/11\/11-24-4.jpg\" data-width=\"1000\" data-height=\"714\" alt=\"\" ><\/div>\n\t\t\t\t\t\t\t\t\t\t<div class=\"elementor-gallery-item__overlay\"><\/div>\n\t\t\t\t\t\t\t\t\t\t\t\t\t\t<\/a>\n\t\t\t\t\t\t\t<a class=\"e-gallery-item elementor-gallery-item elementor-animated-content\" href=\"https:\/\/www.shinkaifilter.com\/fr\/wp-content\/uploads\/2020\/10\/Petrochemical-2.jpg\" data-elementor-open-lightbox=\"yes\" data-elementor-lightbox-slideshow=\"all-27e4267\" data-elementor-lightbox-title=\"Petrochemical-2\" e-action-hash=\"#elementor-action%3Aaction%3Dlightbox%26settings%3DeyJpZCI6OTcxLCJ1cmwiOiJodHRwczpcL1wvd3d3LnNoaW5rYWlmaWx0ZXIuY29tXC9mclwvd3AtY29udGVudFwvdXBsb2Fkc1wvMjAyMFwvMTBcL1BldHJvY2hlbWljYWwtMi5qcGciLCJzbGlkZXNob3ciOiJhbGwtMjdlNDI2NyJ9\">\n\t\t\t\t\t<div class=\"e-gallery-image elementor-gallery-item__image\" data-thumbnail=\"https:\/\/www.shinkaifilter.com\/fr\/wp-content\/uploads\/2020\/10\/Petrochemical-2.jpg\" data-width=\"640\" data-height=\"428\" alt=\"Petrochemical\" ><\/div>\n\t\t\t\t\t\t\t\t\t\t<div class=\"elementor-gallery-item__overlay\"><\/div>\n\t\t\t\t\t\t\t\t\t\t\t\t\t\t<\/a>\n\t\t\t\t\t<\/div>\n\t\t\t<\/div>\n\t\t\t\t<\/div>\n\t\t\t\t\t\t<\/div>\n\t\t\t\t\t<\/div>\n\t\t<\/div>\n\t\t\t\t\t\t\t\t<\/div>\n\t\t\t\t\t<\/div>\n\t\t<\/section>\n\t\t\t\t\t\t\t\t\t<\/div>\n\t\t\t<\/div>\n\t\t\t\t\t<\/div>\n\t\t","protected":false},"excerpt":{"rendered":"<p>P\u00e9trochimique Shinkai fournit aux clients de l&#8217;industrie p\u00e9trochimique des solutions efficaces et des syst\u00e8mes pratiques de filtration de m\u00e9tal fritt\u00e9. L&#8217;industrie p\u00e9trochimique comprend l&#8217;exploration p\u00e9troli\u00e8re, l&#8217;extraction et le raffinage du p\u00e9trole brut et le traitement des produits p\u00e9troliers et des produits p\u00e9trochimiques utilisant le p\u00e9trole et le gaz naturel comme mati\u00e8res premi\u00e8res. Shinkai fournit aux [&hellip;]<\/p>\n","protected":false},"author":1,"featured_media":0,"parent":20,"menu_order":0,"comment_status":"closed","ping_status":"closed","template":"elementor_header_footer","meta":[],"yoast_head":"<!-- This site is optimized with the Yoast SEO plugin v18.6 - https:\/\/yoast.com\/wordpress\/plugins\/seo\/ -->\n<title>Petrochemical Industry Application, Filtration Systems | SHINKAI<\/title>\n<meta name=\"description\" content=\"Shinkai has been providing customers in the petrochemical industry with efficient solutions and practical sintered metal filtration systems.\" \/>\n<meta name=\"robots\" content=\"index, follow, max-snippet:-1, max-image-preview:large, max-video-preview:-1\" \/>\n<link rel=\"canonical\" href=\"https:\/\/www.shinkaifilter.com\/fr\/applications\/petrochemical\/\" \/>\n<meta property=\"og:locale\" content=\"en_US\" \/>\n<meta property=\"og:type\" content=\"article\" \/>\n<meta property=\"og:title\" content=\"Petrochemical Industry Application, Filtration Systems | SHINKAI\" \/>\n<meta property=\"og:description\" content=\"Shinkai has been providing customers in the petrochemical industry with efficient solutions and practical sintered metal filtration systems.\" \/>\n<meta property=\"og:url\" content=\"https:\/\/www.shinkaifilter.com\/fr\/applications\/petrochemical\/\" \/>\n<meta property=\"og:site_name\" content=\"SHINKAI\" \/>\n<meta property=\"article:modified_time\" content=\"2022-01-29T11:40:20+00:00\" \/>\n<meta property=\"og:image\" content=\"https:\/\/www.shinkaifilter.com\/wp-content\/uploads\/2020\/10\/Petrochemical-10.202.jpg\" \/>\n<meta name=\"twitter:card\" content=\"summary_large_image\" \/>\n<meta name=\"twitter:label1\" content=\"Est. reading time\" \/>\n\t<meta name=\"twitter:data1\" content=\"2 minutes\" \/>\n<script type=\"application\/ld+json\" class=\"yoast-schema-graph\">{\"@context\":\"https:\/\/schema.org\",\"@graph\":[{\"@type\":\"WebSite\",\"@id\":\"https:\/\/www.shinkaifilter.com\/fr\/#website\",\"url\":\"https:\/\/www.shinkaifilter.com\/fr\/\",\"name\":\"SHINKAI\",\"description\":\"Hot Gas Filtration, Gas Solid Separation Systems | Shinkai\",\"potentialAction\":[{\"@type\":\"SearchAction\",\"target\":{\"@type\":\"EntryPoint\",\"urlTemplate\":\"https:\/\/www.shinkaifilter.com\/fr\/?s={search_term_string}\"},\"query-input\":\"required name=search_term_string\"}],\"inLanguage\":\"en-US\"},{\"@type\":\"ImageObject\",\"@id\":\"https:\/\/www.shinkaifilter.com\/fr\/applications\/petrochemical\/#primaryimage\",\"inLanguage\":\"en-US\",\"url\":\"https:\/\/www.shinkaifilter.com\/wp-content\/uploads\/2020\/10\/Petrochemical-10.202.jpg\",\"contentUrl\":\"https:\/\/www.shinkaifilter.com\/wp-content\/uploads\/2020\/10\/Petrochemical-10.202.jpg\"},{\"@type\":\"WebPage\",\"@id\":\"https:\/\/www.shinkaifilter.com\/fr\/applications\/petrochemical\/#webpage\",\"url\":\"https:\/\/www.shinkaifilter.com\/fr\/applications\/petrochemical\/\",\"name\":\"Petrochemical Industry Application, Filtration Systems | SHINKAI\",\"isPartOf\":{\"@id\":\"https:\/\/www.shinkaifilter.com\/fr\/#website\"},\"primaryImageOfPage\":{\"@id\":\"https:\/\/www.shinkaifilter.com\/fr\/applications\/petrochemical\/#primaryimage\"},\"datePublished\":\"2020-09-30T01:22:03+00:00\",\"dateModified\":\"2022-01-29T11:40:20+00:00\",\"description\":\"Shinkai has been providing customers in the petrochemical industry with efficient solutions and practical sintered metal filtration systems.\",\"breadcrumb\":{\"@id\":\"https:\/\/www.shinkaifilter.com\/fr\/applications\/petrochemical\/#breadcrumb\"},\"inLanguage\":\"en-US\",\"potentialAction\":[{\"@type\":\"ReadAction\",\"target\":[\"https:\/\/www.shinkaifilter.com\/fr\/applications\/petrochemical\/\"]}]},{\"@type\":\"BreadcrumbList\",\"@id\":\"https:\/\/www.shinkaifilter.com\/fr\/applications\/petrochemical\/#breadcrumb\",\"itemListElement\":[{\"@type\":\"ListItem\",\"position\":1,\"name\":\"Home\",\"item\":\"https:\/\/www.shinkaifilter.com\/fr\/\"},{\"@type\":\"ListItem\",\"position\":2,\"name\":\"Applications\",\"item\":\"https:\/\/www.shinkaifilter.com\/fr\/applications\/\"},{\"@type\":\"ListItem\",\"position\":3,\"name\":\"Petrochemical\"}]}]}<\/script>\n<!-- \/ Yoast SEO plugin. -->","yoast_head_json":{"title":"Petrochemical Industry Application, Filtration Systems | SHINKAI","description":"Shinkai has been providing customers in the petrochemical industry with efficient solutions and practical sintered metal filtration systems.","robots":{"index":"index","follow":"follow","max-snippet":"max-snippet:-1","max-image-preview":"max-image-preview:large","max-video-preview":"max-video-preview:-1"},"canonical":"https:\/\/www.shinkaifilter.com\/fr\/applications\/petrochemical\/","og_locale":"en_US","og_type":"article","og_title":"Petrochemical Industry Application, Filtration Systems | SHINKAI","og_description":"Shinkai has been providing customers in the petrochemical industry with efficient solutions and practical sintered metal filtration systems.","og_url":"https:\/\/www.shinkaifilter.com\/fr\/applications\/petrochemical\/","og_site_name":"SHINKAI","article_modified_time":"2022-01-29T11:40:20+00:00","og_image":[{"url":"https:\/\/www.shinkaifilter.com\/wp-content\/uploads\/2020\/10\/Petrochemical-10.202.jpg"}],"twitter_card":"summary_large_image","twitter_misc":{"Est. reading time":"2 minutes"},"schema":{"@context":"https:\/\/schema.org","@graph":[{"@type":"WebSite","@id":"https:\/\/www.shinkaifilter.com\/fr\/#website","url":"https:\/\/www.shinkaifilter.com\/fr\/","name":"SHINKAI","description":"Hot Gas Filtration, Gas Solid Separation Systems | Shinkai","potentialAction":[{"@type":"SearchAction","target":{"@type":"EntryPoint","urlTemplate":"https:\/\/www.shinkaifilter.com\/fr\/?s={search_term_string}"},"query-input":"required name=search_term_string"}],"inLanguage":"en-US"},{"@type":"ImageObject","@id":"https:\/\/www.shinkaifilter.com\/fr\/applications\/petrochemical\/#primaryimage","inLanguage":"en-US","url":"https:\/\/www.shinkaifilter.com\/wp-content\/uploads\/2020\/10\/Petrochemical-10.202.jpg","contentUrl":"https:\/\/www.shinkaifilter.com\/wp-content\/uploads\/2020\/10\/Petrochemical-10.202.jpg"},{"@type":"WebPage","@id":"https:\/\/www.shinkaifilter.com\/fr\/applications\/petrochemical\/#webpage","url":"https:\/\/www.shinkaifilter.com\/fr\/applications\/petrochemical\/","name":"Petrochemical Industry Application, Filtration Systems | SHINKAI","isPartOf":{"@id":"https:\/\/www.shinkaifilter.com\/fr\/#website"},"primaryImageOfPage":{"@id":"https:\/\/www.shinkaifilter.com\/fr\/applications\/petrochemical\/#primaryimage"},"datePublished":"2020-09-30T01:22:03+00:00","dateModified":"2022-01-29T11:40:20+00:00","description":"Shinkai has been providing customers in the petrochemical industry with efficient solutions and practical sintered metal filtration systems.","breadcrumb":{"@id":"https:\/\/www.shinkaifilter.com\/fr\/applications\/petrochemical\/#breadcrumb"},"inLanguage":"en-US","potentialAction":[{"@type":"ReadAction","target":["https:\/\/www.shinkaifilter.com\/fr\/applications\/petrochemical\/"]}]},{"@type":"BreadcrumbList","@id":"https:\/\/www.shinkaifilter.com\/fr\/applications\/petrochemical\/#breadcrumb","itemListElement":[{"@type":"ListItem","position":1,"name":"Home","item":"https:\/\/www.shinkaifilter.com\/fr\/"},{"@type":"ListItem","position":2,"name":"Applications","item":"https:\/\/www.shinkaifilter.com\/fr\/applications\/"},{"@type":"ListItem","position":3,"name":"Petrochemical"}]}]}},"_links":{"self":[{"href":"https:\/\/www.shinkaifilter.com\/fr\/wp-json\/wp\/v2\/pages\/474"}],"collection":[{"href":"https:\/\/www.shinkaifilter.com\/fr\/wp-json\/wp\/v2\/pages"}],"about":[{"href":"https:\/\/www.shinkaifilter.com\/fr\/wp-json\/wp\/v2\/types\/page"}],"author":[{"embeddable":true,"href":"https:\/\/www.shinkaifilter.com\/fr\/wp-json\/wp\/v2\/users\/1"}],"replies":[{"embeddable":true,"href":"https:\/\/www.shinkaifilter.com\/fr\/wp-json\/wp\/v2\/comments?post=474"}],"version-history":[{"count":27,"href":"https:\/\/www.shinkaifilter.com\/fr\/wp-json\/wp\/v2\/pages\/474\/revisions"}],"predecessor-version":[{"id":2281,"href":"https:\/\/www.shinkaifilter.com\/fr\/wp-json\/wp\/v2\/pages\/474\/revisions\/2281"}],"up":[{"embeddable":true,"href":"https:\/\/www.shinkaifilter.com\/fr\/wp-json\/wp\/v2\/pages\/20"}],"wp:attachment":[{"href":"https:\/\/www.shinkaifilter.com\/fr\/wp-json\/wp\/v2\/media?parent=474"}],"curies":[{"name":"wp","href":"https:\/\/api.w.org\/{rel}","templated":true}]}}