{"id":472,"date":"2020-09-30T01:21:48","date_gmt":"2020-09-30T01:21:48","guid":{"rendered":"https:\/\/www.inwings.net\/shinkai\/?page_id=472"},"modified":"2022-01-29T11:29:42","modified_gmt":"2022-01-29T11:29:42","slug":"fine-chemical","status":"publish","type":"page","link":"https:\/\/www.shinkaifilter.com\/fr\/applications\/fine-chemical\/","title":{"rendered":"Fine Chemical"},"content":{"rendered":"\t\t<div data-elementor-type=\"wp-page\" data-elementor-id=\"472\" class=\"elementor elementor-472\">\n\t\t\t\t\t\t<div class=\"elementor-inner\">\n\t\t\t\t<div class=\"elementor-section-wrap\">\n\t\t\t\t\t\t\t\t\t<section class=\"elementor-section elementor-top-section elementor-element elementor-element-564b530 elementor-section-stretched elementor-section-boxed elementor-section-height-default elementor-section-height-default\" data-id=\"564b530\" data-element_type=\"section\" data-settings=\"{&quot;stretch_section&quot;:&quot;section-stretched&quot;,&quot;background_background&quot;:&quot;classic&quot;}\">\n\t\t\t\t\t\t<div class=\"elementor-container elementor-column-gap-default\">\n\t\t\t\t\t\t\t<div class=\"elementor-row\">\n\t\t\t\t\t<div class=\"elementor-column elementor-col-100 elementor-top-column elementor-element elementor-element-091e912\" data-id=\"091e912\" data-element_type=\"column\">\n\t\t\t<div class=\"elementor-column-wrap elementor-element-populated\">\n\t\t\t\t\t\t\t<div class=\"elementor-widget-wrap\">\n\t\t\t\t\t\t\t\t<\/div>\n\t\t\t\t\t<\/div>\n\t\t<\/div>\n\t\t\t\t\t\t\t\t<\/div>\n\t\t\t\t\t<\/div>\n\t\t<\/section>\n\t\t\t\t<section class=\"elementor-section elementor-top-section elementor-element elementor-element-cd2416a elementor-section-boxed elementor-section-height-default elementor-section-height-default\" data-id=\"cd2416a\" data-element_type=\"section\">\n\t\t\t\t\t\t<div class=\"elementor-container elementor-column-gap-default\">\n\t\t\t\t\t\t\t<div class=\"elementor-row\">\n\t\t\t\t\t<div class=\"elementor-column elementor-col-50 elementor-top-column elementor-element elementor-element-2aed374\" data-id=\"2aed374\" data-element_type=\"column\">\n\t\t\t<div class=\"elementor-column-wrap elementor-element-populated\">\n\t\t\t\t\t\t\t<div class=\"elementor-widget-wrap\">\n\t\t\t\t\t\t<div class=\"elementor-element elementor-element-9f46f2f elementor-widget elementor-widget-heading\" data-id=\"9f46f2f\" data-element_type=\"widget\" data-widget_type=\"heading.default\">\n\t\t\t\t<div class=\"elementor-widget-container\">\n\t\t\t<h1 class=\"elementor-heading-title elementor-size-default\">Chimie fine\n<\/h1>\t\t<\/div>\n\t\t\t\t<\/div>\n\t\t\t\t<div class=\"elementor-element elementor-element-39db369 elementor-widget elementor-widget-text-editor\" data-id=\"39db369\" data-element_type=\"widget\" data-widget_type=\"text-editor.default\">\n\t\t\t\t<div class=\"elementor-widget-container\">\n\t\t\t\t\t\t\t\t<div class=\"elementor-text-editor elementor-clearfix\">\n\t\t\t\t<p>Shinkai propose des filtres en m\u00e9tal fritt\u00e9 pour r\u00e9soudre divers probl\u00e8mes de filtration et de s\u00e9paration rencontr\u00e9s par les clients pendant la production.<\/p><p><img class=\"alignnone size-full wp-image-1483\" src=\"https:\/\/www.shinkaifilter.com\/wp-content\/uploads\/2020\/10\/Fine-Chemical-10.20.jpg\" alt=\"\" width=\"1086\" height=\"776\" srcset=\"https:\/\/www.shinkaifilter.com\/fr\/wp-content\/uploads\/2020\/10\/Fine-Chemical-10.20.jpg 1086w, https:\/\/www.shinkaifilter.com\/fr\/wp-content\/uploads\/2020\/10\/Fine-Chemical-10.20-300x214.jpg 300w, https:\/\/www.shinkaifilter.com\/fr\/wp-content\/uploads\/2020\/10\/Fine-Chemical-10.20-1024x732.jpg 1024w, https:\/\/www.shinkaifilter.com\/fr\/wp-content\/uploads\/2020\/10\/Fine-Chemical-10.20-768x549.jpg 768w\" sizes=\"(max-width: 1086px) 100vw, 1086px\" \/><\/p><p>&#8220;Un grand nombre de filtres de pr\u00e9cision sont utilis\u00e9s dans l&#8217;industrie de la chimie fine. Par exemple, la filtration de la liqueur m\u00e8re, la filtration des catalyseurs de m\u00e9taux pr\u00e9cieux et la filtration sur charbon actif (0,5 \u00e0 5 um). Les filtres \u00e0 manches conventionnels ou les filtres PP et PE ne r\u00e9pondent pas \u00e0 la production stable d&#8217;\u00e9quipements. Shinkai propose des filtres en m\u00e9tal fritt\u00e9 pour r\u00e9soudre divers probl\u00e8mes de filtration et de s\u00e9paration rencontr\u00e9s par les clients lors de la production.<\/p><p>Un catalyseur de m\u00e9tal noble est souvent utilis\u00e9 dans la r\u00e9action d&#8217;hydrog\u00e9nation, et le catalyseur doit \u00eatre s\u00e9par\u00e9 du produit de r\u00e9action \u00e0 temps pour entrer dans le prochain lot de r\u00e9actions. Nos syst\u00e8mes de filtration de catalyseur ont \u00e9t\u00e9 utilis\u00e9s dans plus de 100 domaines chimiques, tels que les API, les interm\u00e9diaires de teinture, le TDA\/TDI, les pesticides, les parfums, etc., pour r\u00e9soudre les probl\u00e8mes de s\u00e9paration liquide\/solide rencontr\u00e9s dans les environnements extr\u00eames, et cr\u00e9er une immense valeur pour les clients.&#8221;<\/p>\t\t\t\t\t<\/div>\n\t\t\t\t\t\t<\/div>\n\t\t\t\t<\/div>\n\t\t\t\t<section class=\"elementor-section elementor-inner-section elementor-element elementor-element-c8bd6b0 elementor-section-boxed elementor-section-height-default elementor-section-height-default\" data-id=\"c8bd6b0\" data-element_type=\"section\">\n\t\t\t\t\t\t<div class=\"elementor-container elementor-column-gap-default\">\n\t\t\t\t\t\t\t<div class=\"elementor-row\">\n\t\t\t\t\t<div class=\"elementor-column elementor-col-50 elementor-inner-column elementor-element elementor-element-d12ecd1\" data-id=\"d12ecd1\" data-element_type=\"column\">\n\t\t\t<div class=\"elementor-column-wrap elementor-element-populated\">\n\t\t\t\t\t\t\t<div class=\"elementor-widget-wrap\">\n\t\t\t\t\t\t<div class=\"elementor-element elementor-element-e03a050 elementor-widget elementor-widget-text-editor\" data-id=\"e03a050\" data-element_type=\"widget\" data-widget_type=\"text-editor.default\">\n\t\t\t\t<div class=\"elementor-widget-container\">\n\t\t\t\t\t\t\t\t<div class=\"elementor-text-editor elementor-clearfix\">\n\t\t\t\t<p><strong>Propri\u00e9t\u00e9s<\/strong><\/p><p>\u25cf Bonne pr\u00e9cision de filtrage (0,5\u03bcm \u00e0 10\u03bcm)<br \/>\u25cf R\u00e9duire les risques de s\u00e9curit\u00e9 et de protection de l&#8217;environnement<br \/>\u25cf Stabilit\u00e9 de forme, composants \u00e0 haute r\u00e9sistance (r\u00e9sistance \u00e0 la pression suffisante jusqu&#8217;\u00e0 50 bars)<br \/>\u25cf Haute r\u00e9sistance \u00e0 la corrosion<br \/>\u25cf Perm\u00e9abilit\u00e9 et r\u00e9tention de particules d\u00e9finies<br \/>\u25cf Bonne performance de lavage \u00e0 contre-courant : l&#8217;\u00e9l\u00e9ment filtrant peut \u00eatre utilis\u00e9 jusqu&#8217;\u00e0 10 ans sans remplacement fr\u00e9quent&#8221;<\/p>\t\t\t\t\t<\/div>\n\t\t\t\t\t\t<\/div>\n\t\t\t\t<\/div>\n\t\t\t\t\t\t<\/div>\n\t\t\t\t\t<\/div>\n\t\t<\/div>\n\t\t\t\t<div class=\"elementor-column elementor-col-50 elementor-inner-column elementor-element elementor-element-0a659c2\" data-id=\"0a659c2\" data-element_type=\"column\">\n\t\t\t<div class=\"elementor-column-wrap elementor-element-populated\">\n\t\t\t\t\t\t\t<div class=\"elementor-widget-wrap\">\n\t\t\t\t\t\t<div class=\"elementor-element elementor-element-6df6356 elementor-widget elementor-widget-text-editor\" data-id=\"6df6356\" data-element_type=\"widget\" data-widget_type=\"text-editor.default\">\n\t\t\t\t<div class=\"elementor-widget-container\">\n\t\t\t\t\t\t\t\t<div class=\"elementor-text-editor elementor-clearfix\">\n\t\t\t\t<p><strong>Applications<\/strong><\/p>\n<p>\u25cf Filtration des catalyseurs de m\u00e9taux pr\u00e9cieux<br>\n\u25cf Filtration au charbon actif<br>\n\u25cf Filtration des impuret\u00e9s solides en liqueur m\u00e8re<br>\n\u25cf Filtrage de s\u00e9curit\u00e9<br>\n\u25cf Filtration de purification du produit<br>\n\u25cf Traitement des eaux us\u00e9es&#8221;<\/p>\n<p><strong>Des produits<\/strong><\/p>\n<p>\u25cf \u00c9l\u00e9ments filtrants en m\u00e9tal fritt\u00e9<br>\n\u25cf Filtre catalyseur<br>\n\u25cf Filtre de produit<br>\n\u25cf Filtre de lavage \u00e0 contre-courant automatique<br>\n\u25cf Filtre \u00e0 flux crois\u00e9<br>\n\u25cf Filtre int\u00e9gr\u00e9 dans la bouilloire&#8221;<\/p>\t\t\t\t\t<\/div>\n\t\t\t\t\t\t<\/div>\n\t\t\t\t<\/div>\n\t\t\t\t\t\t<\/div>\n\t\t\t\t\t<\/div>\n\t\t<\/div>\n\t\t\t\t\t\t\t\t<\/div>\n\t\t\t\t\t<\/div>\n\t\t<\/section>\n\t\t\t\t\t\t<\/div>\n\t\t\t\t\t<\/div>\n\t\t<\/div>\n\t\t\t\t<div class=\"elementor-column elementor-col-50 elementor-top-column elementor-element elementor-element-e199568\" data-id=\"e199568\" data-element_type=\"column\">\n\t\t\t<div class=\"elementor-column-wrap elementor-element-populated\">\n\t\t\t\t\t\t\t<div class=\"elementor-widget-wrap\">\n\t\t\t\t\t\t<div class=\"elementor-element elementor-element-1f466ef elementor-widget elementor-widget-ppm-menu\" data-id=\"1f466ef\" data-element_type=\"widget\" data-widget_type=\"ppm-menu.default\">\n\t\t\t\t<div class=\"elementor-widget-container\">\n\t\t\t<div class=\"special-nav\">\n            <h3 class=\"special-nav-menu-title\">Applications<\/h3>\n            <div class=\"menu-applications-menu-container\"><ul id=\"menu-applications-menu\" class=\"menu\"><li id=\"menu-item-503\" class=\"menu-item menu-item-type-post_type menu-item-object-page menu-item-503\"><a href=\"https:\/\/www.shinkaifilter.com\/fr\/applications\/fine-chemical\/\">Chimie fine<\/a><\/li>\n<li id=\"menu-item-502\" class=\"menu-item menu-item-type-post_type menu-item-object-page menu-item-502\"><a href=\"https:\/\/www.shinkaifilter.com\/fr\/applications\/petrochemical\/\">P\u00e9trochimique<\/a><\/li>\n<li id=\"menu-item-501\" class=\"menu-item menu-item-type-post_type menu-item-object-page menu-item-501\"><a href=\"https:\/\/www.shinkaifilter.com\/fr\/applications\/aerospace-defense\/\">A\u00e9rospatial et D\u00e9fense<\/a><\/li>\n<li id=\"menu-item-500\" class=\"menu-item menu-item-type-post_type menu-item-object-page menu-item-500\"><a href=\"https:\/\/www.shinkaifilter.com\/fr\/applications\/instrument\/\">Instrument<\/a><\/li>\n<li id=\"menu-item-499\" class=\"menu-item menu-item-type-post_type menu-item-object-page menu-item-499\"><a href=\"https:\/\/www.shinkaifilter.com\/fr\/applications\/silicon\/\">Silicium<\/a><\/li>\n<li id=\"menu-item-498\" class=\"menu-item menu-item-type-post_type menu-item-object-page menu-item-498\"><a href=\"https:\/\/www.shinkaifilter.com\/fr\/applications\/coal-chemical\/\">Charbon Chimique<\/a><\/li>\n<li id=\"menu-item-497\" class=\"menu-item menu-item-type-post_type menu-item-object-page menu-item-497\"><a href=\"https:\/\/www.shinkaifilter.com\/fr\/applications\/lithium-battery-new-energy\/\">Batterie au lithium Nouvelle \u00e9nergie<\/a><\/li>\n<li id=\"menu-item-496\" class=\"menu-item menu-item-type-post_type menu-item-object-page menu-item-496\"><a href=\"https:\/\/www.shinkaifilter.com\/fr\/applications\/food-and-beverage\/\">Nourriture et boisson<\/a><\/li>\n<\/ul><\/div>\n        <\/div>\t\t<\/div>\n\t\t\t\t<\/div>\n\t\t\t\t\t\t<\/div>\n\t\t\t\t\t<\/div>\n\t\t<\/div>\n\t\t\t\t\t\t\t\t<\/div>\n\t\t\t\t\t<\/div>\n\t\t<\/section>\n\t\t\t\t<section class=\"elementor-section elementor-top-section elementor-element elementor-element-119e549 elementor-section-boxed elementor-section-height-default elementor-section-height-default\" data-id=\"119e549\" data-element_type=\"section\">\n\t\t\t\t\t\t<div class=\"elementor-container elementor-column-gap-default\">\n\t\t\t\t\t\t\t<div class=\"elementor-row\">\n\t\t\t\t\t<div class=\"elementor-column elementor-col-100 elementor-top-column elementor-element elementor-element-d1369e2\" data-id=\"d1369e2\" data-element_type=\"column\">\n\t\t\t<div class=\"elementor-column-wrap elementor-element-populated\">\n\t\t\t\t\t\t\t<div class=\"elementor-widget-wrap\">\n\t\t\t\t\t\t<div class=\"elementor-element elementor-element-f2f3bc6 elementor-widget elementor-widget-gallery\" data-id=\"f2f3bc6\" data-element_type=\"widget\" data-settings=\"{&quot;columns&quot;:2,&quot;lazyload&quot;:&quot;yes&quot;,&quot;gallery_layout&quot;:&quot;grid&quot;,&quot;columns_tablet&quot;:2,&quot;columns_mobile&quot;:1,&quot;gap&quot;:{&quot;unit&quot;:&quot;px&quot;,&quot;size&quot;:10,&quot;sizes&quot;:[]},&quot;gap_tablet&quot;:{&quot;unit&quot;:&quot;px&quot;,&quot;size&quot;:10,&quot;sizes&quot;:[]},&quot;gap_mobile&quot;:{&quot;unit&quot;:&quot;px&quot;,&quot;size&quot;:10,&quot;sizes&quot;:[]},&quot;link_to&quot;:&quot;file&quot;,&quot;aspect_ratio&quot;:&quot;3:2&quot;,&quot;overlay_background&quot;:&quot;yes&quot;,&quot;content_hover_animation&quot;:&quot;fade-in&quot;}\" data-widget_type=\"gallery.default\">\n\t\t\t\t<div class=\"elementor-widget-container\">\n\t\t\t\t\t<div class=\"elementor-gallery__container\">\n\t\t\t\t\t\t\t<a class=\"e-gallery-item elementor-gallery-item elementor-animated-content\" href=\"https:\/\/www.shinkaifilter.com\/fr\/wp-content\/uploads\/2020\/10\/Fine-Chemical-2-3.jpg\" data-elementor-open-lightbox=\"yes\" data-elementor-lightbox-slideshow=\"all-f2f3bc6\" data-elementor-lightbox-title=\"Fine Chemical-2 - 3\" e-action-hash=\"#elementor-action%3Aaction%3Dlightbox%26settings%3DeyJpZCI6MTAxMCwidXJsIjoiaHR0cHM6XC9cL3d3dy5zaGlua2FpZmlsdGVyLmNvbVwvZnJcL3dwLWNvbnRlbnRcL3VwbG9hZHNcLzIwMjBcLzEwXC9GaW5lLUNoZW1pY2FsLTItMy5qcGciLCJzbGlkZXNob3ciOiJhbGwtZjJmM2JjNiJ9\">\n\t\t\t\t\t<div class=\"e-gallery-image elementor-gallery-item__image\" data-thumbnail=\"https:\/\/www.shinkaifilter.com\/fr\/wp-content\/uploads\/2020\/10\/Fine-Chemical-2-3.jpg\" data-width=\"640\" data-height=\"428\" alt=\"Fine Chemical\" ><\/div>\n\t\t\t\t\t\t\t\t\t\t<div class=\"elementor-gallery-item__overlay\"><\/div>\n\t\t\t\t\t\t\t\t\t\t\t\t\t\t<\/a>\n\t\t\t\t\t\t\t<a class=\"e-gallery-item elementor-gallery-item elementor-animated-content\" href=\"https:\/\/www.shinkaifilter.com\/fr\/wp-content\/uploads\/2020\/10\/Fine-Chemical-3.jpg\" data-elementor-open-lightbox=\"yes\" data-elementor-lightbox-slideshow=\"all-f2f3bc6\" data-elementor-lightbox-title=\"Fine Chemical-3\" e-action-hash=\"#elementor-action%3Aaction%3Dlightbox%26settings%3DeyJpZCI6MTIzNCwidXJsIjoiaHR0cHM6XC9cL3d3dy5zaGlua2FpZmlsdGVyLmNvbVwvZnJcL3dwLWNvbnRlbnRcL3VwbG9hZHNcLzIwMjBcLzEwXC9GaW5lLUNoZW1pY2FsLTMuanBnIiwic2xpZGVzaG93IjoiYWxsLWYyZjNiYzYifQ%3D%3D\">\n\t\t\t\t\t<div class=\"e-gallery-image elementor-gallery-item__image\" data-thumbnail=\"https:\/\/www.shinkaifilter.com\/fr\/wp-content\/uploads\/2020\/10\/Fine-Chemical-3.jpg\" data-width=\"648\" data-height=\"480\" alt=\"Fine Chemical\" ><\/div>\n\t\t\t\t\t\t\t\t\t\t<div class=\"elementor-gallery-item__overlay\"><\/div>\n\t\t\t\t\t\t\t\t\t\t\t\t\t\t<\/a>\n\t\t\t\t\t<\/div>\n\t\t\t<\/div>\n\t\t\t\t<\/div>\n\t\t\t\t\t\t<\/div>\n\t\t\t\t\t<\/div>\n\t\t<\/div>\n\t\t\t\t\t\t\t\t<\/div>\n\t\t\t\t\t<\/div>\n\t\t<\/section>\n\t\t\t\t\t\t\t\t\t<\/div>\n\t\t\t<\/div>\n\t\t\t\t\t<\/div>\n\t\t","protected":false},"excerpt":{"rendered":"<p>Chimie fine Shinkai propose des filtres en m\u00e9tal fritt\u00e9 pour r\u00e9soudre divers probl\u00e8mes de filtration et de s\u00e9paration rencontr\u00e9s par les clients pendant la production. &#8220;Un grand nombre de filtres de pr\u00e9cision sont utilis\u00e9s dans l&#8217;industrie de la chimie fine. Par exemple, la filtration de la liqueur m\u00e8re, la filtration des catalyseurs de m\u00e9taux pr\u00e9cieux [&hellip;]<\/p>\n","protected":false},"author":1,"featured_media":0,"parent":20,"menu_order":0,"comment_status":"closed","ping_status":"closed","template":"elementor_header_footer","meta":[],"yoast_head":"<!-- This site is optimized with the Yoast SEO plugin v18.6 - https:\/\/yoast.com\/wordpress\/plugins\/seo\/ -->\n<title>Fine Chemicals Application, Various Filtration and Separation | SHINKAI<\/title>\n<meta name=\"description\" content=\"Shinkai offers sinter metal filters to solve various filtration and separation problems encountered by customers during production.\" \/>\n<meta name=\"robots\" content=\"index, follow, max-snippet:-1, max-image-preview:large, max-video-preview:-1\" \/>\n<link rel=\"canonical\" href=\"https:\/\/www.shinkaifilter.com\/fr\/applications\/fine-chemical\/\" \/>\n<meta property=\"og:locale\" content=\"en_US\" \/>\n<meta property=\"og:type\" content=\"article\" \/>\n<meta property=\"og:title\" content=\"Fine Chemicals Application, Various Filtration and Separation | SHINKAI\" \/>\n<meta property=\"og:description\" content=\"Shinkai offers sinter metal filters to solve various filtration and separation problems encountered by customers during production.\" \/>\n<meta property=\"og:url\" content=\"https:\/\/www.shinkaifilter.com\/fr\/applications\/fine-chemical\/\" \/>\n<meta property=\"og:site_name\" content=\"SHINKAI\" \/>\n<meta property=\"article:modified_time\" content=\"2022-01-29T11:29:42+00:00\" \/>\n<meta property=\"og:image\" content=\"https:\/\/www.shinkaifilter.com\/wp-content\/uploads\/2020\/10\/Fine-Chemical-10.20.jpg\" \/>\n<meta name=\"twitter:card\" content=\"summary_large_image\" \/>\n<meta name=\"twitter:label1\" content=\"Est. reading time\" \/>\n\t<meta name=\"twitter:data1\" content=\"2 minutes\" \/>\n<script type=\"application\/ld+json\" class=\"yoast-schema-graph\">{\"@context\":\"https:\/\/schema.org\",\"@graph\":[{\"@type\":\"WebSite\",\"@id\":\"https:\/\/www.shinkaifilter.com\/fr\/#website\",\"url\":\"https:\/\/www.shinkaifilter.com\/fr\/\",\"name\":\"SHINKAI\",\"description\":\"Hot Gas Filtration, Gas Solid Separation Systems | Shinkai\",\"potentialAction\":[{\"@type\":\"SearchAction\",\"target\":{\"@type\":\"EntryPoint\",\"urlTemplate\":\"https:\/\/www.shinkaifilter.com\/fr\/?s={search_term_string}\"},\"query-input\":\"required name=search_term_string\"}],\"inLanguage\":\"en-US\"},{\"@type\":\"ImageObject\",\"@id\":\"https:\/\/www.shinkaifilter.com\/fr\/applications\/fine-chemical\/#primaryimage\",\"inLanguage\":\"en-US\",\"url\":\"https:\/\/www.shinkaifilter.com\/wp-content\/uploads\/2020\/10\/Fine-Chemical-10.20.jpg\",\"contentUrl\":\"https:\/\/www.shinkaifilter.com\/wp-content\/uploads\/2020\/10\/Fine-Chemical-10.20.jpg\"},{\"@type\":\"WebPage\",\"@id\":\"https:\/\/www.shinkaifilter.com\/fr\/applications\/fine-chemical\/#webpage\",\"url\":\"https:\/\/www.shinkaifilter.com\/fr\/applications\/fine-chemical\/\",\"name\":\"Fine Chemicals Application, Various Filtration and Separation | SHINKAI\",\"isPartOf\":{\"@id\":\"https:\/\/www.shinkaifilter.com\/fr\/#website\"},\"primaryImageOfPage\":{\"@id\":\"https:\/\/www.shinkaifilter.com\/fr\/applications\/fine-chemical\/#primaryimage\"},\"datePublished\":\"2020-09-30T01:21:48+00:00\",\"dateModified\":\"2022-01-29T11:29:42+00:00\",\"description\":\"Shinkai offers sinter metal filters to solve various filtration and separation problems encountered by customers during production.\",\"breadcrumb\":{\"@id\":\"https:\/\/www.shinkaifilter.com\/fr\/applications\/fine-chemical\/#breadcrumb\"},\"inLanguage\":\"en-US\",\"potentialAction\":[{\"@type\":\"ReadAction\",\"target\":[\"https:\/\/www.shinkaifilter.com\/fr\/applications\/fine-chemical\/\"]}]},{\"@type\":\"BreadcrumbList\",\"@id\":\"https:\/\/www.shinkaifilter.com\/fr\/applications\/fine-chemical\/#breadcrumb\",\"itemListElement\":[{\"@type\":\"ListItem\",\"position\":1,\"name\":\"Home\",\"item\":\"https:\/\/www.shinkaifilter.com\/fr\/\"},{\"@type\":\"ListItem\",\"position\":2,\"name\":\"Applications\",\"item\":\"https:\/\/www.shinkaifilter.com\/fr\/applications\/\"},{\"@type\":\"ListItem\",\"position\":3,\"name\":\"Fine Chemical\"}]}]}<\/script>\n<!-- \/ Yoast SEO plugin. -->","yoast_head_json":{"title":"Fine Chemicals Application, Various Filtration and Separation | SHINKAI","description":"Shinkai offers sinter metal filters to solve various filtration and separation problems encountered by customers during production.","robots":{"index":"index","follow":"follow","max-snippet":"max-snippet:-1","max-image-preview":"max-image-preview:large","max-video-preview":"max-video-preview:-1"},"canonical":"https:\/\/www.shinkaifilter.com\/fr\/applications\/fine-chemical\/","og_locale":"en_US","og_type":"article","og_title":"Fine Chemicals Application, Various Filtration and Separation | SHINKAI","og_description":"Shinkai offers sinter metal filters to solve various filtration and separation problems encountered by customers during production.","og_url":"https:\/\/www.shinkaifilter.com\/fr\/applications\/fine-chemical\/","og_site_name":"SHINKAI","article_modified_time":"2022-01-29T11:29:42+00:00","og_image":[{"url":"https:\/\/www.shinkaifilter.com\/wp-content\/uploads\/2020\/10\/Fine-Chemical-10.20.jpg"}],"twitter_card":"summary_large_image","twitter_misc":{"Est. reading time":"2 minutes"},"schema":{"@context":"https:\/\/schema.org","@graph":[{"@type":"WebSite","@id":"https:\/\/www.shinkaifilter.com\/fr\/#website","url":"https:\/\/www.shinkaifilter.com\/fr\/","name":"SHINKAI","description":"Hot Gas Filtration, Gas Solid Separation Systems | Shinkai","potentialAction":[{"@type":"SearchAction","target":{"@type":"EntryPoint","urlTemplate":"https:\/\/www.shinkaifilter.com\/fr\/?s={search_term_string}"},"query-input":"required name=search_term_string"}],"inLanguage":"en-US"},{"@type":"ImageObject","@id":"https:\/\/www.shinkaifilter.com\/fr\/applications\/fine-chemical\/#primaryimage","inLanguage":"en-US","url":"https:\/\/www.shinkaifilter.com\/wp-content\/uploads\/2020\/10\/Fine-Chemical-10.20.jpg","contentUrl":"https:\/\/www.shinkaifilter.com\/wp-content\/uploads\/2020\/10\/Fine-Chemical-10.20.jpg"},{"@type":"WebPage","@id":"https:\/\/www.shinkaifilter.com\/fr\/applications\/fine-chemical\/#webpage","url":"https:\/\/www.shinkaifilter.com\/fr\/applications\/fine-chemical\/","name":"Fine Chemicals Application, Various Filtration and Separation | SHINKAI","isPartOf":{"@id":"https:\/\/www.shinkaifilter.com\/fr\/#website"},"primaryImageOfPage":{"@id":"https:\/\/www.shinkaifilter.com\/fr\/applications\/fine-chemical\/#primaryimage"},"datePublished":"2020-09-30T01:21:48+00:00","dateModified":"2022-01-29T11:29:42+00:00","description":"Shinkai offers sinter metal filters to solve various filtration and separation problems encountered by customers during production.","breadcrumb":{"@id":"https:\/\/www.shinkaifilter.com\/fr\/applications\/fine-chemical\/#breadcrumb"},"inLanguage":"en-US","potentialAction":[{"@type":"ReadAction","target":["https:\/\/www.shinkaifilter.com\/fr\/applications\/fine-chemical\/"]}]},{"@type":"BreadcrumbList","@id":"https:\/\/www.shinkaifilter.com\/fr\/applications\/fine-chemical\/#breadcrumb","itemListElement":[{"@type":"ListItem","position":1,"name":"Home","item":"https:\/\/www.shinkaifilter.com\/fr\/"},{"@type":"ListItem","position":2,"name":"Applications","item":"https:\/\/www.shinkaifilter.com\/fr\/applications\/"},{"@type":"ListItem","position":3,"name":"Fine Chemical"}]}]}},"_links":{"self":[{"href":"https:\/\/www.shinkaifilter.com\/fr\/wp-json\/wp\/v2\/pages\/472"}],"collection":[{"href":"https:\/\/www.shinkaifilter.com\/fr\/wp-json\/wp\/v2\/pages"}],"about":[{"href":"https:\/\/www.shinkaifilter.com\/fr\/wp-json\/wp\/v2\/types\/page"}],"author":[{"embeddable":true,"href":"https:\/\/www.shinkaifilter.com\/fr\/wp-json\/wp\/v2\/users\/1"}],"replies":[{"embeddable":true,"href":"https:\/\/www.shinkaifilter.com\/fr\/wp-json\/wp\/v2\/comments?post=472"}],"version-history":[{"count":26,"href":"https:\/\/www.shinkaifilter.com\/fr\/wp-json\/wp\/v2\/pages\/472\/revisions"}],"predecessor-version":[{"id":2277,"href":"https:\/\/www.shinkaifilter.com\/fr\/wp-json\/wp\/v2\/pages\/472\/revisions\/2277"}],"up":[{"embeddable":true,"href":"https:\/\/www.shinkaifilter.com\/fr\/wp-json\/wp\/v2\/pages\/20"}],"wp:attachment":[{"href":"https:\/\/www.shinkaifilter.com\/fr\/wp-json\/wp\/v2\/media?parent=472"}],"curies":[{"name":"wp","href":"https:\/\/api.w.org\/{rel}","templated":true}]}}