{"id":365,"date":"2020-09-28T16:15:18","date_gmt":"2020-09-28T16:15:18","guid":{"rendered":"https:\/\/www.inwings.net\/shinkai\/?page_id=365"},"modified":"2022-01-29T10:56:18","modified_gmt":"2022-01-29T10:56:18","slug":"flow-restrictors-2","status":"publish","type":"page","link":"https:\/\/www.shinkaifilter.com\/fr\/products\/flow-restrictors-2\/","title":{"rendered":"Flow Restrictors"},"content":{"rendered":"\t\t<div data-elementor-type=\"wp-page\" data-elementor-id=\"365\" class=\"elementor elementor-365\">\n\t\t\t\t\t\t<div class=\"elementor-inner\">\n\t\t\t\t<div class=\"elementor-section-wrap\">\n\t\t\t\t\t\t\t\t\t<section class=\"elementor-section elementor-top-section elementor-element elementor-element-87d4256 elementor-section-stretched elementor-section-boxed elementor-section-height-default elementor-section-height-default\" data-id=\"87d4256\" data-element_type=\"section\" data-settings=\"{&quot;stretch_section&quot;:&quot;section-stretched&quot;,&quot;background_background&quot;:&quot;classic&quot;}\">\n\t\t\t\t\t\t<div class=\"elementor-container elementor-column-gap-default\">\n\t\t\t\t\t\t\t<div class=\"elementor-row\">\n\t\t\t\t\t<div class=\"elementor-column elementor-col-100 elementor-top-column elementor-element elementor-element-a900ee1\" data-id=\"a900ee1\" data-element_type=\"column\">\n\t\t\t<div class=\"elementor-column-wrap elementor-element-populated\">\n\t\t\t\t\t\t\t<div class=\"elementor-widget-wrap\">\n\t\t\t\t\t\t\t\t<\/div>\n\t\t\t\t\t<\/div>\n\t\t<\/div>\n\t\t\t\t\t\t\t\t<\/div>\n\t\t\t\t\t<\/div>\n\t\t<\/section>\n\t\t\t\t<section class=\"elementor-section elementor-top-section elementor-element elementor-element-0ee7af8 elementor-section-boxed elementor-section-height-default elementor-section-height-default\" data-id=\"0ee7af8\" data-element_type=\"section\">\n\t\t\t\t\t\t<div class=\"elementor-container elementor-column-gap-default\">\n\t\t\t\t\t\t\t<div class=\"elementor-row\">\n\t\t\t\t\t<div class=\"elementor-column elementor-col-50 elementor-top-column elementor-element elementor-element-8821c80\" data-id=\"8821c80\" data-element_type=\"column\">\n\t\t\t<div class=\"elementor-column-wrap elementor-element-populated\">\n\t\t\t\t\t\t\t<div class=\"elementor-widget-wrap\">\n\t\t\t\t\t\t<div class=\"elementor-element elementor-element-a79745b elementor-widget elementor-widget-text-editor\" data-id=\"a79745b\" data-element_type=\"widget\" data-widget_type=\"text-editor.default\">\n\t\t\t\t<div class=\"elementor-widget-container\">\n\t\t\t\t\t\t\t\t<div class=\"elementor-text-editor elementor-clearfix\">\n\t\t\t\t<p>Les limiteurs de d\u00e9bit en m\u00e9tal fritt\u00e9 sont des dispositifs de limitation de d\u00e9bit utilis\u00e9s pour fournir des d\u00e9bits tr\u00e8s pr\u00e9cis et emp\u00eacher un d\u00e9bit incontr\u00f4l\u00e9 de gaz de traitement de semi-conducteurs de haute puret\u00e9. Install\u00e9 dans les syst\u00e8mes d&#8217;alimentation ede gaz comprim\u00e9 ou dans les collecteurs de distribution de gaz, pour fournir des d\u00e9bits de gaz hautement contr\u00f4l\u00e9s. Ces restricteurs sont des pi\u00e8ces de contr\u00f4le de d\u00e9bit tr\u00e8s fiables et \u00e0 faible co\u00fbt qui fourniront un retour rapide.<\/p>\t\t\t\t\t<\/div>\n\t\t\t\t\t\t<\/div>\n\t\t\t\t<\/div>\n\t\t\t\t<div class=\"elementor-element elementor-element-1e97bd9 elementor-widget elementor-widget-image\" data-id=\"1e97bd9\" data-element_type=\"widget\" data-widget_type=\"image.default\">\n\t\t\t\t<div class=\"elementor-widget-container\">\n\t\t\t\t\t\t\t\t<div class=\"elementor-image\">\n\t\t\t\t\t\t\t\t\t\t\t\t<img width=\"800\" height=\"600\" src=\"https:\/\/www.shinkaifilter.com\/fr\/wp-content\/uploads\/2020\/10\/Flow-Restrictors-1-1.jpg\" class=\"attachment-large size-large\" alt=\"Flow Restrictors\" srcset=\"https:\/\/www.shinkaifilter.com\/fr\/wp-content\/uploads\/2020\/10\/Flow-Restrictors-1-1.jpg 800w, https:\/\/www.shinkaifilter.com\/fr\/wp-content\/uploads\/2020\/10\/Flow-Restrictors-1-1-300x225.jpg 300w, https:\/\/www.shinkaifilter.com\/fr\/wp-content\/uploads\/2020\/10\/Flow-Restrictors-1-1-768x576.jpg 768w\" sizes=\"(max-width: 800px) 100vw, 800px\" \/>\t\t\t\t\t\t\t\t\t\t\t\t\t\t<\/div>\n\t\t\t\t\t\t<\/div>\n\t\t\t\t<\/div>\n\t\t\t\t\t\t<\/div>\n\t\t\t\t\t<\/div>\n\t\t<\/div>\n\t\t\t\t<div class=\"elementor-column elementor-col-50 elementor-top-column elementor-element elementor-element-80cf400\" data-id=\"80cf400\" data-element_type=\"column\">\n\t\t\t<div class=\"elementor-column-wrap elementor-element-populated\">\n\t\t\t\t\t\t\t<div class=\"elementor-widget-wrap\">\n\t\t\t\t\t\t<div class=\"elementor-element elementor-element-86ff171 elementor-widget elementor-widget-ppm-menu\" data-id=\"86ff171\" data-element_type=\"widget\" data-widget_type=\"ppm-menu.default\">\n\t\t\t\t<div class=\"elementor-widget-container\">\n\t\t\t<div class=\"special-nav\">\n            <h3 class=\"special-nav-menu-title\">Products<\/h3>\n            <div class=\"menu-products-menu-container\"><ul id=\"menu-products-menu\" class=\"menu\"><li id=\"menu-item-415\" class=\"menu-item menu-item-type-post_type menu-item-object-page menu-item-has-children menu-item-415\"><a href=\"https:\/\/www.shinkaifilter.com\/fr\/products\/sinter-metal-filter-elements-2\/\">\u00c9l\u00e9ments filtrants en m\u00e9tal fritt\u00e9<\/a>\n<ul class=\"sub-menu\">\n\t<li id=\"menu-item-373\" class=\"menu-item menu-item-type-post_type menu-item-object-page menu-item-373\"><a href=\"https:\/\/www.shinkaifilter.com\/fr\/products\/sinter-metal-filter-elements-2\/sinter-metal-filter-elements\/\">Cartouche filtrante en poudre m\u00e9tallique fritt\u00e9e<\/a><\/li>\n\t<li id=\"menu-item-374\" class=\"menu-item menu-item-type-post_type menu-item-object-page menu-item-374\"><a href=\"https:\/\/www.shinkaifilter.com\/fr\/products\/sinter-metal-filter-elements-2\/asymmetric-sinter-porous-metal-filter-membrane\/\">Membrane filtrante poreuse en m\u00e9tal fritt\u00e9 asym\u00e9trique<\/a><\/li>\n\t<li id=\"menu-item-377\" class=\"menu-item menu-item-type-post_type menu-item-object-page menu-item-377\"><a href=\"https:\/\/www.shinkaifilter.com\/fr\/products\/sinter-metal-filter-elements-2\/porous-sinter-metal-elements-disc-sheet-plate-cone\/\">\u00c9l\u00e9ments m\u00e9talliques fritt\u00e9s poreux-disque, feuille, plaque, c\u00f4ne<\/a><\/li>\n\t<li id=\"menu-item-378\" class=\"menu-item menu-item-type-post_type menu-item-object-page menu-item-378\"><a href=\"https:\/\/www.shinkaifilter.com\/fr\/products\/sinter-metal-filter-elements-2\/sinter-metal-ultrafine-filter-tube\/\">Tube filtrant ultrafin en m\u00e9tal fritt\u00e9<\/a><\/li>\n\t<li id=\"menu-item-379\" class=\"menu-item menu-item-type-post_type menu-item-object-page menu-item-379\"><a href=\"https:\/\/www.shinkaifilter.com\/fr\/products\/sinter-metal-filter-elements-2\/sinter-metal-wire-mesh-filter-elements\/\">\u00c9l\u00e9ments filtrants en maillage m\u00e9tallique fritt\u00e9<\/a><\/li>\n\t<li id=\"menu-item-380\" class=\"menu-item menu-item-type-post_type menu-item-object-page menu-item-380\"><a href=\"https:\/\/www.shinkaifilter.com\/fr\/products\/sinter-metal-filter-elements-2\/sinter-metal-fiber-felt-filter-cartridge\/\">Cartouche filtrante en feutre de fibre de m\u00e9tal fritt\u00e9<\/a><\/li>\n<\/ul>\n<\/li>\n<li id=\"menu-item-416\" class=\"menu-item menu-item-type-post_type menu-item-object-page menu-item-has-children menu-item-416\"><a href=\"https:\/\/www.shinkaifilter.com\/fr\/products\/liquid-solid-filtration-system\/\">Syst\u00e8me de filtration liquide-solide<\/a>\n<ul class=\"sub-menu\">\n\t<li id=\"menu-item-381\" class=\"menu-item menu-item-type-post_type menu-item-object-page menu-item-381\"><a href=\"https:\/\/www.shinkaifilter.com\/fr\/products\/liquid-solid-filtration-system\/catalyst-filter\/\">Filtre de catalyseur<\/a><\/li>\n\t<li id=\"menu-item-382\" class=\"menu-item menu-item-type-post_type menu-item-object-page menu-item-382\"><a href=\"https:\/\/www.shinkaifilter.com\/fr\/products\/liquid-solid-filtration-system\/automatic-cleaning-filtration-system-with-backwashing\/\">Syst\u00e8me de filtration de nettoyage automatique avec lavage \u00e0 contre-courant<\/a><\/li>\n\t<li id=\"menu-item-383\" class=\"menu-item menu-item-type-post_type menu-item-object-page menu-item-383\"><a href=\"https:\/\/www.shinkaifilter.com\/fr\/products\/liquid-solid-filtration-system\/dead-end-filtration-system\/\">Syst\u00e8me de filtration sans issue<\/a><\/li>\n\t<li id=\"menu-item-384\" class=\"menu-item menu-item-type-post_type menu-item-object-page menu-item-384\"><a href=\"https:\/\/www.shinkaifilter.com\/fr\/products\/liquid-solid-filtration-system\/cross-flow-filter-system\/\">Syst\u00e8me de filtre \u00e0 flux crois\u00e9<\/a><\/li>\n<\/ul>\n<\/li>\n<li id=\"menu-item-417\" class=\"menu-item menu-item-type-post_type menu-item-object-page menu-item-has-children menu-item-417\"><a href=\"https:\/\/www.shinkaifilter.com\/fr\/products\/gas-solid-filtration-system\/\">Gas-solid Filtration System<\/a>\n<ul class=\"sub-menu\">\n\t<li id=\"menu-item-385\" class=\"menu-item menu-item-type-post_type menu-item-object-page menu-item-385\"><a href=\"https:\/\/www.shinkaifilter.com\/fr\/products\/gas-solid-filtration-system\/pressurized-blowback-filtration-system\/\">Syst\u00e8me de filtration de refoulement sous pression<\/a><\/li>\n\t<li id=\"menu-item-386\" class=\"menu-item menu-item-type-post_type menu-item-object-page menu-item-386\"><a href=\"https:\/\/www.shinkaifilter.com\/fr\/products\/gas-solid-filtration-system\/hot-gas-filtration-with-venturi-pulse-blowback\/\">Filtration des gaz chauds avec refoulement d\u2019impulsion Venturi<\/a><\/li>\n\t<li id=\"menu-item-1561\" class=\"menu-item menu-item-type-post_type menu-item-object-page menu-item-1561\"><a href=\"https:\/\/www.shinkaifilter.com\/fr\/products\/gas-solid-filtration-system\/high-purity-filters-in-semiconductor\/\">Filtres de haute puret\u00e9 dans les semi-conducteurs<\/a><\/li>\n<\/ul>\n<\/li>\n<li id=\"menu-item-418\" class=\"menu-item menu-item-type-post_type menu-item-object-page menu-item-has-children menu-item-418\"><a href=\"https:\/\/www.shinkaifilter.com\/fr\/products\/powder-fluidizing-and-handling\/\">Poudre Fluidis\u00e9e<\/a>\n<ul class=\"sub-menu\">\n\t<li id=\"menu-item-387\" class=\"menu-item menu-item-type-post_type menu-item-object-page menu-item-387\"><a href=\"https:\/\/www.shinkaifilter.com\/fr\/products\/powder-fluidizing-and-handling\/porous-metal-fluidizers-with-stainless-steel-for-handling-and-processing\/\">Fluidiseurs en m\u00e9tal poreux avec acier inoxydable pour la manipulation et le traitement<\/a><\/li>\n<\/ul>\n<\/li>\n<li id=\"menu-item-419\" class=\"menu-item menu-item-type-post_type menu-item-object-page menu-item-has-children menu-item-419\"><a href=\"https:\/\/www.shinkaifilter.com\/fr\/products\/sintered-metal-sparger\/\">Sparger en m\u00e9tal fritt\u00e9<\/a>\n<ul class=\"sub-menu\">\n\t<li id=\"menu-item-388\" class=\"menu-item menu-item-type-post_type menu-item-object-page menu-item-388\"><a href=\"https:\/\/www.shinkaifilter.com\/fr\/products\/sintered-metal-sparger\/sintered-metal-sparger-for-fermentation-tank-stainless-steel\/\">Barboteur en m\u00e9tal fritt\u00e9 pour cuve de fermentation en acier inoxydable<\/a><\/li>\n<\/ul>\n<\/li>\n<li id=\"menu-item-420\" class=\"menu-item menu-item-type-post_type menu-item-object-page menu-item-has-children menu-item-420\"><a href=\"https:\/\/www.shinkaifilter.com\/fr\/products\/flow-restrictors-2\/\">Limiteurs de d\u00e9bit<\/a>\n<ul class=\"sub-menu\">\n\t<li id=\"menu-item-389\" class=\"menu-item menu-item-type-post_type menu-item-object-page menu-item-389\"><a href=\"https:\/\/www.shinkaifilter.com\/fr\/products\/flow-restrictors-2\/flow-restrictors\/\">Limiteurs de d\u00e9bit<\/a><\/li>\n<\/ul>\n<\/li>\n<\/ul><\/div>\n        <\/div>\t\t<\/div>\n\t\t\t\t<\/div>\n\t\t\t\t\t\t<\/div>\n\t\t\t\t\t<\/div>\n\t\t<\/div>\n\t\t\t\t\t\t\t\t<\/div>\n\t\t\t\t\t<\/div>\n\t\t<\/section>\n\t\t\t\t\t\t\t\t\t<\/div>\n\t\t\t<\/div>\n\t\t\t\t\t<\/div>\n\t\t","protected":false},"excerpt":{"rendered":"<p>Les limiteurs de d\u00e9bit en m\u00e9tal fritt\u00e9 sont des dispositifs de limitation de d\u00e9bit utilis\u00e9s pour fournir des d\u00e9bits tr\u00e8s pr\u00e9cis et emp\u00eacher un d\u00e9bit incontr\u00f4l\u00e9 de gaz de traitement de semi-conducteurs de haute puret\u00e9. Install\u00e9 dans les syst\u00e8mes d&#8217;alimentation ede gaz comprim\u00e9 ou dans les collecteurs de distribution de gaz, pour fournir des d\u00e9bits [&hellip;]<\/p>\n","protected":false},"author":1,"featured_media":0,"parent":19,"menu_order":0,"comment_status":"closed","ping_status":"closed","template":"elementor_header_footer","meta":[],"yoast_head":"<!-- This site is optimized with the Yoast SEO plugin v18.6 - https:\/\/yoast.com\/wordpress\/plugins\/seo\/ -->\n<title>Flow Restrictors Manufacturer and Supplier | SHINKAI<\/title>\n<meta name=\"description\" content=\"Sintered Metal Flow Restrictors are flow limiting devices used to provide highly accurate flow rates and prevent an uncontrolled flow.\" \/>\n<meta name=\"robots\" content=\"index, follow, max-snippet:-1, max-image-preview:large, max-video-preview:-1\" \/>\n<link rel=\"canonical\" href=\"https:\/\/www.shinkaifilter.com\/fr\/products\/flow-restrictors-2\/\" \/>\n<meta property=\"og:locale\" content=\"en_US\" \/>\n<meta property=\"og:type\" content=\"article\" \/>\n<meta property=\"og:title\" content=\"Flow Restrictors Manufacturer and Supplier | SHINKAI\" \/>\n<meta property=\"og:description\" content=\"Sintered Metal Flow Restrictors are flow limiting devices used to provide highly accurate flow rates and prevent an uncontrolled flow.\" \/>\n<meta property=\"og:url\" content=\"https:\/\/www.shinkaifilter.com\/fr\/products\/flow-restrictors-2\/\" \/>\n<meta property=\"og:site_name\" content=\"SHINKAI\" \/>\n<meta property=\"article:modified_time\" content=\"2022-01-29T10:56:18+00:00\" \/>\n<meta property=\"og:image\" content=\"https:\/\/www.shinkaifilter.com\/fr\/wp-content\/uploads\/2020\/10\/Flow-Restrictors-1-1.jpg\" \/>\n<meta name=\"twitter:card\" content=\"summary_large_image\" \/>\n<meta name=\"twitter:label1\" content=\"Est. reading time\" \/>\n\t<meta name=\"twitter:data1\" content=\"2 minutes\" \/>\n<script type=\"application\/ld+json\" class=\"yoast-schema-graph\">{\"@context\":\"https:\/\/schema.org\",\"@graph\":[{\"@type\":\"WebSite\",\"@id\":\"https:\/\/www.shinkaifilter.com\/fr\/#website\",\"url\":\"https:\/\/www.shinkaifilter.com\/fr\/\",\"name\":\"SHINKAI\",\"description\":\"Hot Gas Filtration, Gas Solid Separation Systems | Shinkai\",\"potentialAction\":[{\"@type\":\"SearchAction\",\"target\":{\"@type\":\"EntryPoint\",\"urlTemplate\":\"https:\/\/www.shinkaifilter.com\/fr\/?s={search_term_string}\"},\"query-input\":\"required name=search_term_string\"}],\"inLanguage\":\"en-US\"},{\"@type\":\"ImageObject\",\"@id\":\"https:\/\/www.shinkaifilter.com\/fr\/products\/flow-restrictors-2\/#primaryimage\",\"inLanguage\":\"en-US\",\"url\":\"https:\/\/www.shinkaifilter.com\/fr\/wp-content\/uploads\/2020\/10\/Flow-Restrictors-1-1.jpg\",\"contentUrl\":\"https:\/\/www.shinkaifilter.com\/fr\/wp-content\/uploads\/2020\/10\/Flow-Restrictors-1-1.jpg\",\"width\":800,\"height\":600,\"caption\":\"Flow Restrictors\"},{\"@type\":\"WebPage\",\"@id\":\"https:\/\/www.shinkaifilter.com\/fr\/products\/flow-restrictors-2\/#webpage\",\"url\":\"https:\/\/www.shinkaifilter.com\/fr\/products\/flow-restrictors-2\/\",\"name\":\"Flow Restrictors Manufacturer and Supplier | SHINKAI\",\"isPartOf\":{\"@id\":\"https:\/\/www.shinkaifilter.com\/fr\/#website\"},\"primaryImageOfPage\":{\"@id\":\"https:\/\/www.shinkaifilter.com\/fr\/products\/flow-restrictors-2\/#primaryimage\"},\"datePublished\":\"2020-09-28T16:15:18+00:00\",\"dateModified\":\"2022-01-29T10:56:18+00:00\",\"description\":\"Sintered Metal Flow Restrictors are flow limiting devices used to provide highly accurate flow rates and prevent an uncontrolled flow.\",\"breadcrumb\":{\"@id\":\"https:\/\/www.shinkaifilter.com\/fr\/products\/flow-restrictors-2\/#breadcrumb\"},\"inLanguage\":\"en-US\",\"potentialAction\":[{\"@type\":\"ReadAction\",\"target\":[\"https:\/\/www.shinkaifilter.com\/fr\/products\/flow-restrictors-2\/\"]}]},{\"@type\":\"BreadcrumbList\",\"@id\":\"https:\/\/www.shinkaifilter.com\/fr\/products\/flow-restrictors-2\/#breadcrumb\",\"itemListElement\":[{\"@type\":\"ListItem\",\"position\":1,\"name\":\"Home\",\"item\":\"https:\/\/www.shinkaifilter.com\/fr\/\"},{\"@type\":\"ListItem\",\"position\":2,\"name\":\"Products\",\"item\":\"https:\/\/www.shinkaifilter.com\/fr\/products\/\"},{\"@type\":\"ListItem\",\"position\":3,\"name\":\"Flow Restrictors\"}]}]}<\/script>\n<!-- \/ Yoast SEO plugin. -->","yoast_head_json":{"title":"Flow Restrictors Manufacturer and Supplier | SHINKAI","description":"Sintered Metal Flow Restrictors are flow limiting devices used to provide highly accurate flow rates and prevent an uncontrolled flow.","robots":{"index":"index","follow":"follow","max-snippet":"max-snippet:-1","max-image-preview":"max-image-preview:large","max-video-preview":"max-video-preview:-1"},"canonical":"https:\/\/www.shinkaifilter.com\/fr\/products\/flow-restrictors-2\/","og_locale":"en_US","og_type":"article","og_title":"Flow Restrictors Manufacturer and Supplier | SHINKAI","og_description":"Sintered Metal Flow Restrictors are flow limiting devices used to provide highly accurate flow rates and prevent an uncontrolled flow.","og_url":"https:\/\/www.shinkaifilter.com\/fr\/products\/flow-restrictors-2\/","og_site_name":"SHINKAI","article_modified_time":"2022-01-29T10:56:18+00:00","og_image":[{"url":"https:\/\/www.shinkaifilter.com\/fr\/wp-content\/uploads\/2020\/10\/Flow-Restrictors-1-1.jpg"}],"twitter_card":"summary_large_image","twitter_misc":{"Est. reading time":"2 minutes"},"schema":{"@context":"https:\/\/schema.org","@graph":[{"@type":"WebSite","@id":"https:\/\/www.shinkaifilter.com\/fr\/#website","url":"https:\/\/www.shinkaifilter.com\/fr\/","name":"SHINKAI","description":"Hot Gas Filtration, Gas Solid Separation Systems | Shinkai","potentialAction":[{"@type":"SearchAction","target":{"@type":"EntryPoint","urlTemplate":"https:\/\/www.shinkaifilter.com\/fr\/?s={search_term_string}"},"query-input":"required name=search_term_string"}],"inLanguage":"en-US"},{"@type":"ImageObject","@id":"https:\/\/www.shinkaifilter.com\/fr\/products\/flow-restrictors-2\/#primaryimage","inLanguage":"en-US","url":"https:\/\/www.shinkaifilter.com\/fr\/wp-content\/uploads\/2020\/10\/Flow-Restrictors-1-1.jpg","contentUrl":"https:\/\/www.shinkaifilter.com\/fr\/wp-content\/uploads\/2020\/10\/Flow-Restrictors-1-1.jpg","width":800,"height":600,"caption":"Flow Restrictors"},{"@type":"WebPage","@id":"https:\/\/www.shinkaifilter.com\/fr\/products\/flow-restrictors-2\/#webpage","url":"https:\/\/www.shinkaifilter.com\/fr\/products\/flow-restrictors-2\/","name":"Flow Restrictors Manufacturer and Supplier | SHINKAI","isPartOf":{"@id":"https:\/\/www.shinkaifilter.com\/fr\/#website"},"primaryImageOfPage":{"@id":"https:\/\/www.shinkaifilter.com\/fr\/products\/flow-restrictors-2\/#primaryimage"},"datePublished":"2020-09-28T16:15:18+00:00","dateModified":"2022-01-29T10:56:18+00:00","description":"Sintered Metal Flow Restrictors are flow limiting devices used to provide highly accurate flow rates and prevent an uncontrolled flow.","breadcrumb":{"@id":"https:\/\/www.shinkaifilter.com\/fr\/products\/flow-restrictors-2\/#breadcrumb"},"inLanguage":"en-US","potentialAction":[{"@type":"ReadAction","target":["https:\/\/www.shinkaifilter.com\/fr\/products\/flow-restrictors-2\/"]}]},{"@type":"BreadcrumbList","@id":"https:\/\/www.shinkaifilter.com\/fr\/products\/flow-restrictors-2\/#breadcrumb","itemListElement":[{"@type":"ListItem","position":1,"name":"Home","item":"https:\/\/www.shinkaifilter.com\/fr\/"},{"@type":"ListItem","position":2,"name":"Products","item":"https:\/\/www.shinkaifilter.com\/fr\/products\/"},{"@type":"ListItem","position":3,"name":"Flow Restrictors"}]}]}},"_links":{"self":[{"href":"https:\/\/www.shinkaifilter.com\/fr\/wp-json\/wp\/v2\/pages\/365"}],"collection":[{"href":"https:\/\/www.shinkaifilter.com\/fr\/wp-json\/wp\/v2\/pages"}],"about":[{"href":"https:\/\/www.shinkaifilter.com\/fr\/wp-json\/wp\/v2\/types\/page"}],"author":[{"embeddable":true,"href":"https:\/\/www.shinkaifilter.com\/fr\/wp-json\/wp\/v2\/users\/1"}],"replies":[{"embeddable":true,"href":"https:\/\/www.shinkaifilter.com\/fr\/wp-json\/wp\/v2\/comments?post=365"}],"version-history":[{"count":9,"href":"https:\/\/www.shinkaifilter.com\/fr\/wp-json\/wp\/v2\/pages\/365\/revisions"}],"predecessor-version":[{"id":2270,"href":"https:\/\/www.shinkaifilter.com\/fr\/wp-json\/wp\/v2\/pages\/365\/revisions\/2270"}],"up":[{"embeddable":true,"href":"https:\/\/www.shinkaifilter.com\/fr\/wp-json\/wp\/v2\/pages\/19"}],"wp:attachment":[{"href":"https:\/\/www.shinkaifilter.com\/fr\/wp-json\/wp\/v2\/media?parent=365"}],"curies":[{"name":"wp","href":"https:\/\/api.w.org\/{rel}","templated":true}]}}