{"id":363,"date":"2020-09-28T16:14:54","date_gmt":"2020-09-28T16:14:54","guid":{"rendered":"https:\/\/www.inwings.net\/shinkai\/?page_id=363"},"modified":"2022-01-29T10:51:54","modified_gmt":"2022-01-29T10:51:54","slug":"sintered-metal-sparger","status":"publish","type":"page","link":"https:\/\/www.shinkaifilter.com\/fr\/products\/sintered-metal-sparger\/","title":{"rendered":"Sintered Metal Sparger"},"content":{"rendered":"\t\t<div data-elementor-type=\"wp-page\" data-elementor-id=\"363\" class=\"elementor elementor-363\">\n\t\t\t\t\t\t<div class=\"elementor-inner\">\n\t\t\t\t<div class=\"elementor-section-wrap\">\n\t\t\t\t\t\t\t\t\t<section class=\"elementor-section elementor-top-section elementor-element elementor-element-5487997 elementor-section-stretched elementor-section-boxed elementor-section-height-default elementor-section-height-default\" data-id=\"5487997\" data-element_type=\"section\" data-settings=\"{&quot;stretch_section&quot;:&quot;section-stretched&quot;,&quot;background_background&quot;:&quot;classic&quot;}\">\n\t\t\t\t\t\t<div class=\"elementor-container elementor-column-gap-default\">\n\t\t\t\t\t\t\t<div class=\"elementor-row\">\n\t\t\t\t\t<div class=\"elementor-column elementor-col-100 elementor-top-column elementor-element elementor-element-51f1483\" data-id=\"51f1483\" data-element_type=\"column\">\n\t\t\t<div class=\"elementor-column-wrap elementor-element-populated\">\n\t\t\t\t\t\t\t<div class=\"elementor-widget-wrap\">\n\t\t\t\t\t\t\t\t<\/div>\n\t\t\t\t\t<\/div>\n\t\t<\/div>\n\t\t\t\t\t\t\t\t<\/div>\n\t\t\t\t\t<\/div>\n\t\t<\/section>\n\t\t\t\t<section class=\"elementor-section elementor-top-section elementor-element elementor-element-6a0ddcd elementor-section-boxed elementor-section-height-default elementor-section-height-default\" data-id=\"6a0ddcd\" data-element_type=\"section\">\n\t\t\t\t\t\t<div class=\"elementor-container elementor-column-gap-default\">\n\t\t\t\t\t\t\t<div class=\"elementor-row\">\n\t\t\t\t\t<div class=\"elementor-column elementor-col-50 elementor-top-column elementor-element elementor-element-082d6d3\" data-id=\"082d6d3\" data-element_type=\"column\">\n\t\t\t<div class=\"elementor-column-wrap elementor-element-populated\">\n\t\t\t\t\t\t\t<div class=\"elementor-widget-wrap\">\n\t\t\t\t\t\t<div class=\"elementor-element elementor-element-06d6990 elementor-widget elementor-widget-text-editor\" data-id=\"06d6990\" data-element_type=\"widget\" data-widget_type=\"text-editor.default\">\n\t\t\t\t<div class=\"elementor-widget-container\">\n\t\t\t\t\t\t\t\t<div class=\"elementor-text-editor elementor-clearfix\">\n\t\t\t\t<p>&#8220;Les barboteurs sont des \u00e9l\u00e9ments n\u00e9cessaires des bior\u00e9acteurs et des cuves de fermentation. Les barboteurs sont principalement constitu\u00e9s de mat\u00e9riaux \u00e0 membrane m\u00e9tallique. Shinkai pourrait concevoir des barboteurs avec divers mat\u00e9riaux (304L, 316L et autres alliages) sur la base de la fiche technique cr\u00e9\u00e9e par les clients. L&#8217;\u00e9quipe d&#8217;ing\u00e9nierie hautement qualifi\u00e9e de Shinkai aidera le client \u00e0 concevoir le bon syst\u00e8me de barboteur pour diff\u00e9rentes applications comme suit&nbsp;:<\/p>\n<p>Barboteur de bio-fermentation, barboteur statique et barboteur \u00e0 changement rapide<br>\nBarboteur de pipeline dynamique, Micro barboteur en m\u00e9tal poreux&#8221;<\/p>\t\t\t\t\t<\/div>\n\t\t\t\t\t\t<\/div>\n\t\t\t\t<\/div>\n\t\t\t\t<div class=\"elementor-element elementor-element-81a2d6e elementor-widget elementor-widget-image\" data-id=\"81a2d6e\" data-element_type=\"widget\" data-widget_type=\"image.default\">\n\t\t\t\t<div class=\"elementor-widget-container\">\n\t\t\t\t\t\t\t\t<div class=\"elementor-image\">\n\t\t\t\t\t\t\t\t\t\t\t\t<img width=\"768\" height=\"1024\" src=\"https:\/\/www.shinkaifilter.com\/fr\/wp-content\/uploads\/2020\/10\/Sparger-1-1-768x1024.jpg\" class=\"attachment-large size-large\" alt=\"Sparger\" srcset=\"https:\/\/www.shinkaifilter.com\/fr\/wp-content\/uploads\/2020\/10\/Sparger-1-1-768x1023.jpg 768w, https:\/\/www.shinkaifilter.com\/fr\/wp-content\/uploads\/2020\/10\/Sparger-1-1-225x300.jpg 225w, https:\/\/www.shinkaifilter.com\/fr\/wp-content\/uploads\/2020\/10\/Sparger-1-1.jpg 800w\" sizes=\"(max-width: 768px) 100vw, 768px\" \/>\t\t\t\t\t\t\t\t\t\t\t\t\t\t<\/div>\n\t\t\t\t\t\t<\/div>\n\t\t\t\t<\/div>\n\t\t\t\t\t\t<\/div>\n\t\t\t\t\t<\/div>\n\t\t<\/div>\n\t\t\t\t<div class=\"elementor-column elementor-col-50 elementor-top-column elementor-element elementor-element-e28f776\" data-id=\"e28f776\" data-element_type=\"column\">\n\t\t\t<div class=\"elementor-column-wrap elementor-element-populated\">\n\t\t\t\t\t\t\t<div class=\"elementor-widget-wrap\">\n\t\t\t\t\t\t<div class=\"elementor-element elementor-element-2bc1ad9 elementor-widget elementor-widget-ppm-menu\" data-id=\"2bc1ad9\" data-element_type=\"widget\" data-widget_type=\"ppm-menu.default\">\n\t\t\t\t<div class=\"elementor-widget-container\">\n\t\t\t<div class=\"special-nav\">\n            <h3 class=\"special-nav-menu-title\">Products<\/h3>\n            <div class=\"menu-products-menu-container\"><ul id=\"menu-products-menu\" class=\"menu\"><li id=\"menu-item-415\" class=\"menu-item menu-item-type-post_type menu-item-object-page menu-item-has-children menu-item-415\"><a href=\"https:\/\/www.shinkaifilter.com\/fr\/products\/sinter-metal-filter-elements-2\/\">\u00c9l\u00e9ments filtrants en m\u00e9tal fritt\u00e9<\/a>\n<ul class=\"sub-menu\">\n\t<li id=\"menu-item-373\" class=\"menu-item menu-item-type-post_type menu-item-object-page menu-item-373\"><a href=\"https:\/\/www.shinkaifilter.com\/fr\/products\/sinter-metal-filter-elements-2\/sinter-metal-filter-elements\/\">Cartouche filtrante en poudre m\u00e9tallique fritt\u00e9e<\/a><\/li>\n\t<li id=\"menu-item-374\" class=\"menu-item menu-item-type-post_type menu-item-object-page menu-item-374\"><a href=\"https:\/\/www.shinkaifilter.com\/fr\/products\/sinter-metal-filter-elements-2\/asymmetric-sinter-porous-metal-filter-membrane\/\">Membrane filtrante poreuse en m\u00e9tal fritt\u00e9 asym\u00e9trique<\/a><\/li>\n\t<li id=\"menu-item-377\" class=\"menu-item menu-item-type-post_type menu-item-object-page menu-item-377\"><a href=\"https:\/\/www.shinkaifilter.com\/fr\/products\/sinter-metal-filter-elements-2\/porous-sinter-metal-elements-disc-sheet-plate-cone\/\">\u00c9l\u00e9ments m\u00e9talliques fritt\u00e9s poreux-disque, feuille, plaque, c\u00f4ne<\/a><\/li>\n\t<li id=\"menu-item-378\" class=\"menu-item menu-item-type-post_type menu-item-object-page menu-item-378\"><a href=\"https:\/\/www.shinkaifilter.com\/fr\/products\/sinter-metal-filter-elements-2\/sinter-metal-ultrafine-filter-tube\/\">Tube filtrant ultrafin en m\u00e9tal fritt\u00e9<\/a><\/li>\n\t<li id=\"menu-item-379\" class=\"menu-item menu-item-type-post_type menu-item-object-page menu-item-379\"><a href=\"https:\/\/www.shinkaifilter.com\/fr\/products\/sinter-metal-filter-elements-2\/sinter-metal-wire-mesh-filter-elements\/\">\u00c9l\u00e9ments filtrants en maillage m\u00e9tallique fritt\u00e9<\/a><\/li>\n\t<li id=\"menu-item-380\" class=\"menu-item menu-item-type-post_type menu-item-object-page menu-item-380\"><a href=\"https:\/\/www.shinkaifilter.com\/fr\/products\/sinter-metal-filter-elements-2\/sinter-metal-fiber-felt-filter-cartridge\/\">Cartouche filtrante en feutre de fibre de m\u00e9tal fritt\u00e9<\/a><\/li>\n<\/ul>\n<\/li>\n<li id=\"menu-item-416\" class=\"menu-item menu-item-type-post_type menu-item-object-page menu-item-has-children menu-item-416\"><a href=\"https:\/\/www.shinkaifilter.com\/fr\/products\/liquid-solid-filtration-system\/\">Syst\u00e8me de filtration liquide-solide<\/a>\n<ul class=\"sub-menu\">\n\t<li id=\"menu-item-381\" class=\"menu-item menu-item-type-post_type menu-item-object-page menu-item-381\"><a href=\"https:\/\/www.shinkaifilter.com\/fr\/products\/liquid-solid-filtration-system\/catalyst-filter\/\">Filtre de catalyseur<\/a><\/li>\n\t<li id=\"menu-item-382\" class=\"menu-item menu-item-type-post_type menu-item-object-page menu-item-382\"><a href=\"https:\/\/www.shinkaifilter.com\/fr\/products\/liquid-solid-filtration-system\/automatic-cleaning-filtration-system-with-backwashing\/\">Syst\u00e8me de filtration de nettoyage automatique avec lavage \u00e0 contre-courant<\/a><\/li>\n\t<li id=\"menu-item-383\" class=\"menu-item menu-item-type-post_type menu-item-object-page menu-item-383\"><a href=\"https:\/\/www.shinkaifilter.com\/fr\/products\/liquid-solid-filtration-system\/dead-end-filtration-system\/\">Syst\u00e8me de filtration sans issue<\/a><\/li>\n\t<li id=\"menu-item-384\" class=\"menu-item menu-item-type-post_type menu-item-object-page menu-item-384\"><a href=\"https:\/\/www.shinkaifilter.com\/fr\/products\/liquid-solid-filtration-system\/cross-flow-filter-system\/\">Syst\u00e8me de filtre \u00e0 flux crois\u00e9<\/a><\/li>\n<\/ul>\n<\/li>\n<li id=\"menu-item-417\" class=\"menu-item menu-item-type-post_type menu-item-object-page menu-item-has-children menu-item-417\"><a href=\"https:\/\/www.shinkaifilter.com\/fr\/products\/gas-solid-filtration-system\/\">Gas-solid Filtration System<\/a>\n<ul class=\"sub-menu\">\n\t<li id=\"menu-item-385\" class=\"menu-item menu-item-type-post_type menu-item-object-page menu-item-385\"><a href=\"https:\/\/www.shinkaifilter.com\/fr\/products\/gas-solid-filtration-system\/pressurized-blowback-filtration-system\/\">Syst\u00e8me de filtration de refoulement sous pression<\/a><\/li>\n\t<li id=\"menu-item-386\" class=\"menu-item menu-item-type-post_type menu-item-object-page menu-item-386\"><a href=\"https:\/\/www.shinkaifilter.com\/fr\/products\/gas-solid-filtration-system\/hot-gas-filtration-with-venturi-pulse-blowback\/\">Filtration des gaz chauds avec refoulement d\u2019impulsion Venturi<\/a><\/li>\n\t<li id=\"menu-item-1561\" class=\"menu-item menu-item-type-post_type menu-item-object-page menu-item-1561\"><a href=\"https:\/\/www.shinkaifilter.com\/fr\/products\/gas-solid-filtration-system\/high-purity-filters-in-semiconductor\/\">Filtres de haute puret\u00e9 dans les semi-conducteurs<\/a><\/li>\n<\/ul>\n<\/li>\n<li id=\"menu-item-418\" class=\"menu-item menu-item-type-post_type menu-item-object-page menu-item-has-children menu-item-418\"><a href=\"https:\/\/www.shinkaifilter.com\/fr\/products\/powder-fluidizing-and-handling\/\">Poudre Fluidis\u00e9e<\/a>\n<ul class=\"sub-menu\">\n\t<li id=\"menu-item-387\" class=\"menu-item menu-item-type-post_type menu-item-object-page menu-item-387\"><a href=\"https:\/\/www.shinkaifilter.com\/fr\/products\/powder-fluidizing-and-handling\/porous-metal-fluidizers-with-stainless-steel-for-handling-and-processing\/\">Fluidiseurs en m\u00e9tal poreux avec acier inoxydable pour la manipulation et le traitement<\/a><\/li>\n<\/ul>\n<\/li>\n<li id=\"menu-item-419\" class=\"menu-item menu-item-type-post_type menu-item-object-page menu-item-has-children menu-item-419\"><a href=\"https:\/\/www.shinkaifilter.com\/fr\/products\/sintered-metal-sparger\/\">Sparger en m\u00e9tal fritt\u00e9<\/a>\n<ul class=\"sub-menu\">\n\t<li id=\"menu-item-388\" class=\"menu-item menu-item-type-post_type menu-item-object-page menu-item-388\"><a href=\"https:\/\/www.shinkaifilter.com\/fr\/products\/sintered-metal-sparger\/sintered-metal-sparger-for-fermentation-tank-stainless-steel\/\">Barboteur en m\u00e9tal fritt\u00e9 pour cuve de fermentation en acier inoxydable<\/a><\/li>\n<\/ul>\n<\/li>\n<li id=\"menu-item-420\" class=\"menu-item menu-item-type-post_type menu-item-object-page menu-item-has-children menu-item-420\"><a href=\"https:\/\/www.shinkaifilter.com\/fr\/products\/flow-restrictors-2\/\">Limiteurs de d\u00e9bit<\/a>\n<ul class=\"sub-menu\">\n\t<li id=\"menu-item-389\" class=\"menu-item menu-item-type-post_type menu-item-object-page menu-item-389\"><a href=\"https:\/\/www.shinkaifilter.com\/fr\/products\/flow-restrictors-2\/flow-restrictors\/\">Limiteurs de d\u00e9bit<\/a><\/li>\n<\/ul>\n<\/li>\n<\/ul><\/div>\n        <\/div>\t\t<\/div>\n\t\t\t\t<\/div>\n\t\t\t\t\t\t<\/div>\n\t\t\t\t\t<\/div>\n\t\t<\/div>\n\t\t\t\t\t\t\t\t<\/div>\n\t\t\t\t\t<\/div>\n\t\t<\/section>\n\t\t\t\t\t\t\t\t\t<\/div>\n\t\t\t<\/div>\n\t\t\t\t\t<\/div>\n\t\t","protected":false},"excerpt":{"rendered":"<p>&#8220;Les barboteurs sont des \u00e9l\u00e9ments n\u00e9cessaires des bior\u00e9acteurs et des cuves de fermentation. Les barboteurs sont principalement constitu\u00e9s de mat\u00e9riaux \u00e0 membrane m\u00e9tallique. Shinkai pourrait concevoir des barboteurs avec divers mat\u00e9riaux (304L, 316L et autres alliages) sur la base de la fiche technique cr\u00e9\u00e9e par les clients. L&#8217;\u00e9quipe d&#8217;ing\u00e9nierie hautement qualifi\u00e9e de Shinkai aidera le [&hellip;]<\/p>\n","protected":false},"author":1,"featured_media":0,"parent":19,"menu_order":0,"comment_status":"closed","ping_status":"closed","template":"elementor_header_footer","meta":[],"yoast_head":"<!-- This site is optimized with the Yoast SEO plugin v18.6 - https:\/\/yoast.com\/wordpress\/plugins\/seo\/ -->\n<title>Sintered Metal Sparger, Porous Metal Filters | SHINKAI<\/title>\n<meta name=\"description\" content=\"Shinkai could design spargers with various materials (304L, 316L and other alloys) based on customers\u2019 handcrafts data sheet.\" \/>\n<meta name=\"robots\" content=\"index, follow, max-snippet:-1, max-image-preview:large, max-video-preview:-1\" \/>\n<link rel=\"canonical\" href=\"https:\/\/www.shinkaifilter.com\/fr\/products\/sintered-metal-sparger\/\" \/>\n<meta property=\"og:locale\" content=\"en_US\" \/>\n<meta property=\"og:type\" content=\"article\" \/>\n<meta property=\"og:title\" content=\"Sintered Metal Sparger, Porous Metal Filters | SHINKAI\" \/>\n<meta property=\"og:description\" content=\"Shinkai could design spargers with various materials (304L, 316L and other alloys) based on customers\u2019 handcrafts data sheet.\" \/>\n<meta property=\"og:url\" content=\"https:\/\/www.shinkaifilter.com\/fr\/products\/sintered-metal-sparger\/\" \/>\n<meta property=\"og:site_name\" content=\"SHINKAI\" \/>\n<meta property=\"article:modified_time\" content=\"2022-01-29T10:51:54+00:00\" \/>\n<meta property=\"og:image\" content=\"https:\/\/www.shinkaifilter.com\/fr\/wp-content\/uploads\/2020\/10\/Sparger-1-1-768x1024.jpg\" \/>\n<meta name=\"twitter:card\" content=\"summary_large_image\" \/>\n<meta name=\"twitter:label1\" content=\"Est. reading time\" \/>\n\t<meta name=\"twitter:data1\" content=\"2 minutes\" \/>\n<script type=\"application\/ld+json\" class=\"yoast-schema-graph\">{\"@context\":\"https:\/\/schema.org\",\"@graph\":[{\"@type\":\"WebSite\",\"@id\":\"https:\/\/www.shinkaifilter.com\/fr\/#website\",\"url\":\"https:\/\/www.shinkaifilter.com\/fr\/\",\"name\":\"SHINKAI\",\"description\":\"Hot Gas Filtration, Gas Solid Separation Systems | Shinkai\",\"potentialAction\":[{\"@type\":\"SearchAction\",\"target\":{\"@type\":\"EntryPoint\",\"urlTemplate\":\"https:\/\/www.shinkaifilter.com\/fr\/?s={search_term_string}\"},\"query-input\":\"required name=search_term_string\"}],\"inLanguage\":\"en-US\"},{\"@type\":\"ImageObject\",\"@id\":\"https:\/\/www.shinkaifilter.com\/fr\/products\/sintered-metal-sparger\/#primaryimage\",\"inLanguage\":\"en-US\",\"url\":\"https:\/\/www.shinkaifilter.com\/fr\/wp-content\/uploads\/2020\/10\/Sparger-1-1.jpg\",\"contentUrl\":\"https:\/\/www.shinkaifilter.com\/fr\/wp-content\/uploads\/2020\/10\/Sparger-1-1.jpg\",\"width\":800,\"height\":1066,\"caption\":\"Sparger\"},{\"@type\":\"WebPage\",\"@id\":\"https:\/\/www.shinkaifilter.com\/fr\/products\/sintered-metal-sparger\/#webpage\",\"url\":\"https:\/\/www.shinkaifilter.com\/fr\/products\/sintered-metal-sparger\/\",\"name\":\"Sintered Metal Sparger, Porous Metal Filters | SHINKAI\",\"isPartOf\":{\"@id\":\"https:\/\/www.shinkaifilter.com\/fr\/#website\"},\"primaryImageOfPage\":{\"@id\":\"https:\/\/www.shinkaifilter.com\/fr\/products\/sintered-metal-sparger\/#primaryimage\"},\"datePublished\":\"2020-09-28T16:14:54+00:00\",\"dateModified\":\"2022-01-29T10:51:54+00:00\",\"description\":\"Shinkai could design spargers with various materials (304L, 316L and other alloys) based on customers\u2019 handcrafts data sheet.\",\"breadcrumb\":{\"@id\":\"https:\/\/www.shinkaifilter.com\/fr\/products\/sintered-metal-sparger\/#breadcrumb\"},\"inLanguage\":\"en-US\",\"potentialAction\":[{\"@type\":\"ReadAction\",\"target\":[\"https:\/\/www.shinkaifilter.com\/fr\/products\/sintered-metal-sparger\/\"]}]},{\"@type\":\"BreadcrumbList\",\"@id\":\"https:\/\/www.shinkaifilter.com\/fr\/products\/sintered-metal-sparger\/#breadcrumb\",\"itemListElement\":[{\"@type\":\"ListItem\",\"position\":1,\"name\":\"Home\",\"item\":\"https:\/\/www.shinkaifilter.com\/fr\/\"},{\"@type\":\"ListItem\",\"position\":2,\"name\":\"Products\",\"item\":\"https:\/\/www.shinkaifilter.com\/fr\/products\/\"},{\"@type\":\"ListItem\",\"position\":3,\"name\":\"Sintered Metal Sparger\"}]}]}<\/script>\n<!-- \/ Yoast SEO plugin. -->","yoast_head_json":{"title":"Sintered Metal Sparger, Porous Metal Filters | SHINKAI","description":"Shinkai could design spargers with various materials (304L, 316L and other alloys) based on customers\u2019 handcrafts data sheet.","robots":{"index":"index","follow":"follow","max-snippet":"max-snippet:-1","max-image-preview":"max-image-preview:large","max-video-preview":"max-video-preview:-1"},"canonical":"https:\/\/www.shinkaifilter.com\/fr\/products\/sintered-metal-sparger\/","og_locale":"en_US","og_type":"article","og_title":"Sintered Metal Sparger, Porous Metal Filters | SHINKAI","og_description":"Shinkai could design spargers with various materials (304L, 316L and other alloys) based on customers\u2019 handcrafts data sheet.","og_url":"https:\/\/www.shinkaifilter.com\/fr\/products\/sintered-metal-sparger\/","og_site_name":"SHINKAI","article_modified_time":"2022-01-29T10:51:54+00:00","og_image":[{"url":"https:\/\/www.shinkaifilter.com\/fr\/wp-content\/uploads\/2020\/10\/Sparger-1-1-768x1024.jpg"}],"twitter_card":"summary_large_image","twitter_misc":{"Est. reading time":"2 minutes"},"schema":{"@context":"https:\/\/schema.org","@graph":[{"@type":"WebSite","@id":"https:\/\/www.shinkaifilter.com\/fr\/#website","url":"https:\/\/www.shinkaifilter.com\/fr\/","name":"SHINKAI","description":"Hot Gas Filtration, Gas Solid Separation Systems | Shinkai","potentialAction":[{"@type":"SearchAction","target":{"@type":"EntryPoint","urlTemplate":"https:\/\/www.shinkaifilter.com\/fr\/?s={search_term_string}"},"query-input":"required name=search_term_string"}],"inLanguage":"en-US"},{"@type":"ImageObject","@id":"https:\/\/www.shinkaifilter.com\/fr\/products\/sintered-metal-sparger\/#primaryimage","inLanguage":"en-US","url":"https:\/\/www.shinkaifilter.com\/fr\/wp-content\/uploads\/2020\/10\/Sparger-1-1.jpg","contentUrl":"https:\/\/www.shinkaifilter.com\/fr\/wp-content\/uploads\/2020\/10\/Sparger-1-1.jpg","width":800,"height":1066,"caption":"Sparger"},{"@type":"WebPage","@id":"https:\/\/www.shinkaifilter.com\/fr\/products\/sintered-metal-sparger\/#webpage","url":"https:\/\/www.shinkaifilter.com\/fr\/products\/sintered-metal-sparger\/","name":"Sintered Metal Sparger, Porous Metal Filters | SHINKAI","isPartOf":{"@id":"https:\/\/www.shinkaifilter.com\/fr\/#website"},"primaryImageOfPage":{"@id":"https:\/\/www.shinkaifilter.com\/fr\/products\/sintered-metal-sparger\/#primaryimage"},"datePublished":"2020-09-28T16:14:54+00:00","dateModified":"2022-01-29T10:51:54+00:00","description":"Shinkai could design spargers with various materials (304L, 316L and other alloys) based on customers\u2019 handcrafts data sheet.","breadcrumb":{"@id":"https:\/\/www.shinkaifilter.com\/fr\/products\/sintered-metal-sparger\/#breadcrumb"},"inLanguage":"en-US","potentialAction":[{"@type":"ReadAction","target":["https:\/\/www.shinkaifilter.com\/fr\/products\/sintered-metal-sparger\/"]}]},{"@type":"BreadcrumbList","@id":"https:\/\/www.shinkaifilter.com\/fr\/products\/sintered-metal-sparger\/#breadcrumb","itemListElement":[{"@type":"ListItem","position":1,"name":"Home","item":"https:\/\/www.shinkaifilter.com\/fr\/"},{"@type":"ListItem","position":2,"name":"Products","item":"https:\/\/www.shinkaifilter.com\/fr\/products\/"},{"@type":"ListItem","position":3,"name":"Sintered Metal Sparger"}]}]}},"_links":{"self":[{"href":"https:\/\/www.shinkaifilter.com\/fr\/wp-json\/wp\/v2\/pages\/363"}],"collection":[{"href":"https:\/\/www.shinkaifilter.com\/fr\/wp-json\/wp\/v2\/pages"}],"about":[{"href":"https:\/\/www.shinkaifilter.com\/fr\/wp-json\/wp\/v2\/types\/page"}],"author":[{"embeddable":true,"href":"https:\/\/www.shinkaifilter.com\/fr\/wp-json\/wp\/v2\/users\/1"}],"replies":[{"embeddable":true,"href":"https:\/\/www.shinkaifilter.com\/fr\/wp-json\/wp\/v2\/comments?post=363"}],"version-history":[{"count":10,"href":"https:\/\/www.shinkaifilter.com\/fr\/wp-json\/wp\/v2\/pages\/363\/revisions"}],"predecessor-version":[{"id":2264,"href":"https:\/\/www.shinkaifilter.com\/fr\/wp-json\/wp\/v2\/pages\/363\/revisions\/2264"}],"up":[{"embeddable":true,"href":"https:\/\/www.shinkaifilter.com\/fr\/wp-json\/wp\/v2\/pages\/19"}],"wp:attachment":[{"href":"https:\/\/www.shinkaifilter.com\/fr\/wp-json\/wp\/v2\/media?parent=363"}],"curies":[{"name":"wp","href":"https:\/\/api.w.org\/{rel}","templated":true}]}}