{"id":361,"date":"2020-09-28T16:14:17","date_gmt":"2020-09-28T16:14:17","guid":{"rendered":"https:\/\/www.inwings.net\/shinkai\/?page_id=361"},"modified":"2022-01-29T10:40:53","modified_gmt":"2022-01-29T10:40:53","slug":"powder-fluidizing-and-handling","status":"publish","type":"page","link":"https:\/\/www.shinkaifilter.com\/fr\/products\/powder-fluidizing-and-handling\/","title":{"rendered":"Powder Fluidized"},"content":{"rendered":"\t\t<div data-elementor-type=\"wp-page\" data-elementor-id=\"361\" class=\"elementor elementor-361\">\n\t\t\t\t\t\t<div class=\"elementor-inner\">\n\t\t\t\t<div class=\"elementor-section-wrap\">\n\t\t\t\t\t\t\t\t\t<section class=\"elementor-section elementor-top-section elementor-element elementor-element-667b63d elementor-section-stretched elementor-section-boxed elementor-section-height-default elementor-section-height-default\" data-id=\"667b63d\" data-element_type=\"section\" data-settings=\"{&quot;stretch_section&quot;:&quot;section-stretched&quot;,&quot;background_background&quot;:&quot;classic&quot;}\">\n\t\t\t\t\t\t<div class=\"elementor-container elementor-column-gap-default\">\n\t\t\t\t\t\t\t<div class=\"elementor-row\">\n\t\t\t\t\t<div class=\"elementor-column elementor-col-100 elementor-top-column elementor-element elementor-element-9a03d59\" data-id=\"9a03d59\" data-element_type=\"column\">\n\t\t\t<div class=\"elementor-column-wrap elementor-element-populated\">\n\t\t\t\t\t\t\t<div class=\"elementor-widget-wrap\">\n\t\t\t\t\t\t\t\t<\/div>\n\t\t\t\t\t<\/div>\n\t\t<\/div>\n\t\t\t\t\t\t\t\t<\/div>\n\t\t\t\t\t<\/div>\n\t\t<\/section>\n\t\t\t\t<section class=\"elementor-section elementor-top-section elementor-element elementor-element-b449db8 elementor-section-boxed elementor-section-height-default elementor-section-height-default\" data-id=\"b449db8\" data-element_type=\"section\">\n\t\t\t\t\t\t<div class=\"elementor-container elementor-column-gap-default\">\n\t\t\t\t\t\t\t<div class=\"elementor-row\">\n\t\t\t\t\t<div class=\"elementor-column elementor-col-50 elementor-top-column elementor-element elementor-element-1d1fcf6\" data-id=\"1d1fcf6\" data-element_type=\"column\">\n\t\t\t<div class=\"elementor-column-wrap elementor-element-populated\">\n\t\t\t\t\t\t\t<div class=\"elementor-widget-wrap\">\n\t\t\t\t\t\t<div class=\"elementor-element elementor-element-83ba0b4 elementor-widget elementor-widget-text-editor\" data-id=\"83ba0b4\" data-element_type=\"widget\" data-widget_type=\"text-editor.default\">\n\t\t\t\t<div class=\"elementor-widget-container\">\n\t\t\t\t\t\t\t\t<div class=\"elementor-text-editor elementor-clearfix\">\n\t\t\t\t<p>&#8220;Shinkai dispose d&#8217;un syst\u00e8me pour les caract\u00e9ristiques d&#8217;\u00e9coulement dans les poudres en vrac, emp\u00eachant ainsi le pontage, diminution d\u2019espace et l&#8217;affaissement, ainsi que la formation d&#8217;\u00ab&nbsp;espaces morts&nbsp;\u00bb qui peuvent conduire au vieillissement du produit. Les syst\u00e8mes agitent doucement les poudres, r\u00e9duisant consid\u00e9rablement le frottement des particules, ce qui \u00e0 son tour entra\u00eene une d\u00e9charge uniforme des r\u00e9cipients et donc une am\u00e9lioration du produit.<\/p>\n<p>Les syst\u00e8mes Shinkai peuvent \u00eatre d\u00e9ploy\u00e9s pour r\u00e9soudre les probl\u00e8mes locaux d&#8217;agglom\u00e9ration ou de d\u00e9charge, ou pour des applications de fluidisation de grande surface. Les syst\u00e8mes peuvent en outre fonctionner comme des lits de m\u00e9lange ou d&#8217;homog\u00e9n\u00e9isation, \u00e9vitant ainsi le besoin d&#8217;un \u00e9l\u00e9ment de d\u00e9charge suppl\u00e9mentaire.<\/p>\n<p>La taille des pores du syst\u00e8me individuel (0,5 ~ 200 \u03bcm) peut \u00eatre adapt\u00e9e \u00e0 la taille des particules de poudre.&#8221;<\/p>\t\t\t\t\t<\/div>\n\t\t\t\t\t\t<\/div>\n\t\t\t\t<\/div>\n\t\t\t\t<div class=\"elementor-element elementor-element-1c2db2e elementor-widget elementor-widget-image\" data-id=\"1c2db2e\" data-element_type=\"widget\" data-widget_type=\"image.default\">\n\t\t\t\t<div class=\"elementor-widget-container\">\n\t\t\t\t\t\t\t\t<div class=\"elementor-image\">\n\t\t\t\t\t\t\t\t\t\t\t\t<img width=\"800\" height=\"571\" src=\"https:\/\/www.shinkaifilter.com\/fr\/wp-content\/uploads\/2020\/10\/Porous-Metal-Fluidizers-1-1.jpg\" class=\"attachment-large size-large\" alt=\"Porous Metal Fluidizers\" srcset=\"https:\/\/www.shinkaifilter.com\/fr\/wp-content\/uploads\/2020\/10\/Porous-Metal-Fluidizers-1-1.jpg 800w, https:\/\/www.shinkaifilter.com\/fr\/wp-content\/uploads\/2020\/10\/Porous-Metal-Fluidizers-1-1-300x214.jpg 300w, https:\/\/www.shinkaifilter.com\/fr\/wp-content\/uploads\/2020\/10\/Porous-Metal-Fluidizers-1-1-768x548.jpg 768w\" sizes=\"(max-width: 800px) 100vw, 800px\" \/>\t\t\t\t\t\t\t\t\t\t\t\t\t\t<\/div>\n\t\t\t\t\t\t<\/div>\n\t\t\t\t<\/div>\n\t\t\t\t\t\t<\/div>\n\t\t\t\t\t<\/div>\n\t\t<\/div>\n\t\t\t\t<div class=\"elementor-column elementor-col-50 elementor-top-column elementor-element elementor-element-183c1a9\" data-id=\"183c1a9\" data-element_type=\"column\">\n\t\t\t<div class=\"elementor-column-wrap elementor-element-populated\">\n\t\t\t\t\t\t\t<div class=\"elementor-widget-wrap\">\n\t\t\t\t\t\t<div class=\"elementor-element elementor-element-7ec81d4 elementor-widget elementor-widget-ppm-menu\" data-id=\"7ec81d4\" data-element_type=\"widget\" data-widget_type=\"ppm-menu.default\">\n\t\t\t\t<div class=\"elementor-widget-container\">\n\t\t\t<div class=\"special-nav\">\n            <h3 class=\"special-nav-menu-title\">Products<\/h3>\n            <div class=\"menu-products-menu-container\"><ul id=\"menu-products-menu\" class=\"menu\"><li id=\"menu-item-415\" class=\"menu-item menu-item-type-post_type menu-item-object-page menu-item-has-children menu-item-415\"><a href=\"https:\/\/www.shinkaifilter.com\/fr\/products\/sinter-metal-filter-elements-2\/\">\u00c9l\u00e9ments filtrants en m\u00e9tal fritt\u00e9<\/a>\n<ul class=\"sub-menu\">\n\t<li id=\"menu-item-373\" class=\"menu-item menu-item-type-post_type menu-item-object-page menu-item-373\"><a href=\"https:\/\/www.shinkaifilter.com\/fr\/products\/sinter-metal-filter-elements-2\/sinter-metal-filter-elements\/\">Cartouche filtrante en poudre m\u00e9tallique fritt\u00e9e<\/a><\/li>\n\t<li id=\"menu-item-374\" class=\"menu-item menu-item-type-post_type menu-item-object-page menu-item-374\"><a href=\"https:\/\/www.shinkaifilter.com\/fr\/products\/sinter-metal-filter-elements-2\/asymmetric-sinter-porous-metal-filter-membrane\/\">Membrane filtrante poreuse en m\u00e9tal fritt\u00e9 asym\u00e9trique<\/a><\/li>\n\t<li id=\"menu-item-377\" class=\"menu-item menu-item-type-post_type menu-item-object-page menu-item-377\"><a href=\"https:\/\/www.shinkaifilter.com\/fr\/products\/sinter-metal-filter-elements-2\/porous-sinter-metal-elements-disc-sheet-plate-cone\/\">\u00c9l\u00e9ments m\u00e9talliques fritt\u00e9s poreux-disque, feuille, plaque, c\u00f4ne<\/a><\/li>\n\t<li id=\"menu-item-378\" class=\"menu-item menu-item-type-post_type menu-item-object-page menu-item-378\"><a href=\"https:\/\/www.shinkaifilter.com\/fr\/products\/sinter-metal-filter-elements-2\/sinter-metal-ultrafine-filter-tube\/\">Tube filtrant ultrafin en m\u00e9tal fritt\u00e9<\/a><\/li>\n\t<li id=\"menu-item-379\" class=\"menu-item menu-item-type-post_type menu-item-object-page menu-item-379\"><a href=\"https:\/\/www.shinkaifilter.com\/fr\/products\/sinter-metal-filter-elements-2\/sinter-metal-wire-mesh-filter-elements\/\">\u00c9l\u00e9ments filtrants en maillage m\u00e9tallique fritt\u00e9<\/a><\/li>\n\t<li id=\"menu-item-380\" class=\"menu-item menu-item-type-post_type menu-item-object-page menu-item-380\"><a href=\"https:\/\/www.shinkaifilter.com\/fr\/products\/sinter-metal-filter-elements-2\/sinter-metal-fiber-felt-filter-cartridge\/\">Cartouche filtrante en feutre de fibre de m\u00e9tal fritt\u00e9<\/a><\/li>\n<\/ul>\n<\/li>\n<li id=\"menu-item-416\" class=\"menu-item menu-item-type-post_type menu-item-object-page menu-item-has-children menu-item-416\"><a href=\"https:\/\/www.shinkaifilter.com\/fr\/products\/liquid-solid-filtration-system\/\">Syst\u00e8me de filtration liquide-solide<\/a>\n<ul class=\"sub-menu\">\n\t<li id=\"menu-item-381\" class=\"menu-item menu-item-type-post_type menu-item-object-page menu-item-381\"><a href=\"https:\/\/www.shinkaifilter.com\/fr\/products\/liquid-solid-filtration-system\/catalyst-filter\/\">Filtre de catalyseur<\/a><\/li>\n\t<li id=\"menu-item-382\" class=\"menu-item menu-item-type-post_type menu-item-object-page menu-item-382\"><a href=\"https:\/\/www.shinkaifilter.com\/fr\/products\/liquid-solid-filtration-system\/automatic-cleaning-filtration-system-with-backwashing\/\">Syst\u00e8me de filtration de nettoyage automatique avec lavage \u00e0 contre-courant<\/a><\/li>\n\t<li id=\"menu-item-383\" class=\"menu-item menu-item-type-post_type menu-item-object-page menu-item-383\"><a href=\"https:\/\/www.shinkaifilter.com\/fr\/products\/liquid-solid-filtration-system\/dead-end-filtration-system\/\">Syst\u00e8me de filtration sans issue<\/a><\/li>\n\t<li id=\"menu-item-384\" class=\"menu-item menu-item-type-post_type menu-item-object-page menu-item-384\"><a href=\"https:\/\/www.shinkaifilter.com\/fr\/products\/liquid-solid-filtration-system\/cross-flow-filter-system\/\">Syst\u00e8me de filtre \u00e0 flux crois\u00e9<\/a><\/li>\n<\/ul>\n<\/li>\n<li id=\"menu-item-417\" class=\"menu-item menu-item-type-post_type menu-item-object-page menu-item-has-children menu-item-417\"><a href=\"https:\/\/www.shinkaifilter.com\/fr\/products\/gas-solid-filtration-system\/\">Gas-solid Filtration System<\/a>\n<ul class=\"sub-menu\">\n\t<li id=\"menu-item-385\" class=\"menu-item menu-item-type-post_type menu-item-object-page menu-item-385\"><a href=\"https:\/\/www.shinkaifilter.com\/fr\/products\/gas-solid-filtration-system\/pressurized-blowback-filtration-system\/\">Syst\u00e8me de filtration de refoulement sous pression<\/a><\/li>\n\t<li id=\"menu-item-386\" class=\"menu-item menu-item-type-post_type menu-item-object-page menu-item-386\"><a href=\"https:\/\/www.shinkaifilter.com\/fr\/products\/gas-solid-filtration-system\/hot-gas-filtration-with-venturi-pulse-blowback\/\">Filtration des gaz chauds avec refoulement d\u2019impulsion Venturi<\/a><\/li>\n\t<li id=\"menu-item-1561\" class=\"menu-item menu-item-type-post_type menu-item-object-page menu-item-1561\"><a href=\"https:\/\/www.shinkaifilter.com\/fr\/products\/gas-solid-filtration-system\/high-purity-filters-in-semiconductor\/\">Filtres de haute puret\u00e9 dans les semi-conducteurs<\/a><\/li>\n<\/ul>\n<\/li>\n<li id=\"menu-item-418\" class=\"menu-item menu-item-type-post_type menu-item-object-page menu-item-has-children menu-item-418\"><a href=\"https:\/\/www.shinkaifilter.com\/fr\/products\/powder-fluidizing-and-handling\/\">Poudre Fluidis\u00e9e<\/a>\n<ul class=\"sub-menu\">\n\t<li id=\"menu-item-387\" class=\"menu-item menu-item-type-post_type menu-item-object-page menu-item-387\"><a href=\"https:\/\/www.shinkaifilter.com\/fr\/products\/powder-fluidizing-and-handling\/porous-metal-fluidizers-with-stainless-steel-for-handling-and-processing\/\">Fluidiseurs en m\u00e9tal poreux avec acier inoxydable pour la manipulation et le traitement<\/a><\/li>\n<\/ul>\n<\/li>\n<li id=\"menu-item-419\" class=\"menu-item menu-item-type-post_type menu-item-object-page menu-item-has-children menu-item-419\"><a href=\"https:\/\/www.shinkaifilter.com\/fr\/products\/sintered-metal-sparger\/\">Sparger en m\u00e9tal fritt\u00e9<\/a>\n<ul class=\"sub-menu\">\n\t<li id=\"menu-item-388\" class=\"menu-item menu-item-type-post_type menu-item-object-page menu-item-388\"><a href=\"https:\/\/www.shinkaifilter.com\/fr\/products\/sintered-metal-sparger\/sintered-metal-sparger-for-fermentation-tank-stainless-steel\/\">Barboteur en m\u00e9tal fritt\u00e9 pour cuve de fermentation en acier inoxydable<\/a><\/li>\n<\/ul>\n<\/li>\n<li id=\"menu-item-420\" class=\"menu-item menu-item-type-post_type menu-item-object-page menu-item-has-children menu-item-420\"><a href=\"https:\/\/www.shinkaifilter.com\/fr\/products\/flow-restrictors-2\/\">Limiteurs de d\u00e9bit<\/a>\n<ul class=\"sub-menu\">\n\t<li id=\"menu-item-389\" class=\"menu-item menu-item-type-post_type menu-item-object-page menu-item-389\"><a href=\"https:\/\/www.shinkaifilter.com\/fr\/products\/flow-restrictors-2\/flow-restrictors\/\">Limiteurs de d\u00e9bit<\/a><\/li>\n<\/ul>\n<\/li>\n<\/ul><\/div>\n        <\/div>\t\t<\/div>\n\t\t\t\t<\/div>\n\t\t\t\t\t\t<\/div>\n\t\t\t\t\t<\/div>\n\t\t<\/div>\n\t\t\t\t\t\t\t\t<\/div>\n\t\t\t\t\t<\/div>\n\t\t<\/section>\n\t\t\t\t\t\t\t\t\t<\/div>\n\t\t\t<\/div>\n\t\t\t\t\t<\/div>\n\t\t","protected":false},"excerpt":{"rendered":"<p>&#8220;Shinkai dispose d&#8217;un syst\u00e8me pour les caract\u00e9ristiques d&#8217;\u00e9coulement dans les poudres en vrac, emp\u00eachant ainsi le pontage, diminution d\u2019espace et l&#8217;affaissement, ainsi que la formation d&#8217;\u00ab&nbsp;espaces morts&nbsp;\u00bb qui peuvent conduire au vieillissement du produit. Les syst\u00e8mes agitent doucement les poudres, r\u00e9duisant consid\u00e9rablement le frottement des particules, ce qui \u00e0 son tour entra\u00eene une d\u00e9charge uniforme [&hellip;]<\/p>\n","protected":false},"author":1,"featured_media":0,"parent":19,"menu_order":0,"comment_status":"closed","ping_status":"closed","template":"elementor_header_footer","meta":[],"yoast_head":"<!-- This site is optimized with the Yoast SEO plugin v18.6 - https:\/\/yoast.com\/wordpress\/plugins\/seo\/ -->\n<title>Powder Fluidized Manufacturer and Supplier | SHINKAI<\/title>\n<meta name=\"description\" content=\"Shinkai Systems can be deployed to solve local caking or discharge problem, or for large surface area fluidization applications.\" \/>\n<meta name=\"robots\" content=\"index, follow, max-snippet:-1, max-image-preview:large, max-video-preview:-1\" \/>\n<link rel=\"canonical\" href=\"https:\/\/www.shinkaifilter.com\/fr\/products\/powder-fluidizing-and-handling\/\" \/>\n<meta property=\"og:locale\" content=\"en_US\" \/>\n<meta property=\"og:type\" content=\"article\" \/>\n<meta property=\"og:title\" content=\"Powder Fluidized Manufacturer and Supplier | SHINKAI\" \/>\n<meta property=\"og:description\" content=\"Shinkai Systems can be deployed to solve local caking or discharge problem, or for large surface area fluidization applications.\" \/>\n<meta property=\"og:url\" content=\"https:\/\/www.shinkaifilter.com\/fr\/products\/powder-fluidizing-and-handling\/\" \/>\n<meta property=\"og:site_name\" content=\"SHINKAI\" \/>\n<meta property=\"article:modified_time\" content=\"2022-01-29T10:40:53+00:00\" \/>\n<meta property=\"og:image\" content=\"https:\/\/www.shinkaifilter.com\/fr\/wp-content\/uploads\/2020\/10\/Porous-Metal-Fluidizers-1-1.jpg\" \/>\n<meta name=\"twitter:card\" content=\"summary_large_image\" \/>\n<meta name=\"twitter:label1\" content=\"Est. reading time\" \/>\n\t<meta name=\"twitter:data1\" content=\"2 minutes\" \/>\n<script type=\"application\/ld+json\" class=\"yoast-schema-graph\">{\"@context\":\"https:\/\/schema.org\",\"@graph\":[{\"@type\":\"WebSite\",\"@id\":\"https:\/\/www.shinkaifilter.com\/fr\/#website\",\"url\":\"https:\/\/www.shinkaifilter.com\/fr\/\",\"name\":\"SHINKAI\",\"description\":\"Hot Gas Filtration, Gas Solid Separation Systems | Shinkai\",\"potentialAction\":[{\"@type\":\"SearchAction\",\"target\":{\"@type\":\"EntryPoint\",\"urlTemplate\":\"https:\/\/www.shinkaifilter.com\/fr\/?s={search_term_string}\"},\"query-input\":\"required name=search_term_string\"}],\"inLanguage\":\"en-US\"},{\"@type\":\"ImageObject\",\"@id\":\"https:\/\/www.shinkaifilter.com\/fr\/products\/powder-fluidizing-and-handling\/#primaryimage\",\"inLanguage\":\"en-US\",\"url\":\"https:\/\/www.shinkaifilter.com\/fr\/wp-content\/uploads\/2020\/10\/Porous-Metal-Fluidizers-1-1.jpg\",\"contentUrl\":\"https:\/\/www.shinkaifilter.com\/fr\/wp-content\/uploads\/2020\/10\/Porous-Metal-Fluidizers-1-1.jpg\",\"width\":800,\"height\":571,\"caption\":\"Porous Metal Fluidizers\"},{\"@type\":\"WebPage\",\"@id\":\"https:\/\/www.shinkaifilter.com\/fr\/products\/powder-fluidizing-and-handling\/#webpage\",\"url\":\"https:\/\/www.shinkaifilter.com\/fr\/products\/powder-fluidizing-and-handling\/\",\"name\":\"Powder Fluidized Manufacturer and Supplier | SHINKAI\",\"isPartOf\":{\"@id\":\"https:\/\/www.shinkaifilter.com\/fr\/#website\"},\"primaryImageOfPage\":{\"@id\":\"https:\/\/www.shinkaifilter.com\/fr\/products\/powder-fluidizing-and-handling\/#primaryimage\"},\"datePublished\":\"2020-09-28T16:14:17+00:00\",\"dateModified\":\"2022-01-29T10:40:53+00:00\",\"description\":\"Shinkai Systems can be deployed to solve local caking or discharge problem, or for large surface area fluidization applications.\",\"breadcrumb\":{\"@id\":\"https:\/\/www.shinkaifilter.com\/fr\/products\/powder-fluidizing-and-handling\/#breadcrumb\"},\"inLanguage\":\"en-US\",\"potentialAction\":[{\"@type\":\"ReadAction\",\"target\":[\"https:\/\/www.shinkaifilter.com\/fr\/products\/powder-fluidizing-and-handling\/\"]}]},{\"@type\":\"BreadcrumbList\",\"@id\":\"https:\/\/www.shinkaifilter.com\/fr\/products\/powder-fluidizing-and-handling\/#breadcrumb\",\"itemListElement\":[{\"@type\":\"ListItem\",\"position\":1,\"name\":\"Home\",\"item\":\"https:\/\/www.shinkaifilter.com\/fr\/\"},{\"@type\":\"ListItem\",\"position\":2,\"name\":\"Products\",\"item\":\"https:\/\/www.shinkaifilter.com\/fr\/products\/\"},{\"@type\":\"ListItem\",\"position\":3,\"name\":\"Powder Fluidized\"}]}]}<\/script>\n<!-- \/ Yoast SEO plugin. -->","yoast_head_json":{"title":"Powder Fluidized Manufacturer and Supplier | SHINKAI","description":"Shinkai Systems can be deployed to solve local caking or discharge problem, or for large surface area fluidization applications.","robots":{"index":"index","follow":"follow","max-snippet":"max-snippet:-1","max-image-preview":"max-image-preview:large","max-video-preview":"max-video-preview:-1"},"canonical":"https:\/\/www.shinkaifilter.com\/fr\/products\/powder-fluidizing-and-handling\/","og_locale":"en_US","og_type":"article","og_title":"Powder Fluidized Manufacturer and Supplier | SHINKAI","og_description":"Shinkai Systems can be deployed to solve local caking or discharge problem, or for large surface area fluidization applications.","og_url":"https:\/\/www.shinkaifilter.com\/fr\/products\/powder-fluidizing-and-handling\/","og_site_name":"SHINKAI","article_modified_time":"2022-01-29T10:40:53+00:00","og_image":[{"url":"https:\/\/www.shinkaifilter.com\/fr\/wp-content\/uploads\/2020\/10\/Porous-Metal-Fluidizers-1-1.jpg"}],"twitter_card":"summary_large_image","twitter_misc":{"Est. reading time":"2 minutes"},"schema":{"@context":"https:\/\/schema.org","@graph":[{"@type":"WebSite","@id":"https:\/\/www.shinkaifilter.com\/fr\/#website","url":"https:\/\/www.shinkaifilter.com\/fr\/","name":"SHINKAI","description":"Hot Gas Filtration, Gas Solid Separation Systems | Shinkai","potentialAction":[{"@type":"SearchAction","target":{"@type":"EntryPoint","urlTemplate":"https:\/\/www.shinkaifilter.com\/fr\/?s={search_term_string}"},"query-input":"required name=search_term_string"}],"inLanguage":"en-US"},{"@type":"ImageObject","@id":"https:\/\/www.shinkaifilter.com\/fr\/products\/powder-fluidizing-and-handling\/#primaryimage","inLanguage":"en-US","url":"https:\/\/www.shinkaifilter.com\/fr\/wp-content\/uploads\/2020\/10\/Porous-Metal-Fluidizers-1-1.jpg","contentUrl":"https:\/\/www.shinkaifilter.com\/fr\/wp-content\/uploads\/2020\/10\/Porous-Metal-Fluidizers-1-1.jpg","width":800,"height":571,"caption":"Porous Metal Fluidizers"},{"@type":"WebPage","@id":"https:\/\/www.shinkaifilter.com\/fr\/products\/powder-fluidizing-and-handling\/#webpage","url":"https:\/\/www.shinkaifilter.com\/fr\/products\/powder-fluidizing-and-handling\/","name":"Powder Fluidized Manufacturer and Supplier | SHINKAI","isPartOf":{"@id":"https:\/\/www.shinkaifilter.com\/fr\/#website"},"primaryImageOfPage":{"@id":"https:\/\/www.shinkaifilter.com\/fr\/products\/powder-fluidizing-and-handling\/#primaryimage"},"datePublished":"2020-09-28T16:14:17+00:00","dateModified":"2022-01-29T10:40:53+00:00","description":"Shinkai Systems can be deployed to solve local caking or discharge problem, or for large surface area fluidization applications.","breadcrumb":{"@id":"https:\/\/www.shinkaifilter.com\/fr\/products\/powder-fluidizing-and-handling\/#breadcrumb"},"inLanguage":"en-US","potentialAction":[{"@type":"ReadAction","target":["https:\/\/www.shinkaifilter.com\/fr\/products\/powder-fluidizing-and-handling\/"]}]},{"@type":"BreadcrumbList","@id":"https:\/\/www.shinkaifilter.com\/fr\/products\/powder-fluidizing-and-handling\/#breadcrumb","itemListElement":[{"@type":"ListItem","position":1,"name":"Home","item":"https:\/\/www.shinkaifilter.com\/fr\/"},{"@type":"ListItem","position":2,"name":"Products","item":"https:\/\/www.shinkaifilter.com\/fr\/products\/"},{"@type":"ListItem","position":3,"name":"Powder Fluidized"}]}]}},"_links":{"self":[{"href":"https:\/\/www.shinkaifilter.com\/fr\/wp-json\/wp\/v2\/pages\/361"}],"collection":[{"href":"https:\/\/www.shinkaifilter.com\/fr\/wp-json\/wp\/v2\/pages"}],"about":[{"href":"https:\/\/www.shinkaifilter.com\/fr\/wp-json\/wp\/v2\/types\/page"}],"author":[{"embeddable":true,"href":"https:\/\/www.shinkaifilter.com\/fr\/wp-json\/wp\/v2\/users\/1"}],"replies":[{"embeddable":true,"href":"https:\/\/www.shinkaifilter.com\/fr\/wp-json\/wp\/v2\/comments?post=361"}],"version-history":[{"count":11,"href":"https:\/\/www.shinkaifilter.com\/fr\/wp-json\/wp\/v2\/pages\/361\/revisions"}],"predecessor-version":[{"id":2257,"href":"https:\/\/www.shinkaifilter.com\/fr\/wp-json\/wp\/v2\/pages\/361\/revisions\/2257"}],"up":[{"embeddable":true,"href":"https:\/\/www.shinkaifilter.com\/fr\/wp-json\/wp\/v2\/pages\/19"}],"wp:attachment":[{"href":"https:\/\/www.shinkaifilter.com\/fr\/wp-json\/wp\/v2\/media?parent=361"}],"curies":[{"name":"wp","href":"https:\/\/api.w.org\/{rel}","templated":true}]}}