{"id":350,"date":"2020-09-28T16:08:53","date_gmt":"2020-09-28T16:08:53","guid":{"rendered":"https:\/\/www.inwings.net\/shinkai\/?page_id=350"},"modified":"2022-01-29T11:02:13","modified_gmt":"2022-01-29T11:02:13","slug":"flow-restrictors","status":"publish","type":"page","link":"https:\/\/www.shinkaifilter.com\/fr\/products\/flow-restrictors-2\/flow-restrictors\/","title":{"rendered":"Flow Restrictors"},"content":{"rendered":"\t\t<div data-elementor-type=\"wp-page\" data-elementor-id=\"350\" class=\"elementor elementor-350\">\n\t\t\t\t\t\t<div class=\"elementor-inner\">\n\t\t\t\t<div class=\"elementor-section-wrap\">\n\t\t\t\t\t\t\t\t\t<section class=\"elementor-section elementor-top-section elementor-element elementor-element-41c3bf0 elementor-section-stretched elementor-section-boxed elementor-section-height-default elementor-section-height-default\" data-id=\"41c3bf0\" data-element_type=\"section\" data-settings=\"{&quot;stretch_section&quot;:&quot;section-stretched&quot;,&quot;background_background&quot;:&quot;classic&quot;}\">\n\t\t\t\t\t\t<div class=\"elementor-container elementor-column-gap-default\">\n\t\t\t\t\t\t\t<div class=\"elementor-row\">\n\t\t\t\t\t<div class=\"elementor-column elementor-col-100 elementor-top-column elementor-element elementor-element-9634f4b\" data-id=\"9634f4b\" data-element_type=\"column\">\n\t\t\t<div class=\"elementor-column-wrap elementor-element-populated\">\n\t\t\t\t\t\t\t<div class=\"elementor-widget-wrap\">\n\t\t\t\t\t\t\t\t<\/div>\n\t\t\t\t\t<\/div>\n\t\t<\/div>\n\t\t\t\t\t\t\t\t<\/div>\n\t\t\t\t\t<\/div>\n\t\t<\/section>\n\t\t\t\t<section class=\"elementor-section elementor-top-section elementor-element elementor-element-8b783b9 elementor-section-boxed elementor-section-height-default elementor-section-height-default\" data-id=\"8b783b9\" data-element_type=\"section\">\n\t\t\t\t\t\t<div class=\"elementor-container elementor-column-gap-default\">\n\t\t\t\t\t\t\t<div class=\"elementor-row\">\n\t\t\t\t\t<div class=\"elementor-column elementor-col-50 elementor-top-column elementor-element elementor-element-2df44c3\" data-id=\"2df44c3\" data-element_type=\"column\">\n\t\t\t<div class=\"elementor-column-wrap elementor-element-populated\">\n\t\t\t\t\t\t\t<div class=\"elementor-widget-wrap\">\n\t\t\t\t\t\t<div class=\"elementor-element elementor-element-2c45d71 elementor-widget elementor-widget-heading\" data-id=\"2c45d71\" data-element_type=\"widget\" data-widget_type=\"heading.default\">\n\t\t\t\t<div class=\"elementor-widget-container\">\n\t\t\t<h2 class=\"elementor-heading-title elementor-size-default\">Description<\/h2>\t\t<\/div>\n\t\t\t\t<\/div>\n\t\t\t\t<div class=\"elementor-element elementor-element-bae5ff9 elementor-widget elementor-widget-text-editor\" data-id=\"bae5ff9\" data-element_type=\"widget\" data-widget_type=\"text-editor.default\">\n\t\t\t\t<div class=\"elementor-widget-container\">\n\t\t\t\t\t\t\t\t<div class=\"elementor-text-editor elementor-clearfix\">\n\t\t\t\t<p>Shinkai\u2019s precision porous metal flow restrictors supplied a reliable and economical replacement for small control valves. A porous metal flow restrictor is a passageway with many small holes that creates a large number of random streams. Suitable for use in gaseous as well as liquid environments. For liquid environments special flow restrictors are available.<\/p>\t\t\t\t\t<\/div>\n\t\t\t\t\t\t<\/div>\n\t\t\t\t<\/div>\n\t\t\t\t<div class=\"elementor-element elementor-element-9a269c7 elementor-widget elementor-widget-text-editor\" data-id=\"9a269c7\" data-element_type=\"widget\" data-widget_type=\"text-editor.default\">\n\t\t\t\t<div class=\"elementor-widget-container\">\n\t\t\t\t\t\t\t\t<div class=\"elementor-text-editor elementor-clearfix\">\n\t\t\t\t<p>Le gaz passe uniform\u00e9ment \u00e0 travers l&#8217;\u00e9l\u00e9ment m\u00e9tallique poreux avec un frottement minimal, avec moins de friction, et r\u00e9duit donc la probabilit\u00e9 d&#8217;un blocage. Le d\u00e9bit inf\u00e9rieur fait que le risque d&#8217;usure interne est minimis\u00e9, assurant une solution fiable.<br>\nApplication<br>\nContr\u00f4le de flux de m\u00e9dicaments liquides<br>\nM\u00e9lange de gaz dans les boissons<br>\nDispositifs de s\u00e9curit\u00e9 sur les appareils d&#8217;anesth\u00e9sie<br>\nContr\u00f4le de d\u00e9bit dans le gaz<br>\nchromatographes<br>\n\u00c9l\u00e9ments \u00e0 flux laminaire et r\u00e9partiteurs de flux<br>\nRemplacement des vannes \u00e0 pointeau et des contr\u00f4leurs de d\u00e9bit en masse.&#8221;<\/p>\t\t\t\t\t<\/div>\n\t\t\t\t\t\t<\/div>\n\t\t\t\t<\/div>\n\t\t\t\t<div class=\"elementor-element elementor-element-ac24d8a elementor-widget elementor-widget-image\" data-id=\"ac24d8a\" data-element_type=\"widget\" data-widget_type=\"image.default\">\n\t\t\t\t<div class=\"elementor-widget-container\">\n\t\t\t\t\t\t\t\t<div class=\"elementor-image\">\n\t\t\t\t\t\t\t\t\t\t\t\t<img width=\"799\" height=\"431\" src=\"https:\/\/www.shinkaifilter.com\/fr\/wp-content\/uploads\/2020\/09\/Picture25.png\" class=\"attachment-large size-large\" alt=\"Sintered Metal Filter Elements, Filtration System Solutions\" srcset=\"https:\/\/www.shinkaifilter.com\/fr\/wp-content\/uploads\/2020\/09\/Picture25.png 799w, https:\/\/www.shinkaifilter.com\/fr\/wp-content\/uploads\/2020\/09\/Picture25-300x162.png 300w, https:\/\/www.shinkaifilter.com\/fr\/wp-content\/uploads\/2020\/09\/Picture25-768x414.png 768w\" sizes=\"(max-width: 799px) 100vw, 799px\" \/>\t\t\t\t\t\t\t\t\t\t\t\t\t\t<\/div>\n\t\t\t\t\t\t<\/div>\n\t\t\t\t<\/div>\n\t\t\t\t\t\t<\/div>\n\t\t\t\t\t<\/div>\n\t\t<\/div>\n\t\t\t\t<div class=\"elementor-column elementor-col-50 elementor-top-column elementor-element elementor-element-c3d1a9e\" data-id=\"c3d1a9e\" data-element_type=\"column\">\n\t\t\t<div class=\"elementor-column-wrap elementor-element-populated\">\n\t\t\t\t\t\t\t<div class=\"elementor-widget-wrap\">\n\t\t\t\t\t\t<div class=\"elementor-element elementor-element-8951b18 elementor-widget elementor-widget-ppm-menu\" data-id=\"8951b18\" data-element_type=\"widget\" data-widget_type=\"ppm-menu.default\">\n\t\t\t\t<div class=\"elementor-widget-container\">\n\t\t\t<div class=\"special-nav\">\n            <h3 class=\"special-nav-menu-title\">Products<\/h3>\n            <div class=\"menu-products-menu-container\"><ul id=\"menu-products-menu\" class=\"menu\"><li id=\"menu-item-415\" class=\"menu-item menu-item-type-post_type menu-item-object-page menu-item-has-children menu-item-415\"><a href=\"https:\/\/www.shinkaifilter.com\/fr\/products\/sinter-metal-filter-elements-2\/\">\u00c9l\u00e9ments filtrants en m\u00e9tal fritt\u00e9<\/a>\n<ul class=\"sub-menu\">\n\t<li id=\"menu-item-373\" class=\"menu-item menu-item-type-post_type menu-item-object-page menu-item-373\"><a href=\"https:\/\/www.shinkaifilter.com\/fr\/products\/sinter-metal-filter-elements-2\/sinter-metal-filter-elements\/\">Cartouche filtrante en poudre m\u00e9tallique fritt\u00e9e<\/a><\/li>\n\t<li id=\"menu-item-374\" class=\"menu-item menu-item-type-post_type menu-item-object-page menu-item-374\"><a href=\"https:\/\/www.shinkaifilter.com\/fr\/products\/sinter-metal-filter-elements-2\/asymmetric-sinter-porous-metal-filter-membrane\/\">Membrane filtrante poreuse en m\u00e9tal fritt\u00e9 asym\u00e9trique<\/a><\/li>\n\t<li id=\"menu-item-377\" class=\"menu-item menu-item-type-post_type menu-item-object-page menu-item-377\"><a href=\"https:\/\/www.shinkaifilter.com\/fr\/products\/sinter-metal-filter-elements-2\/porous-sinter-metal-elements-disc-sheet-plate-cone\/\">\u00c9l\u00e9ments m\u00e9talliques fritt\u00e9s poreux-disque, feuille, plaque, c\u00f4ne<\/a><\/li>\n\t<li id=\"menu-item-378\" class=\"menu-item menu-item-type-post_type menu-item-object-page menu-item-378\"><a href=\"https:\/\/www.shinkaifilter.com\/fr\/products\/sinter-metal-filter-elements-2\/sinter-metal-ultrafine-filter-tube\/\">Tube filtrant ultrafin en m\u00e9tal fritt\u00e9<\/a><\/li>\n\t<li id=\"menu-item-379\" class=\"menu-item menu-item-type-post_type menu-item-object-page menu-item-379\"><a href=\"https:\/\/www.shinkaifilter.com\/fr\/products\/sinter-metal-filter-elements-2\/sinter-metal-wire-mesh-filter-elements\/\">\u00c9l\u00e9ments filtrants en maillage m\u00e9tallique fritt\u00e9<\/a><\/li>\n\t<li id=\"menu-item-380\" class=\"menu-item menu-item-type-post_type menu-item-object-page menu-item-380\"><a href=\"https:\/\/www.shinkaifilter.com\/fr\/products\/sinter-metal-filter-elements-2\/sinter-metal-fiber-felt-filter-cartridge\/\">Cartouche filtrante en feutre de fibre de m\u00e9tal fritt\u00e9<\/a><\/li>\n<\/ul>\n<\/li>\n<li id=\"menu-item-416\" class=\"menu-item menu-item-type-post_type menu-item-object-page menu-item-has-children menu-item-416\"><a href=\"https:\/\/www.shinkaifilter.com\/fr\/products\/liquid-solid-filtration-system\/\">Syst\u00e8me de filtration liquide-solide<\/a>\n<ul class=\"sub-menu\">\n\t<li id=\"menu-item-381\" class=\"menu-item menu-item-type-post_type menu-item-object-page menu-item-381\"><a href=\"https:\/\/www.shinkaifilter.com\/fr\/products\/liquid-solid-filtration-system\/catalyst-filter\/\">Filtre de catalyseur<\/a><\/li>\n\t<li id=\"menu-item-382\" class=\"menu-item menu-item-type-post_type menu-item-object-page menu-item-382\"><a href=\"https:\/\/www.shinkaifilter.com\/fr\/products\/liquid-solid-filtration-system\/automatic-cleaning-filtration-system-with-backwashing\/\">Syst\u00e8me de filtration de nettoyage automatique avec lavage \u00e0 contre-courant<\/a><\/li>\n\t<li id=\"menu-item-383\" class=\"menu-item menu-item-type-post_type menu-item-object-page menu-item-383\"><a href=\"https:\/\/www.shinkaifilter.com\/fr\/products\/liquid-solid-filtration-system\/dead-end-filtration-system\/\">Syst\u00e8me de filtration sans issue<\/a><\/li>\n\t<li id=\"menu-item-384\" class=\"menu-item menu-item-type-post_type menu-item-object-page menu-item-384\"><a href=\"https:\/\/www.shinkaifilter.com\/fr\/products\/liquid-solid-filtration-system\/cross-flow-filter-system\/\">Syst\u00e8me de filtre \u00e0 flux crois\u00e9<\/a><\/li>\n<\/ul>\n<\/li>\n<li id=\"menu-item-417\" class=\"menu-item menu-item-type-post_type menu-item-object-page menu-item-has-children menu-item-417\"><a href=\"https:\/\/www.shinkaifilter.com\/fr\/products\/gas-solid-filtration-system\/\">Gas-solid Filtration System<\/a>\n<ul class=\"sub-menu\">\n\t<li id=\"menu-item-385\" class=\"menu-item menu-item-type-post_type menu-item-object-page menu-item-385\"><a href=\"https:\/\/www.shinkaifilter.com\/fr\/products\/gas-solid-filtration-system\/pressurized-blowback-filtration-system\/\">Syst\u00e8me de filtration de refoulement sous pression<\/a><\/li>\n\t<li id=\"menu-item-386\" class=\"menu-item menu-item-type-post_type menu-item-object-page menu-item-386\"><a href=\"https:\/\/www.shinkaifilter.com\/fr\/products\/gas-solid-filtration-system\/hot-gas-filtration-with-venturi-pulse-blowback\/\">Filtration des gaz chauds avec refoulement d\u2019impulsion Venturi<\/a><\/li>\n\t<li id=\"menu-item-1561\" class=\"menu-item menu-item-type-post_type menu-item-object-page menu-item-1561\"><a href=\"https:\/\/www.shinkaifilter.com\/fr\/products\/gas-solid-filtration-system\/high-purity-filters-in-semiconductor\/\">Filtres de haute puret\u00e9 dans les semi-conducteurs<\/a><\/li>\n<\/ul>\n<\/li>\n<li id=\"menu-item-418\" class=\"menu-item menu-item-type-post_type menu-item-object-page menu-item-has-children menu-item-418\"><a href=\"https:\/\/www.shinkaifilter.com\/fr\/products\/powder-fluidizing-and-handling\/\">Poudre Fluidis\u00e9e<\/a>\n<ul class=\"sub-menu\">\n\t<li id=\"menu-item-387\" class=\"menu-item menu-item-type-post_type menu-item-object-page menu-item-387\"><a href=\"https:\/\/www.shinkaifilter.com\/fr\/products\/powder-fluidizing-and-handling\/porous-metal-fluidizers-with-stainless-steel-for-handling-and-processing\/\">Fluidiseurs en m\u00e9tal poreux avec acier inoxydable pour la manipulation et le traitement<\/a><\/li>\n<\/ul>\n<\/li>\n<li id=\"menu-item-419\" class=\"menu-item menu-item-type-post_type menu-item-object-page menu-item-has-children menu-item-419\"><a href=\"https:\/\/www.shinkaifilter.com\/fr\/products\/sintered-metal-sparger\/\">Sparger en m\u00e9tal fritt\u00e9<\/a>\n<ul class=\"sub-menu\">\n\t<li id=\"menu-item-388\" class=\"menu-item menu-item-type-post_type menu-item-object-page menu-item-388\"><a href=\"https:\/\/www.shinkaifilter.com\/fr\/products\/sintered-metal-sparger\/sintered-metal-sparger-for-fermentation-tank-stainless-steel\/\">Barboteur en m\u00e9tal fritt\u00e9 pour cuve de fermentation en acier inoxydable<\/a><\/li>\n<\/ul>\n<\/li>\n<li id=\"menu-item-420\" class=\"menu-item menu-item-type-post_type menu-item-object-page menu-item-has-children menu-item-420\"><a href=\"https:\/\/www.shinkaifilter.com\/fr\/products\/flow-restrictors-2\/\">Limiteurs de d\u00e9bit<\/a>\n<ul class=\"sub-menu\">\n\t<li id=\"menu-item-389\" class=\"menu-item menu-item-type-post_type menu-item-object-page menu-item-389\"><a href=\"https:\/\/www.shinkaifilter.com\/fr\/products\/flow-restrictors-2\/flow-restrictors\/\">Limiteurs de d\u00e9bit<\/a><\/li>\n<\/ul>\n<\/li>\n<\/ul><\/div>\n        <\/div>\t\t<\/div>\n\t\t\t\t<\/div>\n\t\t\t\t\t\t<\/div>\n\t\t\t\t\t<\/div>\n\t\t<\/div>\n\t\t\t\t\t\t\t\t<\/div>\n\t\t\t\t\t<\/div>\n\t\t<\/section>\n\t\t\t\t<section class=\"elementor-section elementor-top-section elementor-element elementor-element-d2676a4 elementor-section-boxed elementor-section-height-default elementor-section-height-default\" data-id=\"d2676a4\" data-element_type=\"section\">\n\t\t\t\t\t\t<div class=\"elementor-container elementor-column-gap-default\">\n\t\t\t\t\t\t\t<div class=\"elementor-row\">\n\t\t\t\t\t<div class=\"elementor-column elementor-col-100 elementor-top-column elementor-element elementor-element-2ec5698\" data-id=\"2ec5698\" data-element_type=\"column\">\n\t\t\t<div class=\"elementor-column-wrap elementor-element-populated\">\n\t\t\t\t\t\t\t<div class=\"elementor-widget-wrap\">\n\t\t\t\t\t\t<div class=\"elementor-element elementor-element-514f5b5 elementor-widget elementor-widget-gallery\" data-id=\"514f5b5\" data-element_type=\"widget\" data-settings=\"{&quot;columns&quot;:3,&quot;lazyload&quot;:&quot;yes&quot;,&quot;gallery_layout&quot;:&quot;grid&quot;,&quot;columns_tablet&quot;:2,&quot;columns_mobile&quot;:1,&quot;gap&quot;:{&quot;unit&quot;:&quot;px&quot;,&quot;size&quot;:10,&quot;sizes&quot;:[]},&quot;gap_tablet&quot;:{&quot;unit&quot;:&quot;px&quot;,&quot;size&quot;:10,&quot;sizes&quot;:[]},&quot;gap_mobile&quot;:{&quot;unit&quot;:&quot;px&quot;,&quot;size&quot;:10,&quot;sizes&quot;:[]},&quot;link_to&quot;:&quot;file&quot;,&quot;aspect_ratio&quot;:&quot;3:2&quot;,&quot;overlay_background&quot;:&quot;yes&quot;,&quot;content_hover_animation&quot;:&quot;fade-in&quot;}\" data-widget_type=\"gallery.default\">\n\t\t\t\t<div class=\"elementor-widget-container\">\n\t\t\t\t\t<div class=\"elementor-gallery__container\">\n\t\t\t\t\t\t\t<a class=\"e-gallery-item elementor-gallery-item elementor-animated-content\" href=\"https:\/\/www.shinkaifilter.com\/fr\/wp-content\/uploads\/2021\/08\/Flow-Restrictors-5.jpg\" data-elementor-open-lightbox=\"yes\" data-elementor-lightbox-slideshow=\"all-514f5b5\" data-elementor-lightbox-title=\"Flow Restrictors-5\" e-action-hash=\"#elementor-action%3Aaction%3Dlightbox%26settings%3DeyJpZCI6MjAyMCwidXJsIjoiaHR0cHM6XC9cL3d3dy5zaGlua2FpZmlsdGVyLmNvbVwvZnJcL3dwLWNvbnRlbnRcL3VwbG9hZHNcLzIwMjFcLzA4XC9GbG93LVJlc3RyaWN0b3JzLTUuanBnIiwic2xpZGVzaG93IjoiYWxsLTUxNGY1YjUifQ%3D%3D\">\n\t\t\t\t\t<div class=\"e-gallery-image elementor-gallery-item__image\" data-thumbnail=\"https:\/\/www.shinkaifilter.com\/fr\/wp-content\/uploads\/2021\/08\/Flow-Restrictors-5.jpg\" data-width=\"1200\" data-height=\"856\" alt=\"\" ><\/div>\n\t\t\t\t\t\t\t\t\t\t<div class=\"elementor-gallery-item__overlay\"><\/div>\n\t\t\t\t\t\t\t\t\t\t\t\t\t\t<\/a>\n\t\t\t\t\t\t\t<a class=\"e-gallery-item elementor-gallery-item elementor-animated-content\" href=\"https:\/\/www.shinkaifilter.com\/fr\/wp-content\/uploads\/2020\/10\/Flow-Restrictors-3.jpg\" data-elementor-open-lightbox=\"yes\" data-elementor-lightbox-slideshow=\"all-514f5b5\" data-elementor-lightbox-title=\"Flow Restrictors-3\" e-action-hash=\"#elementor-action%3Aaction%3Dlightbox%26settings%3DeyJpZCI6OTU1LCJ1cmwiOiJodHRwczpcL1wvd3d3LnNoaW5rYWlmaWx0ZXIuY29tXC9mclwvd3AtY29udGVudFwvdXBsb2Fkc1wvMjAyMFwvMTBcL0Zsb3ctUmVzdHJpY3RvcnMtMy5qcGciLCJzbGlkZXNob3ciOiJhbGwtNTE0ZjViNSJ9\">\n\t\t\t\t\t<div class=\"e-gallery-image elementor-gallery-item__image\" data-thumbnail=\"https:\/\/www.shinkaifilter.com\/fr\/wp-content\/uploads\/2020\/10\/Flow-Restrictors-3.jpg\" data-width=\"800\" data-height=\"571\" alt=\"Flow Restrictors\" ><\/div>\n\t\t\t\t\t\t\t\t\t\t<div class=\"elementor-gallery-item__overlay\"><\/div>\n\t\t\t\t\t\t\t\t\t\t\t\t\t\t<\/a>\n\t\t\t\t\t\t\t<a class=\"e-gallery-item elementor-gallery-item elementor-animated-content\" href=\"https:\/\/www.shinkaifilter.com\/fr\/wp-content\/uploads\/2020\/09\/Picture26.png\" data-elementor-open-lightbox=\"yes\" data-elementor-lightbox-slideshow=\"all-514f5b5\" data-elementor-lightbox-title=\"Picture26\" e-action-hash=\"#elementor-action%3Aaction%3Dlightbox%26settings%3DeyJpZCI6MzUzLCJ1cmwiOiJodHRwczpcL1wvd3d3LnNoaW5rYWlmaWx0ZXIuY29tXC9mclwvd3AtY29udGVudFwvdXBsb2Fkc1wvMjAyMFwvMDlcL1BpY3R1cmUyNi5wbmciLCJzbGlkZXNob3ciOiJhbGwtNTE0ZjViNSJ9\">\n\t\t\t\t\t<div class=\"e-gallery-image elementor-gallery-item__image\" data-thumbnail=\"https:\/\/www.shinkaifilter.com\/fr\/wp-content\/uploads\/2020\/09\/Picture26.png\" data-width=\"1120\" data-height=\"800\" alt=\"Sintered Metal Filter Elements, Filtration System Solutions\" ><\/div>\n\t\t\t\t\t\t\t\t\t\t<div class=\"elementor-gallery-item__overlay\"><\/div>\n\t\t\t\t\t\t\t\t\t\t\t\t\t\t<\/a>\n\t\t\t\t\t<\/div>\n\t\t\t<\/div>\n\t\t\t\t<\/div>\n\t\t\t\t\t\t<\/div>\n\t\t\t\t\t<\/div>\n\t\t<\/div>\n\t\t\t\t\t\t\t\t<\/div>\n\t\t\t\t\t<\/div>\n\t\t<\/section>\n\t\t\t\t\t\t\t\t\t<\/div>\n\t\t\t<\/div>\n\t\t\t\t\t<\/div>\n\t\t","protected":false},"excerpt":{"rendered":"<p>Description Shinkai\u2019s precision porous metal flow restrictors supplied a reliable and economical replacement for small control valves. A porous metal flow restrictor is a passageway with many small holes that creates a large number of random streams. Suitable for use in gaseous as well as liquid environments. For liquid environments special flow restrictors are available. [&hellip;]<\/p>\n","protected":false},"author":1,"featured_media":0,"parent":365,"menu_order":0,"comment_status":"closed","ping_status":"closed","template":"elementor_header_footer","meta":[],"yoast_head":"<!-- This site is optimized with the Yoast SEO plugin v18.6 - https:\/\/yoast.com\/wordpress\/plugins\/seo\/ -->\n<title>Flow Restrictors - SHINKAI<\/title>\n<meta name=\"robots\" content=\"index, follow, max-snippet:-1, max-image-preview:large, max-video-preview:-1\" \/>\n<link rel=\"canonical\" href=\"https:\/\/www.shinkaifilter.com\/fr\/products\/flow-restrictors-2\/flow-restrictors\/\" \/>\n<meta property=\"og:locale\" content=\"en_US\" \/>\n<meta property=\"og:type\" content=\"article\" \/>\n<meta property=\"og:title\" content=\"Flow Restrictors - SHINKAI\" \/>\n<meta property=\"og:description\" content=\"Description Shinkai\u2019s precision porous metal flow restrictors supplied a reliable and economical replacement for small control valves. A porous metal flow restrictor is a passageway with many small holes that creates a large number of random streams. Suitable for use in gaseous as well as liquid environments. For liquid environments special flow restrictors are available. [&hellip;]\" \/>\n<meta property=\"og:url\" content=\"https:\/\/www.shinkaifilter.com\/fr\/products\/flow-restrictors-2\/flow-restrictors\/\" \/>\n<meta property=\"og:site_name\" content=\"SHINKAI\" \/>\n<meta property=\"article:modified_time\" content=\"2022-01-29T11:02:13+00:00\" \/>\n<meta property=\"og:image\" content=\"https:\/\/www.shinkaifilter.com\/fr\/wp-content\/uploads\/2020\/09\/Picture25.png\" \/>\n<meta name=\"twitter:card\" content=\"summary_large_image\" \/>\n<meta name=\"twitter:label1\" content=\"Est. reading time\" \/>\n\t<meta name=\"twitter:data1\" content=\"2 minutes\" \/>\n<script type=\"application\/ld+json\" class=\"yoast-schema-graph\">{\"@context\":\"https:\/\/schema.org\",\"@graph\":[{\"@type\":\"WebSite\",\"@id\":\"https:\/\/www.shinkaifilter.com\/fr\/#website\",\"url\":\"https:\/\/www.shinkaifilter.com\/fr\/\",\"name\":\"SHINKAI\",\"description\":\"Hot Gas Filtration, Gas Solid Separation Systems | Shinkai\",\"potentialAction\":[{\"@type\":\"SearchAction\",\"target\":{\"@type\":\"EntryPoint\",\"urlTemplate\":\"https:\/\/www.shinkaifilter.com\/fr\/?s={search_term_string}\"},\"query-input\":\"required name=search_term_string\"}],\"inLanguage\":\"en-US\"},{\"@type\":\"ImageObject\",\"@id\":\"https:\/\/www.shinkaifilter.com\/fr\/products\/flow-restrictors-2\/flow-restrictors\/#primaryimage\",\"inLanguage\":\"en-US\",\"url\":\"https:\/\/www.shinkaifilter.com\/fr\/wp-content\/uploads\/2020\/09\/Picture25.png\",\"contentUrl\":\"https:\/\/www.shinkaifilter.com\/fr\/wp-content\/uploads\/2020\/09\/Picture25.png\",\"width\":799,\"height\":431,\"caption\":\"Sintered Metal Filter Elements, Filtration System Solutions\"},{\"@type\":\"WebPage\",\"@id\":\"https:\/\/www.shinkaifilter.com\/fr\/products\/flow-restrictors-2\/flow-restrictors\/#webpage\",\"url\":\"https:\/\/www.shinkaifilter.com\/fr\/products\/flow-restrictors-2\/flow-restrictors\/\",\"name\":\"Flow Restrictors - SHINKAI\",\"isPartOf\":{\"@id\":\"https:\/\/www.shinkaifilter.com\/fr\/#website\"},\"primaryImageOfPage\":{\"@id\":\"https:\/\/www.shinkaifilter.com\/fr\/products\/flow-restrictors-2\/flow-restrictors\/#primaryimage\"},\"datePublished\":\"2020-09-28T16:08:53+00:00\",\"dateModified\":\"2022-01-29T11:02:13+00:00\",\"breadcrumb\":{\"@id\":\"https:\/\/www.shinkaifilter.com\/fr\/products\/flow-restrictors-2\/flow-restrictors\/#breadcrumb\"},\"inLanguage\":\"en-US\",\"potentialAction\":[{\"@type\":\"ReadAction\",\"target\":[\"https:\/\/www.shinkaifilter.com\/fr\/products\/flow-restrictors-2\/flow-restrictors\/\"]}]},{\"@type\":\"BreadcrumbList\",\"@id\":\"https:\/\/www.shinkaifilter.com\/fr\/products\/flow-restrictors-2\/flow-restrictors\/#breadcrumb\",\"itemListElement\":[{\"@type\":\"ListItem\",\"position\":1,\"name\":\"Home\",\"item\":\"https:\/\/www.shinkaifilter.com\/fr\/\"},{\"@type\":\"ListItem\",\"position\":2,\"name\":\"Products\",\"item\":\"https:\/\/www.shinkaifilter.com\/fr\/products\/\"},{\"@type\":\"ListItem\",\"position\":3,\"name\":\"Flow Restrictors\",\"item\":\"https:\/\/www.shinkaifilter.com\/fr\/products\/flow-restrictors-2\/\"},{\"@type\":\"ListItem\",\"position\":4,\"name\":\"Flow Restrictors\"}]}]}<\/script>\n<!-- \/ Yoast SEO plugin. -->","yoast_head_json":{"title":"Flow Restrictors - SHINKAI","robots":{"index":"index","follow":"follow","max-snippet":"max-snippet:-1","max-image-preview":"max-image-preview:large","max-video-preview":"max-video-preview:-1"},"canonical":"https:\/\/www.shinkaifilter.com\/fr\/products\/flow-restrictors-2\/flow-restrictors\/","og_locale":"en_US","og_type":"article","og_title":"Flow Restrictors - SHINKAI","og_description":"Description Shinkai\u2019s precision porous metal flow restrictors supplied a reliable and economical replacement for small control valves. A porous metal flow restrictor is a passageway with many small holes that creates a large number of random streams. Suitable for use in gaseous as well as liquid environments. For liquid environments special flow restrictors are available. [&hellip;]","og_url":"https:\/\/www.shinkaifilter.com\/fr\/products\/flow-restrictors-2\/flow-restrictors\/","og_site_name":"SHINKAI","article_modified_time":"2022-01-29T11:02:13+00:00","og_image":[{"url":"https:\/\/www.shinkaifilter.com\/fr\/wp-content\/uploads\/2020\/09\/Picture25.png"}],"twitter_card":"summary_large_image","twitter_misc":{"Est. reading time":"2 minutes"},"schema":{"@context":"https:\/\/schema.org","@graph":[{"@type":"WebSite","@id":"https:\/\/www.shinkaifilter.com\/fr\/#website","url":"https:\/\/www.shinkaifilter.com\/fr\/","name":"SHINKAI","description":"Hot Gas Filtration, Gas Solid Separation Systems | Shinkai","potentialAction":[{"@type":"SearchAction","target":{"@type":"EntryPoint","urlTemplate":"https:\/\/www.shinkaifilter.com\/fr\/?s={search_term_string}"},"query-input":"required name=search_term_string"}],"inLanguage":"en-US"},{"@type":"ImageObject","@id":"https:\/\/www.shinkaifilter.com\/fr\/products\/flow-restrictors-2\/flow-restrictors\/#primaryimage","inLanguage":"en-US","url":"https:\/\/www.shinkaifilter.com\/fr\/wp-content\/uploads\/2020\/09\/Picture25.png","contentUrl":"https:\/\/www.shinkaifilter.com\/fr\/wp-content\/uploads\/2020\/09\/Picture25.png","width":799,"height":431,"caption":"Sintered Metal Filter Elements, Filtration System Solutions"},{"@type":"WebPage","@id":"https:\/\/www.shinkaifilter.com\/fr\/products\/flow-restrictors-2\/flow-restrictors\/#webpage","url":"https:\/\/www.shinkaifilter.com\/fr\/products\/flow-restrictors-2\/flow-restrictors\/","name":"Flow Restrictors - SHINKAI","isPartOf":{"@id":"https:\/\/www.shinkaifilter.com\/fr\/#website"},"primaryImageOfPage":{"@id":"https:\/\/www.shinkaifilter.com\/fr\/products\/flow-restrictors-2\/flow-restrictors\/#primaryimage"},"datePublished":"2020-09-28T16:08:53+00:00","dateModified":"2022-01-29T11:02:13+00:00","breadcrumb":{"@id":"https:\/\/www.shinkaifilter.com\/fr\/products\/flow-restrictors-2\/flow-restrictors\/#breadcrumb"},"inLanguage":"en-US","potentialAction":[{"@type":"ReadAction","target":["https:\/\/www.shinkaifilter.com\/fr\/products\/flow-restrictors-2\/flow-restrictors\/"]}]},{"@type":"BreadcrumbList","@id":"https:\/\/www.shinkaifilter.com\/fr\/products\/flow-restrictors-2\/flow-restrictors\/#breadcrumb","itemListElement":[{"@type":"ListItem","position":1,"name":"Home","item":"https:\/\/www.shinkaifilter.com\/fr\/"},{"@type":"ListItem","position":2,"name":"Products","item":"https:\/\/www.shinkaifilter.com\/fr\/products\/"},{"@type":"ListItem","position":3,"name":"Flow Restrictors","item":"https:\/\/www.shinkaifilter.com\/fr\/products\/flow-restrictors-2\/"},{"@type":"ListItem","position":4,"name":"Flow Restrictors"}]}]}},"_links":{"self":[{"href":"https:\/\/www.shinkaifilter.com\/fr\/wp-json\/wp\/v2\/pages\/350"}],"collection":[{"href":"https:\/\/www.shinkaifilter.com\/fr\/wp-json\/wp\/v2\/pages"}],"about":[{"href":"https:\/\/www.shinkaifilter.com\/fr\/wp-json\/wp\/v2\/types\/page"}],"author":[{"embeddable":true,"href":"https:\/\/www.shinkaifilter.com\/fr\/wp-json\/wp\/v2\/users\/1"}],"replies":[{"embeddable":true,"href":"https:\/\/www.shinkaifilter.com\/fr\/wp-json\/wp\/v2\/comments?post=350"}],"version-history":[{"count":20,"href":"https:\/\/www.shinkaifilter.com\/fr\/wp-json\/wp\/v2\/pages\/350\/revisions"}],"predecessor-version":[{"id":2274,"href":"https:\/\/www.shinkaifilter.com\/fr\/wp-json\/wp\/v2\/pages\/350\/revisions\/2274"}],"up":[{"embeddable":true,"href":"https:\/\/www.shinkaifilter.com\/fr\/wp-json\/wp\/v2\/pages\/365"}],"wp:attachment":[{"href":"https:\/\/www.shinkaifilter.com\/fr\/wp-json\/wp\/v2\/media?parent=350"}],"curies":[{"name":"wp","href":"https:\/\/api.w.org\/{rel}","templated":true}]}}