{"id":1395,"date":"2020-10-18T14:45:34","date_gmt":"2020-10-18T14:45:34","guid":{"rendered":"https:\/\/www.shinkaifilter.com\/?page_id=1395"},"modified":"2022-01-30T14:55:20","modified_gmt":"2022-01-30T14:55:20","slug":"powder-fluidizing-and-processing","status":"publish","type":"page","link":"https:\/\/www.shinkaifilter.com\/fr\/solutions\/powder-fluidizing-and-processing\/","title":{"rendered":"Fluidisation et traitement des poudres"},"content":{"rendered":"\t\t<div data-elementor-type=\"wp-page\" data-elementor-id=\"1395\" class=\"elementor elementor-1395\">\n\t\t\t\t\t\t<div class=\"elementor-inner\">\n\t\t\t\t<div class=\"elementor-section-wrap\">\n\t\t\t\t\t\t\t\t\t<section class=\"elementor-section elementor-top-section elementor-element elementor-element-0e6e3f8 elementor-section-stretched elementor-section-boxed elementor-section-height-default elementor-section-height-default\" data-id=\"0e6e3f8\" data-element_type=\"section\" data-settings=\"{&quot;stretch_section&quot;:&quot;section-stretched&quot;,&quot;background_background&quot;:&quot;classic&quot;}\">\n\t\t\t\t\t\t<div class=\"elementor-container elementor-column-gap-default\">\n\t\t\t\t\t\t\t<div class=\"elementor-row\">\n\t\t\t\t\t<div class=\"elementor-column elementor-col-100 elementor-top-column elementor-element elementor-element-5685bd5\" data-id=\"5685bd5\" data-element_type=\"column\">\n\t\t\t<div class=\"elementor-column-wrap elementor-element-populated\">\n\t\t\t\t\t\t\t<div class=\"elementor-widget-wrap\">\n\t\t\t\t\t\t<div class=\"elementor-element elementor-element-849b444 elementor-widget elementor-widget-heading\" data-id=\"849b444\" data-element_type=\"widget\" data-widget_type=\"heading.default\">\n\t\t\t\t<div class=\"elementor-widget-container\">\n\t\t\t<h2 class=\"elementor-heading-title elementor-size-default\">Powder Fluidization and Processing<\/h2>\t\t<\/div>\n\t\t\t\t<\/div>\n\t\t\t\t\t\t<\/div>\n\t\t\t\t\t<\/div>\n\t\t<\/div>\n\t\t\t\t\t\t\t\t<\/div>\n\t\t\t\t\t<\/div>\n\t\t<\/section>\n\t\t\t\t<section class=\"elementor-section elementor-top-section elementor-element elementor-element-267213f elementor-section-boxed elementor-section-height-default elementor-section-height-default\" data-id=\"267213f\" data-element_type=\"section\">\n\t\t\t\t\t\t<div class=\"elementor-container elementor-column-gap-default\">\n\t\t\t\t\t\t\t<div class=\"elementor-row\">\n\t\t\t\t\t<div class=\"elementor-column elementor-col-100 elementor-top-column elementor-element elementor-element-b22af5b\" data-id=\"b22af5b\" data-element_type=\"column\">\n\t\t\t<div class=\"elementor-column-wrap elementor-element-populated\">\n\t\t\t\t\t\t\t<div class=\"elementor-widget-wrap\">\n\t\t\t\t\t\t<section class=\"elementor-section elementor-inner-section elementor-element elementor-element-c8834eb elementor-section-boxed elementor-section-height-default elementor-section-height-default\" data-id=\"c8834eb\" data-element_type=\"section\">\n\t\t\t\t\t\t<div class=\"elementor-container elementor-column-gap-default\">\n\t\t\t\t\t\t\t<div class=\"elementor-row\">\n\t\t\t\t\t<div class=\"elementor-column elementor-col-50 elementor-inner-column elementor-element elementor-element-c2aeda7\" data-id=\"c2aeda7\" data-element_type=\"column\">\n\t\t\t<div class=\"elementor-column-wrap elementor-element-populated\">\n\t\t\t\t\t\t\t<div class=\"elementor-widget-wrap\">\n\t\t\t\t\t\t<div class=\"elementor-element elementor-element-6aae6b7 elementor-widget elementor-widget-text-editor\" data-id=\"6aae6b7\" data-element_type=\"widget\" data-widget_type=\"text-editor.default\">\n\t\t\t\t<div class=\"elementor-widget-container\">\n\t\t\t\t\t\t\t\t<div class=\"elementor-text-editor elementor-clearfix\">\n\t\t\t\t<p>Le H2 est une mati\u00e8re premi\u00e8re chimique importante et la plus grande source est la gaz\u00e9ification du charbon pulv\u00e9ris\u00e9. La gaz\u00e9ification du charbon pulv\u00e9ris\u00e9 utilise de la poudre de charbon entre 70 et 100 \u03bcm, qui est d\u00e9compos\u00e9e en H2 et CO dans des conditions de temp\u00e9rature \u00e9lev\u00e9e. La difficult\u00e9 de ce processus est de savoir comment transporter, sans souci, la poudre de charbon de la taille d&#8217;un micron jusqu&#8217;au gaz\u00e9ifieur \u00e0 haute pression.<\/p>\t\t\t\t\t<\/div>\n\t\t\t\t\t\t<\/div>\n\t\t\t\t<\/div>\n\t\t\t\t<div class=\"elementor-element elementor-element-6db7582 elementor-widget elementor-widget-image\" data-id=\"6db7582\" data-element_type=\"widget\" data-widget_type=\"image.default\">\n\t\t\t\t<div class=\"elementor-widget-container\">\n\t\t\t\t\t\t\t\t<div class=\"elementor-image\">\n\t\t\t\t\t\t\t\t\t\t\t\t<img width=\"800\" height=\"414\" src=\"https:\/\/www.shinkaifilter.com\/fr\/wp-content\/uploads\/2020\/10\/shinkaifiltr-7-1.jpg\" class=\"attachment-large size-large\" alt=\"Sintered Metal Filter Elements, Filtration System Solutions\" srcset=\"https:\/\/www.shinkaifilter.com\/fr\/wp-content\/uploads\/2020\/10\/shinkaifiltr-7-1.jpg 800w, https:\/\/www.shinkaifilter.com\/fr\/wp-content\/uploads\/2020\/10\/shinkaifiltr-7-1-300x155.jpg 300w, https:\/\/www.shinkaifilter.com\/fr\/wp-content\/uploads\/2020\/10\/shinkaifiltr-7-1-768x397.jpg 768w\" sizes=\"(max-width: 800px) 100vw, 800px\" \/>\t\t\t\t\t\t\t\t\t\t\t\t\t\t<\/div>\n\t\t\t\t\t\t<\/div>\n\t\t\t\t<\/div>\n\t\t\t\t<div class=\"elementor-element elementor-element-fc0afff elementor-widget elementor-widget-text-editor\" data-id=\"fc0afff\" data-element_type=\"widget\" data-widget_type=\"text-editor.default\">\n\t\t\t\t<div class=\"elementor-widget-container\">\n\t\t\t\t\t\t\t\t<div class=\"elementor-text-editor elementor-clearfix\">\n\t\t\t\t<p>La poudre de charbon ultra-fine peut facilement former une agglom\u00e9ration, en raccordant ou canalisant le processus de transmission, et elle ne peut pas \u00eatre transport\u00e9e facilement. La solution \u00e0 ce probl\u00e8me est de la rendre homog\u00e8nement fluidis\u00e9e lors du transport du charbon pulv\u00e9ris\u00e9. Cependant, l&#8217;environnement du transport du charbon pulv\u00e9ris\u00e9 est tr\u00e8s difficile et il est difficile pour les \u00e9l\u00e9ments de fluidisation ordinaires de fonctionner de mani\u00e8re stable pendant une longue p\u00e9riode de temps. De nombreuses usines de gaz\u00e9ification de charbon pulv\u00e9ris\u00e9 doivent \u00eatre ferm\u00e9es fr\u00e9quemment afin de remplacer les \u00e9l\u00e9ments de fluidisation.<\/p>\n<p>Afin de r\u00e9aliser la longue dur\u00e9e et stabilit\u00e9 du transport de l&#8217;ultra-charbon, les ing\u00e9nieurs de Shinkai ont d\u00e9velopp\u00e9 un ensemble complet de syst\u00e8me de transport de charbon pulv\u00e9ris\u00e9 apr\u00e8s des ann\u00e9es de recherche, y compris des c\u00f4nes gonflables, des fl\u00fbtes gonflables et des gonfleurs de pipeline, etc. \u00c0 l&#8217;heure actuelle, le syst\u00e8me de transport du charbon pulv\u00e9ris\u00e9 d\u00e9velopp\u00e9 par Shinkai a \u00e9t\u00e9 appliqu\u00e9 dans de nombreuses usines de gaz\u00e9ification du charbon dans le monde. En plus de la gaz\u00e9ification du charbon pulv\u00e9ris\u00e9, l&#8217;industrie du silicium et les industries de production de catalyseurs ont \u00e9galement commenc\u00e9 \u00e0 utiliser le syst\u00e8me de convoyage de Shinkai pour transporter de la poudre ultra-fine.<\/p>\n<p>Si vous pensez avoir besoin de moyens de transport de poudre ultra-fine. Vous pouvez nous appeler pour comprendre votre processus ou nous fournir une fiche technique sur l&#8217;\u00e9tat du filtre. Shinkai personnalisera sp\u00e9cialement pour vous les solutions de syst\u00e8me complet, y compris, mais sans s&#8217;y limiter, la conception et la s\u00e9lection d&#8217;\u00e9l\u00e9ments de fluidisation, la conception de processus, la s\u00e9lection d&#8217;instruments et de vannes, la conception de tuyauterie, etc.<\/p>\t\t\t\t\t<\/div>\n\t\t\t\t\t\t<\/div>\n\t\t\t\t<\/div>\n\t\t\t\t\t\t<\/div>\n\t\t\t\t\t<\/div>\n\t\t<\/div>\n\t\t\t\t<div class=\"elementor-column elementor-col-50 elementor-inner-column elementor-element elementor-element-3022809\" data-id=\"3022809\" data-element_type=\"column\">\n\t\t\t<div class=\"elementor-column-wrap elementor-element-populated\">\n\t\t\t\t\t\t\t<div class=\"elementor-widget-wrap\">\n\t\t\t\t\t\t<div class=\"elementor-element elementor-element-17aaf3c elementor-widget elementor-widget-ppm-menu\" data-id=\"17aaf3c\" data-element_type=\"widget\" data-widget_type=\"ppm-menu.default\">\n\t\t\t\t<div class=\"elementor-widget-container\">\n\t\t\t<div class=\"special-nav\">\n            <h3 class=\"special-nav-menu-title\">Solutions<\/h3>\n            <div class=\"menu-solutions-container\"><ul id=\"menu-solutions\" class=\"menu\"><li id=\"menu-item-1409\" class=\"menu-item menu-item-type-post_type menu-item-object-page menu-item-1409\"><a href=\"https:\/\/www.shinkaifilter.com\/fr\/solutions\/liquid-solid-separation\/\">S\u00e9paration liquide-solide<\/a><\/li>\n<li id=\"menu-item-1410\" class=\"menu-item menu-item-type-post_type menu-item-object-page menu-item-1410\"><a href=\"https:\/\/www.shinkaifilter.com\/fr\/solutions\/gas-solid-separation\/\">S\u00e9paration gaz-solide<\/a><\/li>\n<li id=\"menu-item-1427\" class=\"menu-item menu-item-type-post_type menu-item-object-page menu-item-1427\"><a href=\"https:\/\/www.shinkaifilter.com\/fr\/solutions\/powder-fluidizing-and-processing\/\">Fluidisation et traitement des poudres<\/a><\/li>\n<li id=\"menu-item-1412\" class=\"menu-item menu-item-type-post_type menu-item-object-page menu-item-1412\"><a href=\"https:\/\/www.shinkaifilter.com\/fr\/solutions\/gas-sparging\/\">Barbotage de gaz<\/a><\/li>\n<\/ul><\/div>\n        <\/div>\t\t<\/div>\n\t\t\t\t<\/div>\n\t\t\t\t\t\t<\/div>\n\t\t\t\t\t<\/div>\n\t\t<\/div>\n\t\t\t\t\t\t\t\t<\/div>\n\t\t\t\t\t<\/div>\n\t\t<\/section>\n\t\t\t\t\t\t<\/div>\n\t\t\t\t\t<\/div>\n\t\t<\/div>\n\t\t\t\t\t\t\t\t<\/div>\n\t\t\t\t\t<\/div>\n\t\t<\/section>\n\t\t\t\t\t\t\t\t\t<\/div>\n\t\t\t<\/div>\n\t\t\t\t\t<\/div>\n\t\t","protected":false},"excerpt":{"rendered":"<p>Powder Fluidization and Processing Le H2 est une mati\u00e8re premi\u00e8re chimique importante et la plus grande source est la gaz\u00e9ification du charbon pulv\u00e9ris\u00e9. La gaz\u00e9ification du charbon pulv\u00e9ris\u00e9 utilise de la poudre de charbon entre 70 et 100 \u03bcm, qui est d\u00e9compos\u00e9e en H2 et CO dans des conditions de temp\u00e9rature \u00e9lev\u00e9e. La difficult\u00e9 de [&hellip;]<\/p>\n","protected":false},"author":1,"featured_media":0,"parent":18,"menu_order":0,"comment_status":"closed","ping_status":"closed","template":"elementor_header_footer","meta":[],"yoast_head":"<!-- This site is optimized with the Yoast SEO plugin v18.6 - https:\/\/yoast.com\/wordpress\/plugins\/seo\/ -->\n<title>Powder Fluidization Technology, Powder Processing Solutions | SHINKAI<\/title>\n<meta name=\"description\" content=\"Shinkai\u2019s engineers have developed a pulverized coal conveying system. Inflatable cones, Including inflatable flutes and pipeline inflators.\" \/>\n<meta name=\"robots\" content=\"index, follow, max-snippet:-1, max-image-preview:large, max-video-preview:-1\" \/>\n<link rel=\"canonical\" href=\"https:\/\/www.shinkaifilter.com\/fr\/solutions\/powder-fluidizing-and-processing\/\" \/>\n<meta property=\"og:locale\" content=\"en_US\" \/>\n<meta property=\"og:type\" content=\"article\" \/>\n<meta property=\"og:title\" content=\"Powder Fluidization Technology, Powder Processing Solutions | SHINKAI\" \/>\n<meta property=\"og:description\" content=\"Shinkai\u2019s engineers have developed a pulverized coal conveying system. Inflatable cones, Including inflatable flutes and pipeline inflators.\" \/>\n<meta property=\"og:url\" content=\"https:\/\/www.shinkaifilter.com\/fr\/solutions\/powder-fluidizing-and-processing\/\" \/>\n<meta property=\"og:site_name\" content=\"SHINKAI\" \/>\n<meta property=\"article:modified_time\" content=\"2022-01-30T14:55:20+00:00\" \/>\n<meta property=\"og:image\" content=\"https:\/\/www.shinkaifilter.com\/fr\/wp-content\/uploads\/2020\/10\/shinkaifiltr-7-1.jpg\" \/>\n<meta name=\"twitter:card\" content=\"summary_large_image\" \/>\n<meta name=\"twitter:label1\" content=\"Est. reading time\" \/>\n\t<meta name=\"twitter:data1\" content=\"2 minutes\" \/>\n<script type=\"application\/ld+json\" class=\"yoast-schema-graph\">{\"@context\":\"https:\/\/schema.org\",\"@graph\":[{\"@type\":\"WebSite\",\"@id\":\"https:\/\/www.shinkaifilter.com\/fr\/#website\",\"url\":\"https:\/\/www.shinkaifilter.com\/fr\/\",\"name\":\"SHINKAI\",\"description\":\"Hot Gas Filtration, Gas Solid Separation Systems | Shinkai\",\"potentialAction\":[{\"@type\":\"SearchAction\",\"target\":{\"@type\":\"EntryPoint\",\"urlTemplate\":\"https:\/\/www.shinkaifilter.com\/fr\/?s={search_term_string}\"},\"query-input\":\"required name=search_term_string\"}],\"inLanguage\":\"en-US\"},{\"@type\":\"ImageObject\",\"@id\":\"https:\/\/www.shinkaifilter.com\/fr\/solutions\/powder-fluidizing-and-processing\/#primaryimage\",\"inLanguage\":\"en-US\",\"url\":\"https:\/\/www.shinkaifilter.com\/fr\/wp-content\/uploads\/2020\/10\/shinkaifiltr-7-1.jpg\",\"contentUrl\":\"https:\/\/www.shinkaifilter.com\/fr\/wp-content\/uploads\/2020\/10\/shinkaifiltr-7-1.jpg\",\"width\":800,\"height\":414,\"caption\":\"Sintered Metal Filter Elements, Filtration System Solutions\"},{\"@type\":\"WebPage\",\"@id\":\"https:\/\/www.shinkaifilter.com\/fr\/solutions\/powder-fluidizing-and-processing\/#webpage\",\"url\":\"https:\/\/www.shinkaifilter.com\/fr\/solutions\/powder-fluidizing-and-processing\/\",\"name\":\"Powder Fluidization Technology, Powder Processing Solutions | SHINKAI\",\"isPartOf\":{\"@id\":\"https:\/\/www.shinkaifilter.com\/fr\/#website\"},\"primaryImageOfPage\":{\"@id\":\"https:\/\/www.shinkaifilter.com\/fr\/solutions\/powder-fluidizing-and-processing\/#primaryimage\"},\"datePublished\":\"2020-10-18T14:45:34+00:00\",\"dateModified\":\"2022-01-30T14:55:20+00:00\",\"description\":\"Shinkai\u2019s engineers have developed a pulverized coal conveying system. Inflatable cones, Including inflatable flutes and pipeline inflators.\",\"breadcrumb\":{\"@id\":\"https:\/\/www.shinkaifilter.com\/fr\/solutions\/powder-fluidizing-and-processing\/#breadcrumb\"},\"inLanguage\":\"en-US\",\"potentialAction\":[{\"@type\":\"ReadAction\",\"target\":[\"https:\/\/www.shinkaifilter.com\/fr\/solutions\/powder-fluidizing-and-processing\/\"]}]},{\"@type\":\"BreadcrumbList\",\"@id\":\"https:\/\/www.shinkaifilter.com\/fr\/solutions\/powder-fluidizing-and-processing\/#breadcrumb\",\"itemListElement\":[{\"@type\":\"ListItem\",\"position\":1,\"name\":\"Home\",\"item\":\"https:\/\/www.shinkaifilter.com\/fr\/\"},{\"@type\":\"ListItem\",\"position\":2,\"name\":\"Solutions\",\"item\":\"https:\/\/www.shinkaifilter.com\/fr\/solutions\/\"},{\"@type\":\"ListItem\",\"position\":3,\"name\":\"Fluidisation et traitement des poudres\"}]}]}<\/script>\n<!-- \/ Yoast SEO plugin. -->","yoast_head_json":{"title":"Powder Fluidization Technology, Powder Processing Solutions | SHINKAI","description":"Shinkai\u2019s engineers have developed a pulverized coal conveying system. Inflatable cones, Including inflatable flutes and pipeline inflators.","robots":{"index":"index","follow":"follow","max-snippet":"max-snippet:-1","max-image-preview":"max-image-preview:large","max-video-preview":"max-video-preview:-1"},"canonical":"https:\/\/www.shinkaifilter.com\/fr\/solutions\/powder-fluidizing-and-processing\/","og_locale":"en_US","og_type":"article","og_title":"Powder Fluidization Technology, Powder Processing Solutions | SHINKAI","og_description":"Shinkai\u2019s engineers have developed a pulverized coal conveying system. Inflatable cones, Including inflatable flutes and pipeline inflators.","og_url":"https:\/\/www.shinkaifilter.com\/fr\/solutions\/powder-fluidizing-and-processing\/","og_site_name":"SHINKAI","article_modified_time":"2022-01-30T14:55:20+00:00","og_image":[{"url":"https:\/\/www.shinkaifilter.com\/fr\/wp-content\/uploads\/2020\/10\/shinkaifiltr-7-1.jpg"}],"twitter_card":"summary_large_image","twitter_misc":{"Est. reading time":"2 minutes"},"schema":{"@context":"https:\/\/schema.org","@graph":[{"@type":"WebSite","@id":"https:\/\/www.shinkaifilter.com\/fr\/#website","url":"https:\/\/www.shinkaifilter.com\/fr\/","name":"SHINKAI","description":"Hot Gas Filtration, Gas Solid Separation Systems | Shinkai","potentialAction":[{"@type":"SearchAction","target":{"@type":"EntryPoint","urlTemplate":"https:\/\/www.shinkaifilter.com\/fr\/?s={search_term_string}"},"query-input":"required name=search_term_string"}],"inLanguage":"en-US"},{"@type":"ImageObject","@id":"https:\/\/www.shinkaifilter.com\/fr\/solutions\/powder-fluidizing-and-processing\/#primaryimage","inLanguage":"en-US","url":"https:\/\/www.shinkaifilter.com\/fr\/wp-content\/uploads\/2020\/10\/shinkaifiltr-7-1.jpg","contentUrl":"https:\/\/www.shinkaifilter.com\/fr\/wp-content\/uploads\/2020\/10\/shinkaifiltr-7-1.jpg","width":800,"height":414,"caption":"Sintered Metal Filter Elements, Filtration System Solutions"},{"@type":"WebPage","@id":"https:\/\/www.shinkaifilter.com\/fr\/solutions\/powder-fluidizing-and-processing\/#webpage","url":"https:\/\/www.shinkaifilter.com\/fr\/solutions\/powder-fluidizing-and-processing\/","name":"Powder Fluidization Technology, Powder Processing Solutions | SHINKAI","isPartOf":{"@id":"https:\/\/www.shinkaifilter.com\/fr\/#website"},"primaryImageOfPage":{"@id":"https:\/\/www.shinkaifilter.com\/fr\/solutions\/powder-fluidizing-and-processing\/#primaryimage"},"datePublished":"2020-10-18T14:45:34+00:00","dateModified":"2022-01-30T14:55:20+00:00","description":"Shinkai\u2019s engineers have developed a pulverized coal conveying system. Inflatable cones, Including inflatable flutes and pipeline inflators.","breadcrumb":{"@id":"https:\/\/www.shinkaifilter.com\/fr\/solutions\/powder-fluidizing-and-processing\/#breadcrumb"},"inLanguage":"en-US","potentialAction":[{"@type":"ReadAction","target":["https:\/\/www.shinkaifilter.com\/fr\/solutions\/powder-fluidizing-and-processing\/"]}]},{"@type":"BreadcrumbList","@id":"https:\/\/www.shinkaifilter.com\/fr\/solutions\/powder-fluidizing-and-processing\/#breadcrumb","itemListElement":[{"@type":"ListItem","position":1,"name":"Home","item":"https:\/\/www.shinkaifilter.com\/fr\/"},{"@type":"ListItem","position":2,"name":"Solutions","item":"https:\/\/www.shinkaifilter.com\/fr\/solutions\/"},{"@type":"ListItem","position":3,"name":"Fluidisation et traitement des poudres"}]}]}},"_links":{"self":[{"href":"https:\/\/www.shinkaifilter.com\/fr\/wp-json\/wp\/v2\/pages\/1395"}],"collection":[{"href":"https:\/\/www.shinkaifilter.com\/fr\/wp-json\/wp\/v2\/pages"}],"about":[{"href":"https:\/\/www.shinkaifilter.com\/fr\/wp-json\/wp\/v2\/types\/page"}],"author":[{"embeddable":true,"href":"https:\/\/www.shinkaifilter.com\/fr\/wp-json\/wp\/v2\/users\/1"}],"replies":[{"embeddable":true,"href":"https:\/\/www.shinkaifilter.com\/fr\/wp-json\/wp\/v2\/comments?post=1395"}],"version-history":[{"count":11,"href":"https:\/\/www.shinkaifilter.com\/fr\/wp-json\/wp\/v2\/pages\/1395\/revisions"}],"predecessor-version":[{"id":2435,"href":"https:\/\/www.shinkaifilter.com\/fr\/wp-json\/wp\/v2\/pages\/1395\/revisions\/2435"}],"up":[{"embeddable":true,"href":"https:\/\/www.shinkaifilter.com\/fr\/wp-json\/wp\/v2\/pages\/18"}],"wp:attachment":[{"href":"https:\/\/www.shinkaifilter.com\/fr\/wp-json\/wp\/v2\/media?parent=1395"}],"curies":[{"name":"wp","href":"https:\/\/api.w.org\/{rel}","templated":true}]}}