{"id":130,"date":"2020-09-28T05:03:20","date_gmt":"2020-09-28T05:03:20","guid":{"rendered":"https:\/\/www.inwings.net\/shinkai\/?page_id=130"},"modified":"2021-07-13T11:33:18","modified_gmt":"2021-07-13T11:33:18","slug":"sitemap","status":"publish","type":"page","link":"https:\/\/www.shinkaifilter.com\/fr\/sitemap\/","title":{"rendered":"Sitemap"},"content":{"rendered":"\t\t<div data-elementor-type=\"wp-page\" data-elementor-id=\"130\" class=\"elementor elementor-130\">\n\t\t\t\t\t\t<div class=\"elementor-inner\">\n\t\t\t\t<div class=\"elementor-section-wrap\">\n\t\t\t\t\t\t\t\t\t<section class=\"elementor-section elementor-top-section elementor-element elementor-element-a4769a2 elementor-section-stretched elementor-section-boxed elementor-section-height-default elementor-section-height-default\" data-id=\"a4769a2\" data-element_type=\"section\" data-settings=\"{&quot;stretch_section&quot;:&quot;section-stretched&quot;,&quot;background_background&quot;:&quot;classic&quot;}\">\n\t\t\t\t\t\t<div class=\"elementor-container elementor-column-gap-default\">\n\t\t\t\t\t\t\t<div class=\"elementor-row\">\n\t\t\t\t\t<div class=\"elementor-column elementor-col-100 elementor-top-column elementor-element elementor-element-f59e831\" data-id=\"f59e831\" data-element_type=\"column\">\n\t\t\t<div class=\"elementor-column-wrap elementor-element-populated\">\n\t\t\t\t\t\t\t<div class=\"elementor-widget-wrap\">\n\t\t\t\t\t\t\t\t<\/div>\n\t\t\t\t\t<\/div>\n\t\t<\/div>\n\t\t\t\t\t\t\t\t<\/div>\n\t\t\t\t\t<\/div>\n\t\t<\/section>\n\t\t\t\t<section class=\"elementor-section elementor-top-section elementor-element elementor-element-25c25c2 elementor-section-boxed elementor-section-height-default elementor-section-height-default\" data-id=\"25c25c2\" data-element_type=\"section\">\n\t\t\t\t\t\t<div class=\"elementor-container elementor-column-gap-default\">\n\t\t\t\t\t\t\t<div class=\"elementor-row\">\n\t\t\t\t\t<div class=\"elementor-column elementor-col-100 elementor-top-column elementor-element elementor-element-a318d28\" data-id=\"a318d28\" data-element_type=\"column\">\n\t\t\t<div class=\"elementor-column-wrap elementor-element-populated\">\n\t\t\t\t\t\t\t<div class=\"elementor-widget-wrap\">\n\t\t\t\t\t\t<div class=\"elementor-element elementor-element-8c70d41 elementor-widget elementor-widget-shortcode\" data-id=\"8c70d41\" data-element_type=\"widget\" data-widget_type=\"shortcode.default\">\n\t\t\t\t<div class=\"elementor-widget-container\">\n\t\t\t\t\t<div class=\"elementor-shortcode\">\n<!-- Page-list plugin v.5.7 wordpress.org\/plugins\/page-list\/ -->\n<ul class=\"page-list \">\n<li class=\"page_item page-item-20 page_item_has_children\"><a href=\"https:\/\/www.shinkaifilter.com\/fr\/applications\/\">Applications<\/a>\n<ul class='children'>\n\t<li class=\"page_item page-item-476\"><a href=\"https:\/\/www.shinkaifilter.com\/fr\/applications\/aerospace-defense\/\">Aerospace &#038; Defense<\/a><\/li>\n\t<li class=\"page_item page-item-482\"><a href=\"https:\/\/www.shinkaifilter.com\/fr\/applications\/coal-chemical\/\">Coal Chemical<\/a><\/li>\n\t<li class=\"page_item page-item-472\"><a href=\"https:\/\/www.shinkaifilter.com\/fr\/applications\/fine-chemical\/\">Fine Chemical<\/a><\/li>\n\t<li class=\"page_item page-item-486\"><a href=\"https:\/\/www.shinkaifilter.com\/fr\/applications\/food-and-beverage\/\">Food and Beverage<\/a><\/li>\n\t<li class=\"page_item page-item-478\"><a href=\"https:\/\/www.shinkaifilter.com\/fr\/applications\/instrument\/\">Instrument<\/a><\/li>\n\t<li class=\"page_item page-item-484\"><a href=\"https:\/\/www.shinkaifilter.com\/fr\/applications\/lithium-battery-new-energy\/\">Lithium Battery New Energy<\/a><\/li>\n\t<li class=\"page_item page-item-474\"><a href=\"https:\/\/www.shinkaifilter.com\/fr\/applications\/petrochemical\/\">Petrochemical<\/a><\/li>\n\t<li class=\"page_item page-item-480\"><a href=\"https:\/\/www.shinkaifilter.com\/fr\/applications\/silicon\/\">Silicon<\/a><\/li>\n<\/ul>\n<\/li>\n<li class=\"page_item page-item-13\"><a href=\"https:\/\/www.shinkaifilter.com\/fr\/company\/\">Company<\/a><\/li>\n<li class=\"page_item page-item-30 current_page_parent\"><a href=\"https:\/\/www.shinkaifilter.com\/fr\/insights\/\">Connaissances<\/a><\/li>\n<li class=\"page_item page-item-11\"><a href=\"https:\/\/www.shinkaifilter.com\/fr\/contact-us\/\">Contact Us<\/a><\/li>\n<li class=\"page_item page-item-126\"><a href=\"https:\/\/www.shinkaifilter.com\/fr\/do-not-sell-my-personal-information\/\">Do Not Sell My Personal Information<\/a><\/li>\n<li class=\"page_item page-item-17\"><a href=\"https:\/\/www.shinkaifilter.com\/fr\/events\/\">\u00c9v\u00e9nements<\/a><\/li>\n<li class=\"page_item page-item-1693\"><a href=\"https:\/\/www.shinkaifilter.com\/fr\/porous-metal-filters-sintered-metal-filter-manufacturers-and-suppliers\/\">Filtres en m\u00e9tal poreux et fabricants et fournisseurs de filtres en m\u00e9tal fritt\u00e9<\/a><\/li>\n<li class=\"page_item page-item-9\"><a href=\"https:\/\/www.shinkaifilter.com\/fr\/\">Home<\/a><\/li>\n<li class=\"page_item page-item-1708\"><a href=\"https:\/\/www.shinkaifilter.com\/fr\/liquid-solid-filtration-system-gas-solid-filtration-system-manufacturers-and-suppliers\/\">Liquid-solid Filtration System &#038; Gas-solid Filtration System Manufacturers and Suppliers<\/a><\/li>\n<li class=\"page_item page-item-16\"><a href=\"https:\/\/www.shinkaifilter.com\/fr\/partners\/\">Partners<\/a><\/li>\n<li class=\"page_item page-item-3\"><a href=\"https:\/\/www.shinkaifilter.com\/fr\/privacy-policy\/\">Privacy Policy<\/a><\/li>\n<li class=\"page_item page-item-19 page_item_has_children\"><a href=\"https:\/\/www.shinkaifilter.com\/fr\/products\/\">Products<\/a>\n<ul class='children'>\n\t<li class=\"page_item page-item-365 page_item_has_children\"><a href=\"https:\/\/www.shinkaifilter.com\/fr\/products\/flow-restrictors-2\/\">Flow Restrictors<\/a>\n\t<ul class='children'>\n\t\t<li class=\"page_item page-item-350\"><a href=\"https:\/\/www.shinkaifilter.com\/fr\/products\/flow-restrictors-2\/flow-restrictors\/\">Flow Restrictors<\/a><\/li>\n\t<\/ul>\n<\/li>\n\t<li class=\"page_item page-item-359 page_item_has_children\"><a href=\"https:\/\/www.shinkaifilter.com\/fr\/products\/gas-solid-filtration-system\/\">Gas-solid Filtration System<\/a>\n\t<ul class='children'>\n\t\t<li class=\"page_item page-item-1552\"><a href=\"https:\/\/www.shinkaifilter.com\/fr\/products\/gas-solid-filtration-system\/high-purity-filters-in-semiconductor\/\">High Purity Filters in Semiconductor<\/a><\/li>\n\t\t<li class=\"page_item page-item-336\"><a href=\"https:\/\/www.shinkaifilter.com\/fr\/products\/gas-solid-filtration-system\/hot-gas-filtration-with-venturi-pulse-blowback\/\">Hot Gas Filtration with Venturi Pulse Blowback<\/a><\/li>\n\t\t<li class=\"page_item page-item-330\"><a href=\"https:\/\/www.shinkaifilter.com\/fr\/products\/gas-solid-filtration-system\/pressurized-blowback-filtration-system\/\">Pressurized Blowback Filtration System<\/a><\/li>\n\t<\/ul>\n<\/li>\n\t<li class=\"page_item page-item-357 page_item_has_children\"><a href=\"https:\/\/www.shinkaifilter.com\/fr\/products\/liquid-solid-filtration-system\/\">Liquid-solid Filtration System<\/a>\n\t<ul class='children'>\n\t\t<li class=\"page_item page-item-318\"><a href=\"https:\/\/www.shinkaifilter.com\/fr\/products\/liquid-solid-filtration-system\/automatic-cleaning-filtration-system-with-backwashing\/\">Automatic Cleaning Filtration System with Backwashing<\/a><\/li>\n\t\t<li class=\"page_item page-item-313\"><a href=\"https:\/\/www.shinkaifilter.com\/fr\/products\/liquid-solid-filtration-system\/catalyst-filter\/\">Catalyst Filter<\/a><\/li>\n\t\t<li class=\"page_item page-item-326\"><a href=\"https:\/\/www.shinkaifilter.com\/fr\/products\/liquid-solid-filtration-system\/cross-flow-filter-system\/\">Cross Flow Filter System<\/a><\/li>\n\t\t<li class=\"page_item page-item-322\"><a href=\"https:\/\/www.shinkaifilter.com\/fr\/products\/liquid-solid-filtration-system\/dead-end-filtration-system\/\">Dead End Filtration System<\/a><\/li>\n\t<\/ul>\n<\/li>\n\t<li class=\"page_item page-item-361 page_item_has_children\"><a href=\"https:\/\/www.shinkaifilter.com\/fr\/products\/powder-fluidizing-and-handling\/\">Powder Fluidized<\/a>\n\t<ul class='children'>\n\t\t<li class=\"page_item page-item-340\"><a href=\"https:\/\/www.shinkaifilter.com\/fr\/products\/powder-fluidizing-and-handling\/porous-metal-fluidizers-with-stainless-steel-for-handling-and-processing\/\">Porous Metal Fluidizers with Stainless Steel for Handling and Processing<\/a><\/li>\n\t<\/ul>\n<\/li>\n\t<li class=\"page_item page-item-355 page_item_has_children\"><a href=\"https:\/\/www.shinkaifilter.com\/fr\/products\/sinter-metal-filter-elements-2\/\">Sinter Metal Filter Elements<\/a>\n\t<ul class='children'>\n\t\t<li class=\"page_item page-item-293\"><a href=\"https:\/\/www.shinkaifilter.com\/fr\/products\/sinter-metal-filter-elements-2\/asymmetric-sinter-porous-metal-filter-membrane\/\">Asymmetric Sinter Porous Metal Filter Membrane<\/a><\/li>\n\t\t<li class=\"page_item page-item-297\"><a href=\"https:\/\/www.shinkaifilter.com\/fr\/products\/sinter-metal-filter-elements-2\/porous-sinter-metal-elements-disc-sheet-plate-cone\/\">Porous Sinter Metal Elements-Disc, Sheet, Plate, Cone<\/a><\/li>\n\t\t<li class=\"page_item page-item-309\"><a href=\"https:\/\/www.shinkaifilter.com\/fr\/products\/sinter-metal-filter-elements-2\/sinter-metal-fiber-felt-filter-cartridge\/\">Sinter Metal Fiber Felt Filter Cartridge<\/a><\/li>\n\t\t<li class=\"page_item page-item-302\"><a href=\"https:\/\/www.shinkaifilter.com\/fr\/products\/sinter-metal-filter-elements-2\/sinter-metal-ultrafine-filter-tube\/\">Sinter Metal Ultrafine Filter Tube<\/a><\/li>\n\t\t<li class=\"page_item page-item-305\"><a href=\"https:\/\/www.shinkaifilter.com\/fr\/products\/sinter-metal-filter-elements-2\/sinter-metal-wire-mesh-filter-elements\/\">Sinter Metal Wire Mesh Filter Elements<\/a><\/li>\n\t\t<li class=\"page_item page-item-264\"><a href=\"https:\/\/www.shinkaifilter.com\/fr\/products\/sinter-metal-filter-elements-2\/sinter-metal-filter-elements\/\">Sinter Powder Metal Filter Cartridge<\/a><\/li>\n\t<\/ul>\n<\/li>\n\t<li class=\"page_item page-item-363 page_item_has_children\"><a href=\"https:\/\/www.shinkaifilter.com\/fr\/products\/sintered-metal-sparger\/\">Sintered Metal Sparger<\/a>\n\t<ul class='children'>\n\t\t<li class=\"page_item page-item-345\"><a href=\"https:\/\/www.shinkaifilter.com\/fr\/products\/sintered-metal-sparger\/sintered-metal-sparger-for-fermentation-tank-stainless-steel\/\">Sintered Metal Sparger for Fermentation Tank Stainless Steel<\/a><\/li>\n\t<\/ul>\n<\/li>\n<\/ul>\n<\/li>\n<li class=\"page_item page-item-21 page_item_has_children\"><a href=\"https:\/\/www.shinkaifilter.com\/fr\/resources\/\">Resources<\/a>\n<ul class='children'>\n\t<li class=\"page_item page-item-614\"><a href=\"https:\/\/www.shinkaifilter.com\/fr\/resources\/catalogs-download\/\">Catalogs Download<\/a><\/li>\n\t<li class=\"page_item page-item-612\"><a href=\"https:\/\/www.shinkaifilter.com\/fr\/resources\/parameter-form-download\/\">Parameter Form Download<\/a><\/li>\n\t<li class=\"page_item page-item-616\"><a href=\"https:\/\/www.shinkaifilter.com\/fr\/resources\/shinkai-newsletter\/\">SHINKAI Newsletter<\/a><\/li>\n<\/ul>\n<\/li>\n<li class=\"page_item page-item-2\"><a href=\"https:\/\/www.shinkaifilter.com\/fr\/sample-page\/\">Sample Page<\/a><\/li>\n<li class=\"page_item page-item-29\"><a href=\"https:\/\/www.shinkaifilter.com\/fr\/samples\/\">Samples<\/a><\/li>\n<li class=\"page_item page-item-130\"><a href=\"https:\/\/www.shinkaifilter.com\/fr\/sitemap\/\">Sitemap<\/a><\/li>\n<li class=\"page_item page-item-18 page_item_has_children\"><a href=\"https:\/\/www.shinkaifilter.com\/fr\/solutions\/\">Solutions<\/a>\n<ul class='children'>\n\t<li class=\"page_item page-item-1402\"><a href=\"https:\/\/www.shinkaifilter.com\/fr\/solutions\/gas-sparging\/\">Barbotage de gaz<\/a><\/li>\n\t<li class=\"page_item page-item-207\"><a href=\"https:\/\/www.shinkaifilter.com\/fr\/solutions\/catalyst-filtration-and-separation-system\/\">Catalyst Filtration and Separation System<\/a><\/li>\n\t<li class=\"page_item page-item-203\"><a href=\"https:\/\/www.shinkaifilter.com\/fr\/solutions\/cross-flow-filtration-system\/\">Cross-Flow Filtration System<\/a><\/li>\n\t<li class=\"page_item page-item-1395\"><a href=\"https:\/\/www.shinkaifilter.com\/fr\/solutions\/powder-fluidizing-and-processing\/\">Fluidisation et traitement des poudres<\/a><\/li>\n\t<li class=\"page_item page-item-188\"><a href=\"https:\/\/www.shinkaifilter.com\/fr\/solutions\/hot-gas-dedusting-system\/\">Hot Gas Dedusting System<\/a><\/li>\n\t<li class=\"page_item page-item-1381\"><a href=\"https:\/\/www.shinkaifilter.com\/fr\/solutions\/liquid-solid-separation\/\">Liquid-solid Separation<\/a><\/li>\n\t<li class=\"page_item page-item-1388\"><a href=\"https:\/\/www.shinkaifilter.com\/fr\/solutions\/gas-solid-separation\/\">S\u00e9paration gaz-solide<\/a><\/li>\n<\/ul>\n<\/li>\n<li class=\"page_item page-item-124\"><a href=\"https:\/\/www.shinkaifilter.com\/fr\/standard-terms-and-conditions\/\">Standard Terms and Conditions<\/a><\/li>\n<li class=\"page_item page-item-122\"><a href=\"https:\/\/www.shinkaifilter.com\/fr\/trademarks\/\">Trademarks<\/a><\/li>\n<li class=\"page_item page-item-120\"><a href=\"https:\/\/www.shinkaifilter.com\/fr\/tradeshows-events\/\">Tradeshows &#038; Events<\/a><\/li>\n<li class=\"page_item page-item-735\"><a href=\"https:\/\/www.shinkaifilter.com\/fr\/video\/\">Video<\/a><\/li>\n<li class=\"page_item page-item-128\"><a href=\"https:\/\/www.shinkaifilter.com\/fr\/zeus-exchange-panel\/\">Zeus Exchange Panel<\/a><\/li>\n\n<\/ul><\/div>\n\t\t\t\t<\/div>\n\t\t\t\t<\/div>\n\t\t\t\t\t\t<\/div>\n\t\t\t\t\t<\/div>\n\t\t<\/div>\n\t\t\t\t\t\t\t\t<\/div>\n\t\t\t\t\t<\/div>\n\t\t<\/section>\n\t\t\t\t\t\t\t\t\t<\/div>\n\t\t\t<\/div>\n\t\t\t\t\t<\/div>\n\t\t","protected":false},"excerpt":{"rendered":"","protected":false},"author":1,"featured_media":0,"parent":0,"menu_order":0,"comment_status":"closed","ping_status":"closed","template":"elementor_header_footer","meta":[],"yoast_head":"<!-- This site is optimized with the Yoast SEO plugin v18.6 - https:\/\/yoast.com\/wordpress\/plugins\/seo\/ -->\n<title>Sitemap - SHINKAI<\/title>\n<meta name=\"robots\" content=\"index, follow, max-snippet:-1, max-image-preview:large, max-video-preview:-1\" \/>\n<link rel=\"canonical\" href=\"https:\/\/www.shinkaifilter.com\/fr\/sitemap\/\" \/>\n<meta property=\"og:locale\" content=\"en_US\" \/>\n<meta property=\"og:type\" content=\"article\" \/>\n<meta property=\"og:title\" content=\"Sitemap - SHINKAI\" \/>\n<meta property=\"og:url\" content=\"https:\/\/www.shinkaifilter.com\/fr\/sitemap\/\" \/>\n<meta property=\"og:site_name\" content=\"SHINKAI\" \/>\n<meta property=\"article:modified_time\" content=\"2021-07-13T11:33:18+00:00\" \/>\n<meta name=\"twitter:card\" content=\"summary_large_image\" \/>\n<script type=\"application\/ld+json\" class=\"yoast-schema-graph\">{\"@context\":\"https:\/\/schema.org\",\"@graph\":[{\"@type\":\"WebSite\",\"@id\":\"https:\/\/www.shinkaifilter.com\/fr\/#website\",\"url\":\"https:\/\/www.shinkaifilter.com\/fr\/\",\"name\":\"SHINKAI\",\"description\":\"Hot Gas Filtration, Gas Solid Separation Systems | Shinkai\",\"potentialAction\":[{\"@type\":\"SearchAction\",\"target\":{\"@type\":\"EntryPoint\",\"urlTemplate\":\"https:\/\/www.shinkaifilter.com\/fr\/?s={search_term_string}\"},\"query-input\":\"required name=search_term_string\"}],\"inLanguage\":\"en-US\"},{\"@type\":\"WebPage\",\"@id\":\"https:\/\/www.shinkaifilter.com\/fr\/sitemap\/#webpage\",\"url\":\"https:\/\/www.shinkaifilter.com\/fr\/sitemap\/\",\"name\":\"Sitemap - SHINKAI\",\"isPartOf\":{\"@id\":\"https:\/\/www.shinkaifilter.com\/fr\/#website\"},\"datePublished\":\"2020-09-28T05:03:20+00:00\",\"dateModified\":\"2021-07-13T11:33:18+00:00\",\"breadcrumb\":{\"@id\":\"https:\/\/www.shinkaifilter.com\/fr\/sitemap\/#breadcrumb\"},\"inLanguage\":\"en-US\",\"potentialAction\":[{\"@type\":\"ReadAction\",\"target\":[\"https:\/\/www.shinkaifilter.com\/fr\/sitemap\/\"]}]},{\"@type\":\"BreadcrumbList\",\"@id\":\"https:\/\/www.shinkaifilter.com\/fr\/sitemap\/#breadcrumb\",\"itemListElement\":[{\"@type\":\"ListItem\",\"position\":1,\"name\":\"Home\",\"item\":\"https:\/\/www.shinkaifilter.com\/fr\/\"},{\"@type\":\"ListItem\",\"position\":2,\"name\":\"Sitemap\"}]}]}<\/script>\n<!-- \/ Yoast SEO plugin. -->","yoast_head_json":{"title":"Sitemap - SHINKAI","robots":{"index":"index","follow":"follow","max-snippet":"max-snippet:-1","max-image-preview":"max-image-preview:large","max-video-preview":"max-video-preview:-1"},"canonical":"https:\/\/www.shinkaifilter.com\/fr\/sitemap\/","og_locale":"en_US","og_type":"article","og_title":"Sitemap - SHINKAI","og_url":"https:\/\/www.shinkaifilter.com\/fr\/sitemap\/","og_site_name":"SHINKAI","article_modified_time":"2021-07-13T11:33:18+00:00","twitter_card":"summary_large_image","schema":{"@context":"https:\/\/schema.org","@graph":[{"@type":"WebSite","@id":"https:\/\/www.shinkaifilter.com\/fr\/#website","url":"https:\/\/www.shinkaifilter.com\/fr\/","name":"SHINKAI","description":"Hot Gas Filtration, Gas Solid Separation Systems | Shinkai","potentialAction":[{"@type":"SearchAction","target":{"@type":"EntryPoint","urlTemplate":"https:\/\/www.shinkaifilter.com\/fr\/?s={search_term_string}"},"query-input":"required name=search_term_string"}],"inLanguage":"en-US"},{"@type":"WebPage","@id":"https:\/\/www.shinkaifilter.com\/fr\/sitemap\/#webpage","url":"https:\/\/www.shinkaifilter.com\/fr\/sitemap\/","name":"Sitemap - SHINKAI","isPartOf":{"@id":"https:\/\/www.shinkaifilter.com\/fr\/#website"},"datePublished":"2020-09-28T05:03:20+00:00","dateModified":"2021-07-13T11:33:18+00:00","breadcrumb":{"@id":"https:\/\/www.shinkaifilter.com\/fr\/sitemap\/#breadcrumb"},"inLanguage":"en-US","potentialAction":[{"@type":"ReadAction","target":["https:\/\/www.shinkaifilter.com\/fr\/sitemap\/"]}]},{"@type":"BreadcrumbList","@id":"https:\/\/www.shinkaifilter.com\/fr\/sitemap\/#breadcrumb","itemListElement":[{"@type":"ListItem","position":1,"name":"Home","item":"https:\/\/www.shinkaifilter.com\/fr\/"},{"@type":"ListItem","position":2,"name":"Sitemap"}]}]}},"_links":{"self":[{"href":"https:\/\/www.shinkaifilter.com\/fr\/wp-json\/wp\/v2\/pages\/130"}],"collection":[{"href":"https:\/\/www.shinkaifilter.com\/fr\/wp-json\/wp\/v2\/pages"}],"about":[{"href":"https:\/\/www.shinkaifilter.com\/fr\/wp-json\/wp\/v2\/types\/page"}],"author":[{"embeddable":true,"href":"https:\/\/www.shinkaifilter.com\/fr\/wp-json\/wp\/v2\/users\/1"}],"replies":[{"embeddable":true,"href":"https:\/\/www.shinkaifilter.com\/fr\/wp-json\/wp\/v2\/comments?post=130"}],"version-history":[{"count":2,"href":"https:\/\/www.shinkaifilter.com\/fr\/wp-json\/wp\/v2\/pages\/130\/revisions"}],"predecessor-version":[{"id":678,"href":"https:\/\/www.shinkaifilter.com\/fr\/wp-json\/wp\/v2\/pages\/130\/revisions\/678"}],"wp:attachment":[{"href":"https:\/\/www.shinkaifilter.com\/fr\/wp-json\/wp\/v2\/media?parent=130"}],"curies":[{"name":"wp","href":"https:\/\/api.w.org\/{rel}","templated":true}]}}