{"id":124,"date":"2020-09-28T05:01:30","date_gmt":"2020-09-28T05:01:30","guid":{"rendered":"https:\/\/www.inwings.net\/shinkai\/?page_id=124"},"modified":"2022-01-29T15:07:40","modified_gmt":"2022-01-29T15:07:40","slug":"standard-terms-and-conditions","status":"publish","type":"page","link":"https:\/\/www.shinkaifilter.com\/fr\/standard-terms-and-conditions\/","title":{"rendered":"Standard Terms and Conditions"},"content":{"rendered":"\t\t<div data-elementor-type=\"wp-page\" data-elementor-id=\"124\" class=\"elementor elementor-124\">\n\t\t\t\t\t\t<div class=\"elementor-inner\">\n\t\t\t\t<div class=\"elementor-section-wrap\">\n\t\t\t\t\t\t\t\t\t<section class=\"elementor-section elementor-top-section elementor-element elementor-element-e71e184 elementor-section-stretched elementor-section-boxed elementor-section-height-default elementor-section-height-default\" data-id=\"e71e184\" data-element_type=\"section\" data-settings=\"{&quot;stretch_section&quot;:&quot;section-stretched&quot;,&quot;background_background&quot;:&quot;classic&quot;}\">\n\t\t\t\t\t\t<div class=\"elementor-container elementor-column-gap-default\">\n\t\t\t\t\t\t\t<div class=\"elementor-row\">\n\t\t\t\t\t<div class=\"elementor-column elementor-col-100 elementor-top-column elementor-element elementor-element-9e27994\" data-id=\"9e27994\" data-element_type=\"column\">\n\t\t\t<div class=\"elementor-column-wrap elementor-element-populated\">\n\t\t\t\t\t\t\t<div class=\"elementor-widget-wrap\">\n\t\t\t\t\t\t<div class=\"elementor-element elementor-element-7c77ca0 elementor-widget elementor-widget-heading\" data-id=\"7c77ca0\" data-element_type=\"widget\" data-widget_type=\"heading.default\">\n\t\t\t\t<div class=\"elementor-widget-container\">\n\t\t\t<h1 class=\"elementor-heading-title elementor-size-default\">Standard Terms and Conditions<\/h1>\t\t<\/div>\n\t\t\t\t<\/div>\n\t\t\t\t\t\t<\/div>\n\t\t\t\t\t<\/div>\n\t\t<\/div>\n\t\t\t\t\t\t\t\t<\/div>\n\t\t\t\t\t<\/div>\n\t\t<\/section>\n\t\t\t\t<section class=\"elementor-section elementor-top-section elementor-element elementor-element-a1fad13 elementor-section-boxed elementor-section-height-default elementor-section-height-default\" data-id=\"a1fad13\" data-element_type=\"section\">\n\t\t\t\t\t\t<div class=\"elementor-container elementor-column-gap-default\">\n\t\t\t\t\t\t\t<div class=\"elementor-row\">\n\t\t\t\t\t<div class=\"elementor-column elementor-col-100 elementor-top-column elementor-element elementor-element-0ea0f2b\" data-id=\"0ea0f2b\" data-element_type=\"column\">\n\t\t\t<div class=\"elementor-column-wrap elementor-element-populated\">\n\t\t\t\t\t\t\t<div class=\"elementor-widget-wrap\">\n\t\t\t\t\t\t<section class=\"elementor-section elementor-inner-section elementor-element elementor-element-512bc5f elementor-section-boxed elementor-section-height-default elementor-section-height-default\" data-id=\"512bc5f\" data-element_type=\"section\">\n\t\t\t\t\t\t<div class=\"elementor-container elementor-column-gap-default\">\n\t\t\t\t\t\t\t<div class=\"elementor-row\">\n\t\t\t\t\t<div class=\"elementor-column elementor-col-50 elementor-inner-column elementor-element elementor-element-8e4195a\" data-id=\"8e4195a\" data-element_type=\"column\">\n\t\t\t<div class=\"elementor-column-wrap elementor-element-populated\">\n\t\t\t\t\t\t\t<div class=\"elementor-widget-wrap\">\n\t\t\t\t\t\t<div class=\"elementor-element elementor-element-a0c5b61 elementor-widget elementor-widget-heading\" data-id=\"a0c5b61\" data-element_type=\"widget\" data-widget_type=\"heading.default\">\n\t\t\t\t<div class=\"elementor-widget-container\">\n\t\t\t<h2 class=\"elementor-heading-title elementor-size-default\">Termes et conditions standard<\/h2>\t\t<\/div>\n\t\t\t\t<\/div>\n\t\t\t\t<div class=\"elementor-element elementor-element-46d89aa elementor-widget elementor-widget-text-editor\" data-id=\"46d89aa\" data-element_type=\"widget\" data-widget_type=\"text-editor.default\">\n\t\t\t\t<div class=\"elementor-widget-container\">\n\t\t\t\t\t\t\t\t<div class=\"elementor-text-editor elementor-clearfix\">\n\t\t\t\t<p>&#8220;Termes et conditions standard<br>\nBienvenue sur shinkaifilter.com. Ces conditions d&#8217;utilisation s&#8217;appliquent \u00e0 ce site Web et \u00e0 son application mobile (collectivement, le \u00ab&nbsp;Site&nbsp;\u00bb). Tel qu&#8217;utilis\u00e9 dans les pr\u00e9sentes conditions d&#8217;utilisation, \u00ab&nbsp;nous&nbsp;\u00bb  fait r\u00e9f\u00e9rence \u00e0 SHINKAI.<\/p>\n<p>Nous mettons le Site et les produits et services que nous y proposons \u00e0 votre disposition sous r\u00e9serve des pr\u00e9sentes Conditions d&#8217;utilisation. En utilisant le site, vous acceptez ces conditions d&#8217;utilisation et toutes les modifications que nous y apportons de temps \u00e0 autre. Vous pouvez consulter la version la plus r\u00e9cente de ces conditions d&#8217;utilisation \u00e0 tout moment en cliquant sur le lien Conditions d&#8217;utilisation dans le pied de page de n&#8217;importe quelle page du site.<\/p>\n<p>Lisez attentivement et compl\u00e8tement ces conditions d&#8217;utilisation. Ils d\u00e9crivent nos droits concernant le Site et vos droits et obligations concernant votre utilisation du Site. N&#8217;utilisez pas le Site si vous ne souhaitez pas accepter ces Conditions d&#8217;utilisation.<\/p>\n<p>Nous pouvons modifier le Site et les produits et services que nous y proposons.<br>\nNous pouvons apporter des modifications au site et aux produits et services que nous proposons de temps \u00e0 autre. Nous avons le droit, mais non l&#8217;obligation, de prendre l&#8217;une des mesures suivantes \u00e0 notre seule discr\u00e9tion sans vous en informer au pr\u00e9alable&nbsp;:<\/p>\n<p>modifier ou r\u00e9silier tout ou partie des produits et services que nous proposons sur le Site&nbsp;;<br>\nrestreindre ou r\u00e9silier votre acc\u00e8s \u00e0 tout ou partie du Site ou aux produits et services que nous y proposons&nbsp;;supprimer tout contenu du site et ne pas publier ou supprimer tout \u00e9l\u00e9ment que vous soumettez au site&nbsp;; ou modifier ces conditions d&#8217;utilisation.<br>\nNous avons le droit de d\u00e9terminer qui peut utiliser le Site.<br>\nVous devez avoir 13 ans ou plus pour utiliser le Site. Si vous n&#8217;avez pas au moins 13 ans, n&#8217;utilisez pas le Site. De plus, nous nous r\u00e9servons le droit de refuser l&#8217;acc\u00e8s ou l&#8217;utilisation du site et des produits et services que nous y proposons \u00e0 quiconque \u00e0 tout moment et \u00e0 notre seule et absolue discr\u00e9tion.<\/p>\n<p>Vous disposez d&#8217;un droit limit\u00e9 d&#8217;utilisation du Site.<br>\n\u00c0 condition que vous vous conformiez \u00e0 toutes vos obligations en vertu des pr\u00e9sentes conditions d&#8217;utilisation, nous vous accordons une licence limit\u00e9e, r\u00e9vocable, non exclusive, non cessible et non sous-licenciable et le droit d&#8217;acc\u00e9der au site via un navigateur Web ou un appareil mobile g\u00e9n\u00e9ralement disponible pour afficher le contenu et les informations. et autrement utiliser le Site conform\u00e9ment \u00e0 ses fonctionnalit\u00e9s et conform\u00e9ment aux pr\u00e9sentes conditions d&#8217;utilisation. Toute autre utilisation du Site est strictement interdite et constitue une violation des pr\u00e9sentes conditions d&#8217;utilisation. Tout le contenu inclus sur le Site, tel que le texte, les graphiques, les logos, les images, les vid\u00e9os, les donn\u00e9es et tout autre mat\u00e9riel (collectivement le \u00ab&nbsp;Contenu&nbsp;\u00bb) est notre propri\u00e9t\u00e9 ou sous licence et est prot\u00e9g\u00e9 par le droit d&#8217;auteur, une marque de commerce, un brevet ou d&#8217;autres droits de propri\u00e9t\u00e9. . La collecte, l&#8217;arrangement et l&#8217;assemblage de tout le contenu du site sont la propri\u00e9t\u00e9 exclusive de SHINKAI et sont prot\u00e9g\u00e9s par les lois am\u00e9ricaines et internationales sur le droit d&#8217;auteur. Nous nous r\u00e9servons express\u00e9ment tous les droits de propri\u00e9t\u00e9 intellectuelle sur tout le Contenu.<\/p>\n<p>Vous ne pouvez pas utiliser le Site \u00e0 des fins inappropri\u00e9es.<br>\nQue ce soit en votre nom ou au nom d&#8217;un tiers, VOUS NE POUVEZ PAS&nbsp;:<br>\nfaire un quelconque usage commercial du Site ou de son Contenu&nbsp;;<br>\nutiliser ou tenter d&#8217;utiliser tout moteur, logiciel, outil, agent ou autre dispositif ou m\u00e9canisme (y compris les navigateurs, les araign\u00e9es, les robots ou les agents intelligents) pour naviguer ou rechercher sur le Site autre que le moteur de recherche et les agents de recherche mis \u00e0 disposition sur le Site ou des navigateurs g\u00e9n\u00e9ralement accessibles au public&nbsp;;<br>\nencadrer, refl\u00e9ter ou utiliser des techniques de cadrage sur n&#8217;importe quelle partie du site sans notre consentement \u00e9crit pr\u00e9alable expr\u00e8s&nbsp;;<br>\nutiliser des outils d&#8217;extraction de donn\u00e9es, de grattage, d&#8217;extraction ou d&#8217;autres outils de collecte de donn\u00e9es, ou cr\u00e9er une base de donn\u00e9es en t\u00e9l\u00e9chargeant ou en stockant syst\u00e9matiquement le contenu du site, ou autrement gratter, collecter, stocker ou utiliser tout contenu, listes de produits, descriptions, prix ou images, sauf en vertu de la licence limit\u00e9e accord\u00e9e par les pr\u00e9sentes conditions d&#8217;utilisation&nbsp;;<br>\nutiliser des balises m\u00e9ta ou tout autre texte cach\u00e9 utilisant des noms ou des marques utilis\u00e9s ou affich\u00e9s sur le site&nbsp;;<br>\nd\u00e9former l&#8217;identit\u00e9 d&#8217;un utilisateur, usurper l&#8217;identit\u00e9 de toute personne ou entit\u00e9, d\u00e9clarer faussement ou d\u00e9former votre affiliation avec toute personne ou entit\u00e9 en relation avec le Site, ou exprimer ou laisser entendre que nous approuvons toute d\u00e9claration que vous faites&nbsp;;<br>\nmener des activit\u00e9s frauduleuses sur le Site&nbsp;;<br>\nvioler ou tenter de violer la s\u00e9curit\u00e9 du Site, y compris, sans limitation : (i) acc\u00e9der \u00e0 des donn\u00e9es qui ne vous sont pas destin\u00e9es ou vous connecter \u00e0 un serveur ou \u00e0 un compte auquel vous n&#8217;\u00eates pas autoris\u00e9 \u00e0 acc\u00e9der ; (ii) tenter d&#8217;interf\u00e9rer avec le service \u00e0 tout utilisateur, h\u00f4te ou r\u00e9seau, y compris, sans s&#8217;y limiter, par le biais de la soumission de logiciels malveillants sur le site, surcharge, \u00ab&nbsp;inondation&nbsp;\u00bb, \u00ab&nbsp;spam&nbsp;\u00bb, \u00ab&nbsp;bombardement postal&nbsp;\u00bb ou \u00ab&nbsp;plantage&nbsp;\u00bb&nbsp;; (iii) falsifier tout en-t\u00eate ou toute partie des informations d&#8217;en-t\u00eate dans un e-mail ou une publication&nbsp;; ou (iv) falsifier des communications au nom du Site (usurpant l&#8217;identit\u00e9 du Site) ou vers le Site (usurpant l&#8217;identit\u00e9 d&#8217;un autre utilisateur)&nbsp;;<br>\nutiliser le Site pour diffamer, abuser, harceler, traquer, menacer ou violer de toute autre mani\u00e8re les&#8221;<\/p>\t\t\t\t\t<\/div>\n\t\t\t\t\t\t<\/div>\n\t\t\t\t<\/div>\n\t\t\t\t\t\t<\/div>\n\t\t\t\t\t<\/div>\n\t\t<\/div>\n\t\t\t\t<div class=\"elementor-column elementor-col-50 elementor-inner-column elementor-element elementor-element-287b83e\" data-id=\"287b83e\" data-element_type=\"column\">\n\t\t\t<div class=\"elementor-column-wrap elementor-element-populated\">\n\t\t\t\t\t\t\t<div class=\"elementor-widget-wrap\">\n\t\t\t\t\t\t<div class=\"elementor-element elementor-element-eea1929 elementor-widget elementor-widget-heading\" data-id=\"eea1929\" data-element_type=\"widget\" data-widget_type=\"heading.default\">\n\t\t\t\t<div class=\"elementor-widget-container\">\n\t\t\t<h2 class=\"elementor-heading-title elementor-size-default\">\u00c0 PROPOS DE NOUS\n<\/h2>\t\t<\/div>\n\t\t\t\t<\/div>\n\t\t\t\t<div class=\"elementor-element elementor-element-3d8ca1f elementor-widget elementor-widget-ppm-menu\" data-id=\"3d8ca1f\" data-element_type=\"widget\" data-widget_type=\"ppm-menu.default\">\n\t\t\t\t<div class=\"elementor-widget-container\">\n\t\t\t<div class=\"special-nav\">\n            <h3 class=\"special-nav-menu-title\">COMPANY<\/h3>\n            <div class=\"menu-company-menu-container\"><ul id=\"menu-company-menu\" class=\"menu\"><li id=\"menu-item-639\" class=\"menu-item menu-item-type-post_type menu-item-object-page menu-item-639\"><a href=\"https:\/\/www.shinkaifilter.com\/fr\/contact-us\/\">Nous contacter<\/a><\/li>\n<li id=\"menu-item-640\" class=\"menu-item menu-item-type-post_type menu-item-object-page menu-item-640\"><a href=\"https:\/\/www.shinkaifilter.com\/fr\/standard-terms-and-conditions\/\">Termes et conditions standard<\/a><\/li>\n<li id=\"menu-item-641\" class=\"menu-item menu-item-type-post_type menu-item-object-page menu-item-privacy-policy menu-item-641\"><a href=\"https:\/\/www.shinkaifilter.com\/fr\/privacy-policy\/\">Politique de confidentialit\u00e9<\/a><\/li>\n<li id=\"menu-item-642\" class=\"menu-item menu-item-type-post_type menu-item-object-page menu-item-642\"><a href=\"https:\/\/www.shinkaifilter.com\/fr\/do-not-sell-my-personal-information\/\">Ne pas vendre mes informations personnelles<\/a><\/li>\n<\/ul><\/div>\n        <\/div>\t\t<\/div>\n\t\t\t\t<\/div>\n\t\t\t\t\t\t<\/div>\n\t\t\t\t\t<\/div>\n\t\t<\/div>\n\t\t\t\t\t\t\t\t<\/div>\n\t\t\t\t\t<\/div>\n\t\t<\/section>\n\t\t\t\t\t\t<\/div>\n\t\t\t\t\t<\/div>\n\t\t<\/div>\n\t\t\t\t\t\t\t\t<\/div>\n\t\t\t\t\t<\/div>\n\t\t<\/section>\n\t\t\t\t\t\t\t\t\t<\/div>\n\t\t\t<\/div>\n\t\t\t\t\t<\/div>\n\t\t","protected":false},"excerpt":{"rendered":"<p>Standard Terms and Conditions Termes et conditions standard &#8220;Termes et conditions standard Bienvenue sur shinkaifilter.com. Ces conditions d&#8217;utilisation s&#8217;appliquent \u00e0 ce site Web et \u00e0 son application mobile (collectivement, le \u00ab&nbsp;Site&nbsp;\u00bb). Tel qu&#8217;utilis\u00e9 dans les pr\u00e9sentes conditions d&#8217;utilisation, \u00ab&nbsp;nous&nbsp;\u00bb fait r\u00e9f\u00e9rence \u00e0 SHINKAI. Nous mettons le Site et les produits et services que nous y [&hellip;]<\/p>\n","protected":false},"author":1,"featured_media":0,"parent":0,"menu_order":0,"comment_status":"closed","ping_status":"closed","template":"elementor_header_footer","meta":[],"yoast_head":"<!-- This site is optimized with the Yoast SEO plugin v18.6 - https:\/\/yoast.com\/wordpress\/plugins\/seo\/ -->\n<title>Standard Terms and Conditions - SHINKAI<\/title>\n<meta name=\"robots\" content=\"index, follow, max-snippet:-1, max-image-preview:large, max-video-preview:-1\" \/>\n<link rel=\"canonical\" href=\"https:\/\/www.shinkaifilter.com\/fr\/standard-terms-and-conditions\/\" \/>\n<meta property=\"og:locale\" content=\"en_US\" \/>\n<meta property=\"og:type\" content=\"article\" \/>\n<meta property=\"og:title\" content=\"Standard Terms and Conditions - SHINKAI\" \/>\n<meta property=\"og:description\" content=\"Standard Terms and Conditions Termes et conditions standard &#8220;Termes et conditions standard Bienvenue sur shinkaifilter.com. Ces conditions d&#8217;utilisation s&#8217;appliquent \u00e0 ce site Web et \u00e0 son application mobile (collectivement, le \u00ab&nbsp;Site&nbsp;\u00bb). Tel qu&#8217;utilis\u00e9 dans les pr\u00e9sentes conditions d&#8217;utilisation, \u00ab&nbsp;nous&nbsp;\u00bb fait r\u00e9f\u00e9rence \u00e0 SHINKAI. Nous mettons le Site et les produits et services que nous y [&hellip;]\" \/>\n<meta property=\"og:url\" content=\"https:\/\/www.shinkaifilter.com\/fr\/standard-terms-and-conditions\/\" \/>\n<meta property=\"og:site_name\" content=\"SHINKAI\" \/>\n<meta property=\"article:modified_time\" content=\"2022-01-29T15:07:40+00:00\" \/>\n<meta name=\"twitter:card\" content=\"summary_large_image\" \/>\n<meta name=\"twitter:label1\" content=\"Est. reading time\" \/>\n\t<meta name=\"twitter:data1\" content=\"5 minutes\" \/>\n<script type=\"application\/ld+json\" class=\"yoast-schema-graph\">{\"@context\":\"https:\/\/schema.org\",\"@graph\":[{\"@type\":\"WebSite\",\"@id\":\"https:\/\/www.shinkaifilter.com\/fr\/#website\",\"url\":\"https:\/\/www.shinkaifilter.com\/fr\/\",\"name\":\"SHINKAI\",\"description\":\"Hot Gas Filtration, Gas Solid Separation Systems | Shinkai\",\"potentialAction\":[{\"@type\":\"SearchAction\",\"target\":{\"@type\":\"EntryPoint\",\"urlTemplate\":\"https:\/\/www.shinkaifilter.com\/fr\/?s={search_term_string}\"},\"query-input\":\"required name=search_term_string\"}],\"inLanguage\":\"en-US\"},{\"@type\":\"WebPage\",\"@id\":\"https:\/\/www.shinkaifilter.com\/fr\/standard-terms-and-conditions\/#webpage\",\"url\":\"https:\/\/www.shinkaifilter.com\/fr\/standard-terms-and-conditions\/\",\"name\":\"Standard Terms and Conditions - SHINKAI\",\"isPartOf\":{\"@id\":\"https:\/\/www.shinkaifilter.com\/fr\/#website\"},\"datePublished\":\"2020-09-28T05:01:30+00:00\",\"dateModified\":\"2022-01-29T15:07:40+00:00\",\"breadcrumb\":{\"@id\":\"https:\/\/www.shinkaifilter.com\/fr\/standard-terms-and-conditions\/#breadcrumb\"},\"inLanguage\":\"en-US\",\"potentialAction\":[{\"@type\":\"ReadAction\",\"target\":[\"https:\/\/www.shinkaifilter.com\/fr\/standard-terms-and-conditions\/\"]}]},{\"@type\":\"BreadcrumbList\",\"@id\":\"https:\/\/www.shinkaifilter.com\/fr\/standard-terms-and-conditions\/#breadcrumb\",\"itemListElement\":[{\"@type\":\"ListItem\",\"position\":1,\"name\":\"Home\",\"item\":\"https:\/\/www.shinkaifilter.com\/fr\/\"},{\"@type\":\"ListItem\",\"position\":2,\"name\":\"Standard Terms and Conditions\"}]}]}<\/script>\n<!-- \/ Yoast SEO plugin. -->","yoast_head_json":{"title":"Standard Terms and Conditions - SHINKAI","robots":{"index":"index","follow":"follow","max-snippet":"max-snippet:-1","max-image-preview":"max-image-preview:large","max-video-preview":"max-video-preview:-1"},"canonical":"https:\/\/www.shinkaifilter.com\/fr\/standard-terms-and-conditions\/","og_locale":"en_US","og_type":"article","og_title":"Standard Terms and Conditions - SHINKAI","og_description":"Standard Terms and Conditions Termes et conditions standard &#8220;Termes et conditions standard Bienvenue sur shinkaifilter.com. Ces conditions d&#8217;utilisation s&#8217;appliquent \u00e0 ce site Web et \u00e0 son application mobile (collectivement, le \u00ab&nbsp;Site&nbsp;\u00bb). Tel qu&#8217;utilis\u00e9 dans les pr\u00e9sentes conditions d&#8217;utilisation, \u00ab&nbsp;nous&nbsp;\u00bb fait r\u00e9f\u00e9rence \u00e0 SHINKAI. Nous mettons le Site et les produits et services que nous y [&hellip;]","og_url":"https:\/\/www.shinkaifilter.com\/fr\/standard-terms-and-conditions\/","og_site_name":"SHINKAI","article_modified_time":"2022-01-29T15:07:40+00:00","twitter_card":"summary_large_image","twitter_misc":{"Est. reading time":"5 minutes"},"schema":{"@context":"https:\/\/schema.org","@graph":[{"@type":"WebSite","@id":"https:\/\/www.shinkaifilter.com\/fr\/#website","url":"https:\/\/www.shinkaifilter.com\/fr\/","name":"SHINKAI","description":"Hot Gas Filtration, Gas Solid Separation Systems | Shinkai","potentialAction":[{"@type":"SearchAction","target":{"@type":"EntryPoint","urlTemplate":"https:\/\/www.shinkaifilter.com\/fr\/?s={search_term_string}"},"query-input":"required name=search_term_string"}],"inLanguage":"en-US"},{"@type":"WebPage","@id":"https:\/\/www.shinkaifilter.com\/fr\/standard-terms-and-conditions\/#webpage","url":"https:\/\/www.shinkaifilter.com\/fr\/standard-terms-and-conditions\/","name":"Standard Terms and Conditions - SHINKAI","isPartOf":{"@id":"https:\/\/www.shinkaifilter.com\/fr\/#website"},"datePublished":"2020-09-28T05:01:30+00:00","dateModified":"2022-01-29T15:07:40+00:00","breadcrumb":{"@id":"https:\/\/www.shinkaifilter.com\/fr\/standard-terms-and-conditions\/#breadcrumb"},"inLanguage":"en-US","potentialAction":[{"@type":"ReadAction","target":["https:\/\/www.shinkaifilter.com\/fr\/standard-terms-and-conditions\/"]}]},{"@type":"BreadcrumbList","@id":"https:\/\/www.shinkaifilter.com\/fr\/standard-terms-and-conditions\/#breadcrumb","itemListElement":[{"@type":"ListItem","position":1,"name":"Home","item":"https:\/\/www.shinkaifilter.com\/fr\/"},{"@type":"ListItem","position":2,"name":"Standard Terms and Conditions"}]}]}},"_links":{"self":[{"href":"https:\/\/www.shinkaifilter.com\/fr\/wp-json\/wp\/v2\/pages\/124"}],"collection":[{"href":"https:\/\/www.shinkaifilter.com\/fr\/wp-json\/wp\/v2\/pages"}],"about":[{"href":"https:\/\/www.shinkaifilter.com\/fr\/wp-json\/wp\/v2\/types\/page"}],"author":[{"embeddable":true,"href":"https:\/\/www.shinkaifilter.com\/fr\/wp-json\/wp\/v2\/users\/1"}],"replies":[{"embeddable":true,"href":"https:\/\/www.shinkaifilter.com\/fr\/wp-json\/wp\/v2\/comments?post=124"}],"version-history":[{"count":15,"href":"https:\/\/www.shinkaifilter.com\/fr\/wp-json\/wp\/v2\/pages\/124\/revisions"}],"predecessor-version":[{"id":2339,"href":"https:\/\/www.shinkaifilter.com\/fr\/wp-json\/wp\/v2\/pages\/124\/revisions\/2339"}],"wp:attachment":[{"href":"https:\/\/www.shinkaifilter.com\/fr\/wp-json\/wp\/v2\/media?parent=124"}],"curies":[{"name":"wp","href":"https:\/\/api.w.org\/{rel}","templated":true}]}}